{"id":9803,"date":"2025-09-26T22:22:28","date_gmt":"2025-09-26T20:22:28","guid":{"rendered":"https:\/\/laudiobhi.eus\/?page_id=9803"},"modified":"2025-09-26T22:27:46","modified_gmt":"2025-09-26T20:27:46","slug":"bat-taldea","status":"publish","type":"page","link":"https:\/\/laudiobhi.eus\/es\/bat-taldea\/","title":{"rendered":"BAT taldea"},"content":{"rendered":"<p>[et_pb_section fb_built=\u00bb1&#8243; _builder_version=\u00bb4.16&#8243; custom_margin=\u00bb0px||||false|false\u00bb custom_padding=\u00bb0px||||false|false\u00bb global_colors_info=\u00bb{}\u00bb][et_pb_row _builder_version=\u00bb4.17.4&#8243; _module_preset=\u00bbdefault\u00bb global_colors_info=\u00bb{}\u00bb][et_pb_column type=\u00bb4_4&#8243; _builder_version=\u00bb4.17.4&#8243; _module_preset=\u00bbdefault\u00bb global_colors_info=\u00bb{}\u00bb][et_pb_text _builder_version=\u00bb4.27.4&#8243; _module_preset=\u00bbdefault\u00bb text_font_size=\u00bb16px\u00bb global_colors_info=\u00bb{}\u00bb]<\/p>\n<h4><b><img loading=\"lazy\" decoding=\"async\" class=\"wp-image-9816 alignnone \" src=\"https:\/\/laudiobhi.eus\/wp-content\/uploads\/2025\/09\/BAT-300x225.png\" alt=\"\" width=\"177\" height=\"133\" srcset=\"https:\/\/laudiobhi.eus\/wp-content\/uploads\/2025\/09\/BAT-300x225.png 300w, https:\/\/laudiobhi.eus\/wp-content\/uploads\/2025\/09\/BAT.png 400w\" sizes=\"(max-width: 177px) 100vw, 177px\" \/><\/b><\/h4>\n<p><\/p>\n<p><span style=\"font-weight: 400;\"><span style=\"color: #3366ff;\"><strong>BAT<\/strong><\/span> es un grupo que trabaja a favor de la convivencia. Nuestro objetivo es poner el bienestar de los alumnos\/as en el centro, adapt\u00e1ndonos a la realidad de cada uno\/a. Si quieres hacernos llegar informaci\u00f3n sobre algo que puede ayudar en esto (algo referente a ti, a un compa\u00f1ero\/a de clase, a tu hijo\/a\u2026), puedes utilizar el formulario que tienes aqu\u00ed.<\/span><\/p>\n<p>[\/et_pb_text][\/et_pb_column][\/et_pb_row][et_pb_row _builder_version=\u00bb4.27.4&#8243; _module_preset=\u00bbdefault\u00bb global_colors_info=\u00bb{}\u00bb][et_pb_column type=\u00bb4_4&#8243; _builder_version=\u00bb4.27.4&#8243; _module_preset=\u00bbdefault\u00bb global_colors_info=\u00bb{}\u00bb][et_pb_text _builder_version=\u00bb4.27.4&#8243; _module_preset=\u00bbdefault\u00bb text_font_size=\u00bb18px\u00bb text_line_height=\u00bb1.5em\u00bb global_colors_info=\u00bb{}\u00bb]<\/p>\n<p><strong>*Todo lo que escribas aqu\u00ed ser\u00e1 confidencial y solo lo recibir\u00e1 una \u00fanica persona.\u00a0<\/strong><br \/>\n<br \/><strong>**Ten en cuenta que para poder gestionar con eficacia la informaci\u00f3n facilitada el\u00a0 email indicado deber\u00e1 ser correcto.<\/strong><\/p>\n<p>[\/et_pb_text][et_pb_contact_form use_spam_service=\u00bbon\u00bb recaptcha_list=\u00bbwebmaster@elkarmediacom|webmaster@elkarmediacom-0&#8243; email=\u00bbir_aritzatot@laudiobhi.eus\u00bb title=\u00bb  \u00bb custom_message=\u00bbRemiten la siguiente informaci\u00f3n:||et_pb_line_break_holder||||et_pb_line_break_holder||Izena: %%Name%%||et_pb_line_break_holder||||et_pb_line_break_holder||Abizena: %%Email%%||et_pb_line_break_holder||||et_pb_line_break_holder||Mezua: %%Message%%\u00bb success_message=\u00bbHemos recibido tu mensaje\u00bb submit_button_text=\u00bbEnviar\u00bb _builder_version=\u00bb4.27.4&#8243; _unique_id=\u00bbf395e5f4-4c05-4ac5-b152-4f2722159ff1&#8243; form_field_background_color=\u00bb#f4f4f4&#8243; title_level=\u00bbh3&#8243; title_font_size=\u00bb16px\u00bb background_enable_color=\u00bboff\u00bb custom_button=\u00bbon\u00bb button_text_color=\u00bb#FFFFFF\u00bb button_bg_color=\u00bb#252850&#8243; border_color_all=\u00bb#223c42&#8243; border_style_all=\u00bbdashed\u00bb global_colors_info=\u00bb{}\u00bb][et_pb_contact_field field_id=\u00bbName\u00bb field_title=\u00bbNombre\u00bb _builder_version=\u00bb4.17.4&#8243; global_colors_info=\u00bb{}\u00bb button_text_size__hover_enabled=\u00bboff\u00bb button_one_text_size__hover_enabled=\u00bboff\u00bb button_two_text_size__hover_enabled=\u00bboff\u00bb button_text_color__hover_enabled=\u00bboff\u00bb button_one_text_color__hover_enabled=\u00bboff\u00bb button_two_text_color__hover_enabled=\u00bboff\u00bb button_border_width__hover_enabled=\u00bboff\u00bb button_one_border_width__hover_enabled=\u00bboff\u00bb button_two_border_width__hover_enabled=\u00bboff\u00bb button_border_color__hover_enabled=\u00bboff\u00bb button_one_border_color__hover_enabled=\u00bboff\u00bb button_two_border_color__hover_enabled=\u00bboff\u00bb button_border_radius__hover_enabled=\u00bboff\u00bb button_one_border_radius__hover_enabled=\u00bboff\u00bb button_two_border_radius__hover_enabled=\u00bboff\u00bb button_letter_spacing__hover_enabled=\u00bboff\u00bb button_one_letter_spacing__hover_enabled=\u00bboff\u00bb button_two_letter_spacing__hover_enabled=\u00bboff\u00bb button_bg_color__hover_enabled=\u00bboff\u00bb button_one_bg_color__hover_enabled=\u00bboff\u00bb button_two_bg_color__hover_enabled=\u00bboff\u00bb][\/et_pb_contact_field][et_pb_contact_field field_id=\u00bbEmail\u00bb field_title=\u00bbemail\u00bb field_type=\u00bbemail\u00bb _builder_version=\u00bb4.17.4&#8243; global_colors_info=\u00bb{}\u00bb button_text_size__hover_enabled=\u00bboff\u00bb button_one_text_size__hover_enabled=\u00bboff\u00bb button_two_text_size__hover_enabled=\u00bboff\u00bb button_text_color__hover_enabled=\u00bboff\u00bb button_one_text_color__hover_enabled=\u00bboff\u00bb button_two_text_color__hover_enabled=\u00bboff\u00bb button_border_width__hover_enabled=\u00bboff\u00bb button_one_border_width__hover_enabled=\u00bboff\u00bb button_two_border_width__hover_enabled=\u00bboff\u00bb button_border_color__hover_enabled=\u00bboff\u00bb button_one_border_color__hover_enabled=\u00bboff\u00bb button_two_border_color__hover_enabled=\u00bboff\u00bb button_border_radius__hover_enabled=\u00bboff\u00bb button_one_border_radius__hover_enabled=\u00bboff\u00bb button_two_border_radius__hover_enabled=\u00bboff\u00bb button_letter_spacing__hover_enabled=\u00bboff\u00bb button_one_letter_spacing__hover_enabled=\u00bboff\u00bb button_two_letter_spacing__hover_enabled=\u00bboff\u00bb button_bg_color__hover_enabled=\u00bboff\u00bb button_one_bg_color__hover_enabled=\u00bboff\u00bb button_two_bg_color__hover_enabled=\u00bboff\u00bb][\/et_pb_contact_field][et_pb_contact_field field_id=\u00bbMessage\u00bb field_title=\u00bbMensaje\u00bb field_type=\u00bbtext\u00bb fullwidth_field=\u00bbon\u00bb _builder_version=\u00bb4.17.4&#8243; global_colors_info=\u00bb{}\u00bb button_text_size__hover_enabled=\u00bboff\u00bb button_one_text_size__hover_enabled=\u00bboff\u00bb button_two_text_size__hover_enabled=\u00bboff\u00bb button_text_color__hover_enabled=\u00bboff\u00bb button_one_text_color__hover_enabled=\u00bboff\u00bb button_two_text_color__hover_enabled=\u00bboff\u00bb button_border_width__hover_enabled=\u00bboff\u00bb button_one_border_width__hover_enabled=\u00bboff\u00bb button_two_border_width__hover_enabled=\u00bboff\u00bb button_border_color__hover_enabled=\u00bboff\u00bb button_one_border_color__hover_enabled=\u00bboff\u00bb button_two_border_color__hover_enabled=\u00bboff\u00bb button_border_radius__hover_enabled=\u00bboff\u00bb button_one_border_radius__hover_enabled=\u00bboff\u00bb button_two_border_radius__hover_enabled=\u00bboff\u00bb button_letter_spacing__hover_enabled=\u00bboff\u00bb button_one_letter_spacing__hover_enabled=\u00bboff\u00bb button_two_letter_spacing__hover_enabled=\u00bboff\u00bb button_bg_color__hover_enabled=\u00bboff\u00bb button_one_bg_color__hover_enabled=\u00bboff\u00bb button_two_bg_color__hover_enabled=\u00bboff\u00bb][\/et_pb_contact_field][\/et_pb_contact_form][\/et_pb_column][\/et_pb_row][\/et_pb_section]<\/p>\n","protected":false},"excerpt":{"rendered":"<p>BAT es un grupo que trabaja a favor de la convivencia. Nuestro objetivo es poner el bienestar de los alumnos\/as en el centro, adapt\u00e1ndonos a la realidad de cada uno\/a. Si quieres hacernos llegar informaci\u00f3n sobre algo que puede ayudar en esto (algo referente a ti, a un compa\u00f1ero\/a de clase, a tu hijo\/a\u2026), puedes [&hellip;]<\/p>\n","protected":false},"author":2,"featured_media":0,"parent":0,"menu_order":0,"comment_status":"closed","ping_status":"closed","template":"","meta":{"_et_pb_use_builder":"on","_et_pb_old_content":"","_et_gb_content_width":"","_mc_calendar":[],"footnotes":""},"class_list":["post-9803","page","type-page","status-publish","hentry"],"yoast_head":"<!-- This site is optimized with the Yoast SEO plugin v27.1.1 - https:\/\/yoast.com\/product\/yoast-seo-wordpress\/ -->\n<title>BAT taldea | laudioinstitutua<\/title>\n<meta name=\"robots\" content=\"index, follow, max-snippet:-1, max-image-preview:large, max-video-preview:-1\" \/>\n<link rel=\"canonical\" href=\"https:\/\/laudiobhi.eus\/es\/bat-taldea\/\" \/>\n<meta property=\"og:locale\" content=\"es_ES\" \/>\n<meta property=\"og:type\" content=\"article\" \/>\n<meta property=\"og:title\" content=\"BAT taldea | laudioinstitutua\" \/>\n<meta property=\"og:description\" content=\"BAT es un grupo que trabaja a favor de la convivencia. Nuestro objetivo es poner el bienestar de los alumnos\/as en el centro, adapt\u00e1ndonos a la realidad de cada uno\/a. Si quieres hacernos llegar informaci\u00f3n sobre algo que puede ayudar en esto (algo referente a ti, a un compa\u00f1ero\/a de clase, a tu hijo\/a\u2026), puedes [&hellip;]\" \/>\n<meta property=\"og:url\" content=\"https:\/\/laudiobhi.eus\/es\/bat-taldea\/\" \/>\n<meta property=\"og:site_name\" content=\"laudioinstitutua\" \/>\n<meta property=\"article:modified_time\" content=\"2025-09-26T20:27:46+00:00\" \/>\n<meta property=\"og:image\" content=\"https:\/\/laudiobhi.eus\/wp-content\/uploads\/2025\/09\/BAT.png\" \/>\n\t<meta property=\"og:image:width\" content=\"400\" \/>\n\t<meta property=\"og:image:height\" content=\"300\" \/>\n\t<meta property=\"og:image:type\" content=\"image\/png\" \/>\n<meta name=\"twitter:card\" content=\"summary_large_image\" \/>\n<meta name=\"twitter:label1\" content=\"Tiempo de lectura\" \/>\n\t<meta name=\"twitter:data1\" content=\"4 minutos\" \/>\n<script type=\"application\/ld+json\" class=\"yoast-schema-graph\">{\"@context\":\"https:\/\/schema.org\",\"@graph\":[{\"@type\":\"WebPage\",\"@id\":\"https:\/\/laudiobhi.eus\/es\/bat-taldea\/\",\"url\":\"https:\/\/laudiobhi.eus\/es\/bat-taldea\/\",\"name\":\"BAT taldea | laudioinstitutua\",\"isPartOf\":{\"@id\":\"https:\/\/laudiobhi.eus\/es\/#website\"},\"primaryImageOfPage\":{\"@id\":\"https:\/\/laudiobhi.eus\/es\/bat-taldea\/#primaryimage\"},\"image\":{\"@id\":\"https:\/\/laudiobhi.eus\/es\/bat-taldea\/#primaryimage\"},\"thumbnailUrl\":\"https:\/\/laudiobhi.eus\/wp-content\/uploads\/2025\/09\/BAT-300x225.png\",\"datePublished\":\"2025-09-26T20:22:28+00:00\",\"dateModified\":\"2025-09-26T20:27:46+00:00\",\"breadcrumb\":{\"@id\":\"https:\/\/laudiobhi.eus\/es\/bat-taldea\/#breadcrumb\"},\"inLanguage\":\"es\",\"potentialAction\":[{\"@type\":\"ReadAction\",\"target\":[\"https:\/\/laudiobhi.eus\/es\/bat-taldea\/\"]}]},{\"@type\":\"ImageObject\",\"inLanguage\":\"es\",\"@id\":\"https:\/\/laudiobhi.eus\/es\/bat-taldea\/#primaryimage\",\"url\":\"https:\/\/laudiobhi.eus\/wp-content\/uploads\/2025\/09\/BAT-300x225.png\",\"contentUrl\":\"https:\/\/laudiobhi.eus\/wp-content\/uploads\/2025\/09\/BAT-300x225.png\"},{\"@type\":\"BreadcrumbList\",\"@id\":\"https:\/\/laudiobhi.eus\/es\/bat-taldea\/#breadcrumb\",\"itemListElement\":[{\"@type\":\"ListItem\",\"position\":1,\"name\":\"Home\",\"item\":\"https:\/\/laudiobhi.eus\/es\/\"},{\"@type\":\"ListItem\",\"position\":2,\"name\":\"BAT taldea\"}]},{\"@type\":\"WebSite\",\"@id\":\"https:\/\/laudiobhi.eus\/es\/#website\",\"url\":\"https:\/\/laudiobhi.eus\/es\/\",\"name\":\"laudioinstitutua\",\"description\":\"IES LAUDIO BHI \u00b7 Institutua\",\"potentialAction\":[{\"@type\":\"SearchAction\",\"target\":{\"@type\":\"EntryPoint\",\"urlTemplate\":\"https:\/\/laudiobhi.eus\/es\/?s={search_term_string}\"},\"query-input\":{\"@type\":\"PropertyValueSpecification\",\"valueRequired\":true,\"valueName\":\"search_term_string\"}}],\"inLanguage\":\"es\"}]}<\/script>\n<!-- \/ Yoast SEO plugin. -->","yoast_head_json":{"title":"BAT taldea | laudioinstitutua","robots":{"index":"index","follow":"follow","max-snippet":"max-snippet:-1","max-image-preview":"max-image-preview:large","max-video-preview":"max-video-preview:-1"},"canonical":"https:\/\/laudiobhi.eus\/es\/bat-taldea\/","og_locale":"es_ES","og_type":"article","og_title":"BAT taldea | laudioinstitutua","og_description":"BAT es un grupo que trabaja a favor de la convivencia. Nuestro objetivo es poner el bienestar de los alumnos\/as en el centro, adapt\u00e1ndonos a la realidad de cada uno\/a. Si quieres hacernos llegar informaci\u00f3n sobre algo que puede ayudar en esto (algo referente a ti, a un compa\u00f1ero\/a de clase, a tu hijo\/a\u2026), puedes [&hellip;]","og_url":"https:\/\/laudiobhi.eus\/es\/bat-taldea\/","og_site_name":"laudioinstitutua","article_modified_time":"2025-09-26T20:27:46+00:00","og_image":[{"width":400,"height":300,"url":"https:\/\/laudiobhi.eus\/wp-content\/uploads\/2025\/09\/BAT.png","type":"image\/png"}],"twitter_card":"summary_large_image","twitter_misc":{"Tiempo de lectura":"4 minutos"},"schema":{"@context":"https:\/\/schema.org","@graph":[{"@type":"WebPage","@id":"https:\/\/laudiobhi.eus\/es\/bat-taldea\/","url":"https:\/\/laudiobhi.eus\/es\/bat-taldea\/","name":"BAT taldea | laudioinstitutua","isPartOf":{"@id":"https:\/\/laudiobhi.eus\/es\/#website"},"primaryImageOfPage":{"@id":"https:\/\/laudiobhi.eus\/es\/bat-taldea\/#primaryimage"},"image":{"@id":"https:\/\/laudiobhi.eus\/es\/bat-taldea\/#primaryimage"},"thumbnailUrl":"https:\/\/laudiobhi.eus\/wp-content\/uploads\/2025\/09\/BAT-300x225.png","datePublished":"2025-09-26T20:22:28+00:00","dateModified":"2025-09-26T20:27:46+00:00","breadcrumb":{"@id":"https:\/\/laudiobhi.eus\/es\/bat-taldea\/#breadcrumb"},"inLanguage":"es","potentialAction":[{"@type":"ReadAction","target":["https:\/\/laudiobhi.eus\/es\/bat-taldea\/"]}]},{"@type":"ImageObject","inLanguage":"es","@id":"https:\/\/laudiobhi.eus\/es\/bat-taldea\/#primaryimage","url":"https:\/\/laudiobhi.eus\/wp-content\/uploads\/2025\/09\/BAT-300x225.png","contentUrl":"https:\/\/laudiobhi.eus\/wp-content\/uploads\/2025\/09\/BAT-300x225.png"},{"@type":"BreadcrumbList","@id":"https:\/\/laudiobhi.eus\/es\/bat-taldea\/#breadcrumb","itemListElement":[{"@type":"ListItem","position":1,"name":"Home","item":"https:\/\/laudiobhi.eus\/es\/"},{"@type":"ListItem","position":2,"name":"BAT taldea"}]},{"@type":"WebSite","@id":"https:\/\/laudiobhi.eus\/es\/#website","url":"https:\/\/laudiobhi.eus\/es\/","name":"laudioinstitutua","description":"IES LAUDIO BHI \u00b7 Institutua","potentialAction":[{"@type":"SearchAction","target":{"@type":"EntryPoint","urlTemplate":"https:\/\/laudiobhi.eus\/es\/?s={search_term_string}"},"query-input":{"@type":"PropertyValueSpecification","valueRequired":true,"valueName":"search_term_string"}}],"inLanguage":"es"}]}},"_links":{"self":[{"href":"https:\/\/laudiobhi.eus\/es\/wp-json\/wp\/v2\/pages\/9803","targetHints":{"allow":["GET"]}}],"collection":[{"href":"https:\/\/laudiobhi.eus\/es\/wp-json\/wp\/v2\/pages"}],"about":[{"href":"https:\/\/laudiobhi.eus\/es\/wp-json\/wp\/v2\/types\/page"}],"author":[{"embeddable":true,"href":"https:\/\/laudiobhi.eus\/es\/wp-json\/wp\/v2\/users\/2"}],"replies":[{"embeddable":true,"href":"https:\/\/laudiobhi.eus\/es\/wp-json\/wp\/v2\/comments?post=9803"}],"version-history":[{"count":15,"href":"https:\/\/laudiobhi.eus\/es\/wp-json\/wp\/v2\/pages\/9803\/revisions"}],"predecessor-version":[{"id":9878,"href":"https:\/\/laudiobhi.eus\/es\/wp-json\/wp\/v2\/pages\/9803\/revisions\/9878"}],"wp:attachment":[{"href":"https:\/\/laudiobhi.eus\/es\/wp-json\/wp\/v2\/media?parent=9803"}],"curies":[{"name":"wp","href":"https:\/\/api.w.org\/{rel}","templated":true}]}}