{"id":6397,"date":"2024-03-21T17:32:40","date_gmt":"2024-03-21T16:32:40","guid":{"rendered":"https:\/\/laudiobhi.eus\/filosofia-olinpiada\/"},"modified":"2024-03-23T12:03:52","modified_gmt":"2024-03-23T11:03:52","slug":"filosofia-olinpiada","status":"publish","type":"page","link":"https:\/\/laudiobhi.eus\/es\/filosofia-olinpiada\/","title":{"rendered":"Olimpiada Filos\u00f3fica"},"content":{"rendered":"<p>[et_pb_section fb_built=\u00bb1&#8243; make_equal=\u00bbon\u00bb use_custom_gutter=\u00bbon\u00bb gutter_width=\u00bb2&#8243; specialty=\u00bbon\u00bb use_background_color_gradient_2=\u00bbon\u00bb background_color_gradient_stops_2=\u00bbrgba(255,255,255,0) 0%|rgba(0,0,0,0.3) 100%\u00bb background_color_gradient_overlays_image_2=\u00bbon\u00bb padding_top_2=\u00bb150px\u00bb padding_top_bottom_link_2=\u00bbfalse\u00bb padding_left_right_link_2=\u00bbfalse\u00bb custom_css_main_2=\u00bbborder-radius: 20px\u00bb admin_label=\u00bbHeader\u00bb _builder_version=\u00bb4.24.2&#8243; _module_preset=\u00bbdefault\u00bb background_color=\u00bbgcid-1ceede91-71be-464b-930c-ee204c722893&#8243; hover_enabled=\u00bb0&#8243; collapsed=\u00bboff\u00bb global_colors_info=\u00bb{%22gcid-1ceede91-71be-464b-930c-ee204c722893%22:%91%22background_color%22%93}\u00bb sticky_enabled=\u00bb0&#8243;][et_pb_column type=\u00bb1_2&#8243; specialty_columns=\u00bb2&#8243; _builder_version=\u00bb4.16&#8243; _module_preset=\u00bbdefault\u00bb custom_padding=\u00bb|||\u00bb global_colors_info=\u00bb{}\u00bb custom_padding__hover=\u00bb|||\u00bb][et_pb_row_inner custom_padding_last_edited=\u00bbon|desktop\u00bb _builder_version=\u00bb4.22.0&#8243; _module_preset=\u00bbdefault\u00bb background_color=\u00bbgcid-de749df5-82d7-4bad-ba2b-a56855f698d2&#8243; custom_padding=\u00bb40px|40px|40px|40px|true|true\u00bb custom_padding_tablet=\u00bb30px|30px|30px|30px|true|true\u00bb custom_padding_phone=\u00bb20px|20px|20px|20px|true|true\u00bb hover_enabled=\u00bb0&#8243; border_radii=\u00bbon|20px|20px|20px|20px\u00bb global_colors_info=\u00bb{%22gcid-de749df5-82d7-4bad-ba2b-a56855f698d2%22:%91%22background_color%22%93}\u00bb sticky_enabled=\u00bb0&#8243;][et_pb_column_inner saved_specialty_column_type=\u00bb1_2&#8243; _builder_version=\u00bb4.22.0&#8243; _module_preset=\u00bbdefault\u00bb global_colors_info=\u00bb{}\u00bb][et_pb_text _builder_version=\u00bb4.24.2&#8243; _module_preset=\u00bb3e109565-143e-459c-a683-eb316ed8a66b\u00bb custom_margin=\u00bb||10px||false|false\u00bb global_colors_info=\u00bb{}\u00bb]<\/p>\n<h1>Los alumnos\/as de Laudio BHI en la Olimpiada Filos\u00f3fica<\/h1>\n<p>[\/et_pb_text][et_pb_text _builder_version=\u00bb4.24.2&#8243; _module_preset=\u00bb94376457-b2d9-4d8e-9066-7bda5040ceeb\u00bb global_colors_info=\u00bb{}\u00bb]<\/p>\n<p>Los alumnos\/as del Laudio BHI han resultado ganadores en todas las modalidades en las que han participado en el VI Campeonato de Euskadi de la Olimpiada Filos\u00f3fica celebrado el pasado 15 de marzo en Armeria Eskola de Eibar.\u00a0<\/p>\n<p>&nbsp;<\/p>\n<p>&nbsp;<\/p>\n<p>[\/et_pb_text][et_pb_blurb _builder_version=\u00bb4.24.2&#8243; _module_preset=\u00bbdefault\u00bb background_color=\u00bb#d9d9d9&#8243; custom_padding=\u00bb4px|4px|4px|10px|false|false\u00bb border_radii=\u00bbon|5px|5px|5px|5px\u00bb box_shadow_style=\u00bbpreset4&#8243; box_shadow_blur=\u00bb3px\u00bb global_colors_info=\u00bb{}\u00bb]<\/p>\n<p><strong>Aizpea Azumendi<\/strong>, de 1.Batx, ha ganado en dos modalidades, tanto en Fotograf\u00eda como en Disertaci\u00f3n, y adem\u00e1s tambi\u00e9n ha ganado un Premio Laratz.<\/p>\n<p>[\/et_pb_blurb][et_pb_image src=\u00bbhttps:\/\/laudiobhi.eus\/wp-content\/uploads\/2024\/03\/06744dd7-73b2-48bb-b5bb-1ace5730083b.jpeg\u00bb title_text=\u00bb06744dd7-73b2-48bb-b5bb-1ace5730083b\u00bb show_in_lightbox=\u00bbon\u00bb _builder_version=\u00bb4.24.2&#8243; _module_preset=\u00bbdefault\u00bb box_shadow_style=\u00bbpreset1&#8243; box_shadow_spread=\u00bb1px\u00bb global_colors_info=\u00bb{}\u00bb][\/et_pb_image][\/et_pb_column_inner][\/et_pb_row_inner][\/et_pb_column][et_pb_column type=\u00bb1_2&#8243; _builder_version=\u00bb4.16&#8243; _module_preset=\u00bbdefault\u00bb custom_padding=\u00bb|||\u00bb global_colors_info=\u00bb{}\u00bb custom_padding__hover=\u00bb|||\u00bb][et_pb_blurb _builder_version=\u00bb4.24.2&#8243; _module_preset=\u00bbdefault\u00bb background_enable_image=\u00bboff\u00bb hover_enabled=\u00bb0&#8243; global_colors_info=\u00bb{}\u00bb title_text=\u00bbFilo_olin_2&#8243; image=\u00bbhttps:\/\/laudiobhi.eus\/wp-content\/uploads\/2024\/03\/Filo_olin_2.png\u00bb sticky_enabled=\u00bb0&#8243;][\/et_pb_blurb][\/et_pb_column][\/et_pb_section][et_pb_section fb_built=\u00bb1&#8243; admin_label=\u00bbARGAZKIAK\u00bb _builder_version=\u00bb4.22.0&#8243; _module_preset=\u00bbdefault\u00bb background_color=\u00bbgcid-1ceede91-71be-464b-930c-ee204c722893&#8243; collapsed=\u00bboff\u00bb global_colors_info=\u00bb{%22gcid-1ceede91-71be-464b-930c-ee204c722893%22:%91%22background_color%22%93}\u00bb][et_pb_row column_structure=\u00bb1_3,1_3,1_3&#8243; _builder_version=\u00bb4.24.2&#8243; _module_preset=\u00bbdefault\u00bb global_colors_info=\u00bb{}\u00bb][et_pb_column type=\u00bb1_3&#8243; _builder_version=\u00bb4.24.2&#8243; _module_preset=\u00bbdefault\u00bb global_colors_info=\u00bb{}\u00bb][et_pb_blurb _builder_version=\u00bb4.24.2&#8243; _module_preset=\u00bbdefault\u00bb background_color=\u00bb#d9d9d9&#8243; custom_padding=\u00bb4px|4px|4px|10px|false|false\u00bb border_radii=\u00bbon|5px|5px|5px|5px\u00bb global_colors_info=\u00bb{}\u00bb]<\/p>\n<p><strong>Martin Larizgoitia<\/strong>, de DBH.2, ha obtenido el 1er puesto de Dibujo Filos\u00f3fico y el premio Laratz que concede la UEU a la mejor presentaciones en euskera.<\/p>\n<p>[\/et_pb_blurb][et_pb_image src=\u00bbhttps:\/\/laudiobhi.eus\/wp-content\/uploads\/2024\/03\/7425d27c-5e8d-429c-aeaa-8cd7f9cac994.jpeg\u00bb title_text=\u00bb7425d27c-5e8d-429c-aeaa-8cd7f9cac994&#8243; show_in_lightbox=\u00bbon\u00bb _builder_version=\u00bb4.24.2&#8243; _module_preset=\u00bbdefault\u00bb box_shadow_style=\u00bbpreset1&#8243; box_shadow_spread=\u00bb1px\u00bb global_colors_info=\u00bb{}\u00bb][\/et_pb_image][\/et_pb_column][et_pb_column type=\u00bb1_3&#8243; _builder_version=\u00bb4.24.2&#8243; _module_preset=\u00bbdefault\u00bb global_colors_info=\u00bb{}\u00bb][et_pb_image src=\u00bbhttps:\/\/laudiobhi.eus\/wp-content\/uploads\/2024\/03\/c058b57a-aca2-4390-82c9-f4b0a8de3a50.jpeg\u00bb title_text=\u00bbc058b57a-aca2-4390-82c9-f4b0a8de3a50&#8243; show_in_lightbox=\u00bbon\u00bb _builder_version=\u00bb4.24.2&#8243; _module_preset=\u00bbdefault\u00bb box_shadow_style=\u00bbpreset1&#8243; box_shadow_spread=\u00bb1px\u00bb global_colors_info=\u00bb{}\u00bb][\/et_pb_image][et_pb_blurb _builder_version=\u00bb4.24.2&#8243; _module_preset=\u00bbdefault\u00bb background_color=\u00bb#d9d9d9&#8243; custom_padding=\u00bb4px|4px|4px|10px|false|false\u00bb border_radii=\u00bbon|5px|5px|5px|5px\u00bb global_colors_info=\u00bb{}\u00bb]<\/p>\n<p>Adem\u00e1s han entrado en las finales otras alumnas: en Fotograf\u00eda<strong> Luna Hageneier<\/strong>, en Dilema Moral <strong>Iraia Navarro<\/strong> y <strong>Patience Idemudia.<\/strong><\/p>\n<p>[\/et_pb_blurb][et_pb_image src=\u00bbhttps:\/\/laudiobhi.eus\/wp-content\/uploads\/2024\/03\/663c1082-8fc8-412c-aede-2ffce6b7f9b9.jpeg\u00bb title_text=\u00bb663c1082-8fc8-412c-aede-2ffce6b7f9b9&#8243; show_in_lightbox=\u00bbon\u00bb _builder_version=\u00bb4.24.2&#8243; _module_preset=\u00bbdefault\u00bb box_shadow_style=\u00bbpreset1&#8243; box_shadow_spread=\u00bb1px\u00bb global_colors_info=\u00bb{}\u00bb][\/et_pb_image][\/et_pb_column][et_pb_column type=\u00bb1_3&#8243; _builder_version=\u00bb4.24.2&#8243; _module_preset=\u00bbdefault\u00bb global_colors_info=\u00bb{}\u00bb][et_pb_blurb _builder_version=\u00bb4.24.2&#8243; _module_preset=\u00bbdefault\u00bb background_color=\u00bb#d9d9d9&#8243; custom_padding=\u00bb4px|4px|4px|10px|false|false\u00bb border_radii=\u00bbon|5px|5px|5px|5px\u00bb global_colors_info=\u00bb{}\u00bb]<\/p>\n<p><strong>Ekain Aretxaga<\/strong>, de Batxi.2, logra el Premio Laratz y el 2\u00ba puesto en la modalidad de Disertaci\u00f3n.<\/p>\n<p>[\/et_pb_blurb][et_pb_image src=\u00bbhttps:\/\/laudiobhi.eus\/wp-content\/uploads\/2024\/03\/3870f81f-af5c-47f5-8b33-a3a15ce45950.jpeg\u00bb title_text=\u00bb3870f81f-af5c-47f5-8b33-a3a15ce45950&#8243; show_in_lightbox=\u00bbon\u00bb _builder_version=\u00bb4.24.2&#8243; _module_preset=\u00bbdefault\u00bb box_shadow_style=\u00bbpreset1&#8243; box_shadow_spread=\u00bb1px\u00bb global_colors_info=\u00bb{}\u00bb][\/et_pb_image][et_pb_blurb _builder_version=\u00bb4.24.2&#8243; _module_preset=\u00bbdefault\u00bb background_color=\u00bb#d9d9d9&#8243; custom_padding=\u00bb4px|4px|4px|10px|false|false\u00bb border_radii=\u00bbon|5px|5px|5px|5px\u00bb global_colors_info=\u00bb{}\u00bb]<\/p>\n<p>En el Dilema Moral, <strong>Andere Ram\u00edrez<\/strong>, de DBH.4, adem\u00e1s de ganadora, consigue otro Premio Laratz.<\/p>\n<p>[\/et_pb_blurb][\/et_pb_column][\/et_pb_row][\/et_pb_section]<\/p>\n","protected":false},"excerpt":{"rendered":"<p>Los alumnos\/as de Laudio BHI en la Olimpiada Filos\u00f3ficaLos alumnos\/as del Laudio BHI han resultado ganadores en todas las modalidades en las que han participado en el VI Campeonato de Euskadi de la Olimpiada Filos\u00f3fica celebrado el pasado 15 de marzo en Armeria Eskola de Eibar.\u00a0 &nbsp; &nbsp;Aizpea Azumendi, de 1.Batx, ha ganado en dos [&hellip;]<\/p>\n","protected":false},"author":2,"featured_media":0,"parent":0,"menu_order":0,"comment_status":"closed","ping_status":"closed","template":"","meta":{"_et_pb_use_builder":"on","_et_pb_old_content":"","_et_gb_content_width":"","_mc_calendar":[],"footnotes":""},"class_list":["post-6397","page","type-page","status-publish","hentry"],"yoast_head":"<!-- This site is optimized with the Yoast SEO plugin v27.1.1 - https:\/\/yoast.com\/product\/yoast-seo-wordpress\/ -->\n<title>Olimpiada Filos\u00f3fica | laudioinstitutua<\/title>\n<meta name=\"robots\" content=\"index, follow, max-snippet:-1, max-image-preview:large, max-video-preview:-1\" \/>\n<link rel=\"canonical\" href=\"https:\/\/laudiobhi.eus\/es\/filosofia-olinpiada\/\" \/>\n<meta property=\"og:locale\" content=\"es_ES\" \/>\n<meta property=\"og:type\" content=\"article\" \/>\n<meta property=\"og:title\" content=\"Olimpiada Filos\u00f3fica | laudioinstitutua\" \/>\n<meta property=\"og:description\" content=\"Los alumnos\/as de Laudio BHI en la Olimpiada Filos\u00f3ficaLos alumnos\/as del Laudio BHI han resultado ganadores en todas las modalidades en las que han participado en el VI Campeonato de Euskadi de la Olimpiada Filos\u00f3fica celebrado el pasado 15 de marzo en Armeria Eskola de Eibar.\u00a0 &nbsp; &nbsp;Aizpea Azumendi, de 1.Batx, ha ganado en dos [&hellip;]\" \/>\n<meta property=\"og:url\" content=\"https:\/\/laudiobhi.eus\/es\/filosofia-olinpiada\/\" \/>\n<meta property=\"og:site_name\" content=\"laudioinstitutua\" \/>\n<meta property=\"article:modified_time\" content=\"2024-03-23T11:03:52+00:00\" \/>\n<meta name=\"twitter:card\" content=\"summary_large_image\" \/>\n<meta name=\"twitter:label1\" content=\"Tiempo de lectura\" \/>\n\t<meta name=\"twitter:data1\" content=\"2 minutos\" \/>\n<script type=\"application\/ld+json\" class=\"yoast-schema-graph\">{\"@context\":\"https:\/\/schema.org\",\"@graph\":[{\"@type\":\"WebPage\",\"@id\":\"https:\/\/laudiobhi.eus\/es\/filosofia-olinpiada\/\",\"url\":\"https:\/\/laudiobhi.eus\/es\/filosofia-olinpiada\/\",\"name\":\"Olimpiada Filos\u00f3fica | laudioinstitutua\",\"isPartOf\":{\"@id\":\"https:\/\/laudiobhi.eus\/es\/#website\"},\"datePublished\":\"2024-03-21T16:32:40+00:00\",\"dateModified\":\"2024-03-23T11:03:52+00:00\",\"breadcrumb\":{\"@id\":\"https:\/\/laudiobhi.eus\/es\/filosofia-olinpiada\/#breadcrumb\"},\"inLanguage\":\"es\",\"potentialAction\":[{\"@type\":\"ReadAction\",\"target\":[\"https:\/\/laudiobhi.eus\/es\/filosofia-olinpiada\/\"]}]},{\"@type\":\"BreadcrumbList\",\"@id\":\"https:\/\/laudiobhi.eus\/es\/filosofia-olinpiada\/#breadcrumb\",\"itemListElement\":[{\"@type\":\"ListItem\",\"position\":1,\"name\":\"Home\",\"item\":\"https:\/\/laudiobhi.eus\/es\/\"},{\"@type\":\"ListItem\",\"position\":2,\"name\":\"Olimpiada Filos\u00f3fica\"}]},{\"@type\":\"WebSite\",\"@id\":\"https:\/\/laudiobhi.eus\/es\/#website\",\"url\":\"https:\/\/laudiobhi.eus\/es\/\",\"name\":\"laudioinstitutua\",\"description\":\"IES LAUDIO BHI \u00b7 Institutua\",\"potentialAction\":[{\"@type\":\"SearchAction\",\"target\":{\"@type\":\"EntryPoint\",\"urlTemplate\":\"https:\/\/laudiobhi.eus\/es\/?s={search_term_string}\"},\"query-input\":{\"@type\":\"PropertyValueSpecification\",\"valueRequired\":true,\"valueName\":\"search_term_string\"}}],\"inLanguage\":\"es\"}]}<\/script>\n<!-- \/ Yoast SEO plugin. -->","yoast_head_json":{"title":"Olimpiada Filos\u00f3fica | laudioinstitutua","robots":{"index":"index","follow":"follow","max-snippet":"max-snippet:-1","max-image-preview":"max-image-preview:large","max-video-preview":"max-video-preview:-1"},"canonical":"https:\/\/laudiobhi.eus\/es\/filosofia-olinpiada\/","og_locale":"es_ES","og_type":"article","og_title":"Olimpiada Filos\u00f3fica | laudioinstitutua","og_description":"Los alumnos\/as de Laudio BHI en la Olimpiada Filos\u00f3ficaLos alumnos\/as del Laudio BHI han resultado ganadores en todas las modalidades en las que han participado en el VI Campeonato de Euskadi de la Olimpiada Filos\u00f3fica celebrado el pasado 15 de marzo en Armeria Eskola de Eibar.\u00a0 &nbsp; &nbsp;Aizpea Azumendi, de 1.Batx, ha ganado en dos [&hellip;]","og_url":"https:\/\/laudiobhi.eus\/es\/filosofia-olinpiada\/","og_site_name":"laudioinstitutua","article_modified_time":"2024-03-23T11:03:52+00:00","twitter_card":"summary_large_image","twitter_misc":{"Tiempo de lectura":"2 minutos"},"schema":{"@context":"https:\/\/schema.org","@graph":[{"@type":"WebPage","@id":"https:\/\/laudiobhi.eus\/es\/filosofia-olinpiada\/","url":"https:\/\/laudiobhi.eus\/es\/filosofia-olinpiada\/","name":"Olimpiada Filos\u00f3fica | laudioinstitutua","isPartOf":{"@id":"https:\/\/laudiobhi.eus\/es\/#website"},"datePublished":"2024-03-21T16:32:40+00:00","dateModified":"2024-03-23T11:03:52+00:00","breadcrumb":{"@id":"https:\/\/laudiobhi.eus\/es\/filosofia-olinpiada\/#breadcrumb"},"inLanguage":"es","potentialAction":[{"@type":"ReadAction","target":["https:\/\/laudiobhi.eus\/es\/filosofia-olinpiada\/"]}]},{"@type":"BreadcrumbList","@id":"https:\/\/laudiobhi.eus\/es\/filosofia-olinpiada\/#breadcrumb","itemListElement":[{"@type":"ListItem","position":1,"name":"Home","item":"https:\/\/laudiobhi.eus\/es\/"},{"@type":"ListItem","position":2,"name":"Olimpiada Filos\u00f3fica"}]},{"@type":"WebSite","@id":"https:\/\/laudiobhi.eus\/es\/#website","url":"https:\/\/laudiobhi.eus\/es\/","name":"laudioinstitutua","description":"IES LAUDIO BHI \u00b7 Institutua","potentialAction":[{"@type":"SearchAction","target":{"@type":"EntryPoint","urlTemplate":"https:\/\/laudiobhi.eus\/es\/?s={search_term_string}"},"query-input":{"@type":"PropertyValueSpecification","valueRequired":true,"valueName":"search_term_string"}}],"inLanguage":"es"}]}},"_links":{"self":[{"href":"https:\/\/laudiobhi.eus\/es\/wp-json\/wp\/v2\/pages\/6397","targetHints":{"allow":["GET"]}}],"collection":[{"href":"https:\/\/laudiobhi.eus\/es\/wp-json\/wp\/v2\/pages"}],"about":[{"href":"https:\/\/laudiobhi.eus\/es\/wp-json\/wp\/v2\/types\/page"}],"author":[{"embeddable":true,"href":"https:\/\/laudiobhi.eus\/es\/wp-json\/wp\/v2\/users\/2"}],"replies":[{"embeddable":true,"href":"https:\/\/laudiobhi.eus\/es\/wp-json\/wp\/v2\/comments?post=6397"}],"version-history":[{"count":7,"href":"https:\/\/laudiobhi.eus\/es\/wp-json\/wp\/v2\/pages\/6397\/revisions"}],"predecessor-version":[{"id":6418,"href":"https:\/\/laudiobhi.eus\/es\/wp-json\/wp\/v2\/pages\/6397\/revisions\/6418"}],"wp:attachment":[{"href":"https:\/\/laudiobhi.eus\/es\/wp-json\/wp\/v2\/media?parent=6397"}],"curies":[{"name":"wp","href":"https:\/\/api.w.org\/{rel}","templated":true}]}}