{"id":6109,"date":"2024-02-26T10:59:25","date_gmt":"2024-02-26T09:59:25","guid":{"rendered":"https:\/\/laudiobhi.eus\/aviso-legal\/"},"modified":"2024-02-26T10:59:54","modified_gmt":"2024-02-26T09:59:54","slug":"aviso-legal","status":"publish","type":"page","link":"https:\/\/laudiobhi.eus\/es\/aviso-legal\/","title":{"rendered":"Aviso Legal"},"content":{"rendered":"<h2>Informaci\u00f3n legal<\/h2>\n<p>Informazioaren eta Merkataritza Elektronikoaren Gizartearen Zerbitzuei buruzko uztailaren 11ko 34\/2002 Legea betez, jakinarazi nahi dizugu www.laudiobhi.eus Interneteko domeinuaren titularra honako hau dela: sozietatearen izena: IES Laudio BHI, IFK: S4833001C, Helbidea: Zumalakarregi 34 \u00b7 01400 Laudio-Llodio (Araba), Telefono-zenbakia: 945 187 028, Helbide elektronikoa: 010351aa@hezkuntza.net<\/p>\n<h3>1. Condiciones Generales<\/h3>\n<p>www.laudiobhi.eus (en adelante \u201cel sitio web\u201d) es un sitio web titularidad de Laudio BHI. El usuario accede a este sitio web de forma voluntaria. El acceso a este sitio web tiene car\u00e1cter gratuito. La navegaci\u00f3n en este sitio web implica aceptar y conocer las advertencias legales, condiciones y t\u00e9rminos de uso y pol\u00edtica de privacidad contenidos en \u00e9l. Si el usuario no est\u00e1 de acuerdo con estas condiciones de uso y no presta su consentimiento, no podr\u00e1 hacer uso de este sitio web.<\/p>\n<p>El acceso a este sitio web, as\u00ed como el uso que pueda hacerse de la informaci\u00f3n que contiene, son de la exclusiva responsabilidad del usuario. El usuario se compromete a hacer uso del mismo de acuerdo a la finalidad del sitio web.<\/p>\n<p>El usuario no puede hacer un uso il\u00edcito de la informaci\u00f3n contenida en este sitio web, ni llevar a cabo acciones que puedan da\u00f1ar o alterar los sistemas inform\u00e1ticos de este sitio web.<\/p>\n<p>Queda prohibida la inclusi\u00f3n y comunicaci\u00f3n de contenidos, por parte de los usuarios, que sean falsos o inexactos y que induzcan o puedan inducir a error a Laudio BHI o a otros usuarios o terceros. El usuario ser\u00e1 el \u00fanico responsable de los perjuicios que cause mediante la comunicaci\u00f3n de dichos datos.<\/p>\n<p>Queda prohibido el uso de datos personales de terceros sin su consentimiento, as\u00ed como el uso de datos identificativos de terceros con el \u00e1nimo de hacerse pasar por o fingir ser cualquier otra persona o entidad.<\/p>\n<p>Laudio BHI realiza los m\u00e1ximos esfuerzos para evitar errores en los contenidos que se publican en el sitio web, reserv\u00e1ndose la facultad de poder modificarlos en cualquier momento. Laudio BHI declina expresamente cualquier responsabilidad por error u omisi\u00f3n en los contenidos de este sitio web y de los da\u00f1os y perjuicios que puedan deberse a la falta de veracidad, exactitud y actualidad de los mismos.<\/p>\n<p>www.laudiobhi.eus puede contener la opini\u00f3n y puntos de vista de otros usuarios. Teniendo en cuenta la naturaleza interactiva del sitio, Laudio BHI no se hace responsable del incumplimiento de las normas por parte de los usuarios, de modo que no puede garantizar la certeza, eficacia o veracidad de cualquier contenido generado por los usuarios.<\/p>\n<p>El sitio web puede ofrecer enlaces a otros sitios web o facilitar su acceso mediante un buscador ubicado en su sitio web. Laudio BHI no asume ninguna responsabilidad en relaci\u00f3n con estos sitios enlazados, ni los resultados de las b\u00fasquedas, ya que no tiene ning\u00fan tipo de control sobre ellos, su contenido, productos y servicios ofrecidos, etc. La finalidad de estos servicios es informar al usuario de otras fuentes de informaci\u00f3n, por lo que el usuario accede bajo su exclusiva responsabilidad al contenido y en las condiciones de uso que rijan en los mismos.<\/p>\n<p>Laudio BHI no se responsabilizar\u00e1 de ninguna consecuencia, da\u00f1o o perjuicio que pudieran derivarse del uso de este sitio web o de sus contenidos, incluidos da\u00f1os inform\u00e1ticos y la introducci\u00f3n de virus o cualquier tipo de malware. Laudio BHI no garantiza la ausencia de virus ni de otros elementos en el sitio web, introducidos por terceros ajenos, que puedan producir alteraciones en los sistemas f\u00edsicos o l\u00f3gicos de los usuarios, pero utiliza todos los medios a su alcance para que esto no suceda.<\/p>\n<p>Laudio BHI se reserva el derecho de modificar o borrar en cualquier momento, sin previo aviso y\/o justificaci\u00f3n, el dise\u00f1o, la configuraci\u00f3n y la informaci\u00f3n contenida en este sitio web, si as\u00ed lo estima oportuno. Laudio BHI no se hace responsable de los perjuicios que estas modificaciones puedan causar. No obstante utilizar\u00e1 los recursos que tenga a su alcance para informar a los usuarios de dichas modificaciones.<\/p>\n<h3>2. Blogs<\/h3>\n<p>El sitio web contiene un apartado denominado \u201cblogs\u201d donde los responsables del centro y dem\u00e1s usuarios invitados pueden publicar y comentar informaci\u00f3n de car\u00e1cter general o relacionada con el sector, que pueda resultar de inter\u00e9s para los usuarios. El contenido de estos blogs es meramente informativo y no constituye un asesoramiento personalizado. Para obtener un asesoramiento personalizado y adaptado a las necesidades del usuario el centro recomienda que visite personal cualificado.<\/p>\n<p>Asimismo, puesto que en los blogs se admiten comentarios, Laudio BHI no se responsabiliza de las opiniones vertidas por los mismos, y se reserva los derechos de borrar los comentarios ofensivos o denigrantes y bloquear e impedir los futuros comentarios provenientes de los autores de dichos comentarios.<\/p>\n<h3>3. Propiedad intelectual e industrial<\/h3>\n<p>Los derechos de propiedad de este sitio web, de sus p\u00e1ginas, pantallas, la informaci\u00f3n que contienen, su apariencia y dise\u00f1o, fotograf\u00edas, im\u00e1genes, sus productos y servicios, marcas, logos, lemas, etc. son propiedad de Laudio BHI, salvo que se especifique otra cosa.<\/p>\n<p>En ning\u00fan caso el acceso o navegaci\u00f3n en el sitio web implica renuncia, transmisi\u00f3n o licencia total o parcial de Laudio BHI para uso personal al usuario sobre sus derechos de propiedad intelectual e industrial. La reproducci\u00f3n, distribuci\u00f3n, comercializaci\u00f3n o transformaci\u00f3n no autorizadas de estas obras constituye una infracci\u00f3n de los derechos de propiedad intelectual de Laudio BHI.<\/p>\n<p>El usuario se compromete a no realizar ninguna acci\u00f3n que perjudique la titularidad de este sitio web. La utilizaci\u00f3n no autorizada de la informaci\u00f3n contenida en este sitio web, as\u00ed como los perjuicios ocasionados en los derechos de propiedad intelectual e industrial de sus titulares, pueden dar lugar al ejercicio de las acciones que legalmente correspondan y, si procede, a las responsabilidades que de dicho ejercicio se deriven.<\/p>\n<h3>4. Modificaciones<\/h3>\n<p>Estas Condiciones podr\u00e1n sufrir modificaciones cuando Laudio BHI lo considere oportuno, bien con la finalidad de adecuarse a los cambios legislativos, bien con el fin de llevar a cabo otro tipo de mejoras. Estas modificaciones ser\u00e1n v\u00e1lidas desde su publicaci\u00f3n en este sitio web. Laudio BHI utilizar\u00e1 los medios a su alcance para dar a conocer a los usuarios del sitio web los cambios realizados.<\/p>\n<h3>5. Jurisdicci\u00f3n<\/h3>\n<p>Las relaciones establecidas entre Laudio BHI y el usuario se regir\u00e1n por lo dispuesto en la normativa vigente acerca de la legislaci\u00f3n aplicable y la jurisdicci\u00f3n competente. No obstante, para los casos en los que la normativa prevea la posibilidad a las partes de someterse a un fuero, Laudio BHI y el usuario, con renuncia expresa a cualquier otro fuero que pudiera corresponderles, se someten a los Juzgados y Tribunales de Donostia \u2013 San Sebasti\u00e1n.<\/p>\n<p>Laudio BHI perseguir\u00e1 el incumplimiento de las anteriores condiciones as\u00ed como cualquier utilizaci\u00f3n indebida de los contenidos presentados en su sitio web ejerciendo todas las acciones civiles y penales que le puedan corresponder en derecho.<\/p>\n","protected":false},"excerpt":{"rendered":"<p>Informaci\u00f3n legal Informazioaren eta Merkataritza Elektronikoaren Gizartearen Zerbitzuei buruzko uztailaren 11ko 34\/2002 Legea betez, jakinarazi nahi dizugu www.laudiobhi.eus Interneteko domeinuaren titularra honako hau dela: sozietatearen izena: IES Laudio BHI, IFK: S4833001C, Helbidea: Zumalakarregi 34 \u00b7 01400 Laudio-Llodio (Araba), Telefono-zenbakia: 945 187 028, Helbide elektronikoa: 010351aa@hezkuntza.net 1. Condiciones Generales www.laudiobhi.eus (en adelante \u201cel sitio web\u201d) es [&hellip;]<\/p>\n","protected":false},"author":1,"featured_media":0,"parent":0,"menu_order":0,"comment_status":"closed","ping_status":"closed","template":"","meta":{"_et_pb_use_builder":"","_et_pb_old_content":"","_et_gb_content_width":"","_mc_calendar":[],"footnotes":""},"class_list":["post-6109","page","type-page","status-publish","hentry"],"yoast_head":"<!-- This site is optimized with the Yoast SEO plugin v27.1.1 - https:\/\/yoast.com\/product\/yoast-seo-wordpress\/ -->\n<title>Aviso Legal | laudioinstitutua<\/title>\n<meta name=\"robots\" content=\"index, follow, max-snippet:-1, max-image-preview:large, max-video-preview:-1\" \/>\n<link rel=\"canonical\" href=\"https:\/\/laudiobhi.eus\/es\/aviso-legal\/\" \/>\n<meta property=\"og:locale\" content=\"es_ES\" \/>\n<meta property=\"og:type\" content=\"article\" \/>\n<meta property=\"og:title\" content=\"Aviso Legal | laudioinstitutua\" \/>\n<meta property=\"og:description\" content=\"Informaci\u00f3n legal Informazioaren eta Merkataritza Elektronikoaren Gizartearen Zerbitzuei buruzko uztailaren 11ko 34\/2002 Legea betez, jakinarazi nahi dizugu www.laudiobhi.eus Interneteko domeinuaren titularra honako hau dela: sozietatearen izena: IES Laudio BHI, IFK: S4833001C, Helbidea: Zumalakarregi 34 \u00b7 01400 Laudio-Llodio (Araba), Telefono-zenbakia: 945 187 028, Helbide elektronikoa: 010351aa@hezkuntza.net 1. Condiciones Generales www.laudiobhi.eus (en adelante \u201cel sitio web\u201d) es [&hellip;]\" \/>\n<meta property=\"og:url\" content=\"https:\/\/laudiobhi.eus\/es\/aviso-legal\/\" \/>\n<meta property=\"og:site_name\" content=\"laudioinstitutua\" \/>\n<meta property=\"article:modified_time\" content=\"2024-02-26T09:59:54+00:00\" \/>\n<meta name=\"twitter:card\" content=\"summary_large_image\" \/>\n<meta name=\"twitter:label1\" content=\"Tiempo de lectura\" \/>\n\t<meta name=\"twitter:data1\" content=\"7 minutos\" \/>\n<script type=\"application\/ld+json\" class=\"yoast-schema-graph\">{\"@context\":\"https:\/\/schema.org\",\"@graph\":[{\"@type\":\"WebPage\",\"@id\":\"https:\/\/laudiobhi.eus\/es\/aviso-legal\/\",\"url\":\"https:\/\/laudiobhi.eus\/es\/aviso-legal\/\",\"name\":\"Aviso Legal | laudioinstitutua\",\"isPartOf\":{\"@id\":\"https:\/\/laudiobhi.eus\/es\/#website\"},\"datePublished\":\"2024-02-26T09:59:25+00:00\",\"dateModified\":\"2024-02-26T09:59:54+00:00\",\"breadcrumb\":{\"@id\":\"https:\/\/laudiobhi.eus\/es\/aviso-legal\/#breadcrumb\"},\"inLanguage\":\"es\",\"potentialAction\":[{\"@type\":\"ReadAction\",\"target\":[\"https:\/\/laudiobhi.eus\/es\/aviso-legal\/\"]}]},{\"@type\":\"BreadcrumbList\",\"@id\":\"https:\/\/laudiobhi.eus\/es\/aviso-legal\/#breadcrumb\",\"itemListElement\":[{\"@type\":\"ListItem\",\"position\":1,\"name\":\"Home\",\"item\":\"https:\/\/laudiobhi.eus\/es\/\"},{\"@type\":\"ListItem\",\"position\":2,\"name\":\"Aviso Legal\"}]},{\"@type\":\"WebSite\",\"@id\":\"https:\/\/laudiobhi.eus\/es\/#website\",\"url\":\"https:\/\/laudiobhi.eus\/es\/\",\"name\":\"laudioinstitutua\",\"description\":\"IES LAUDIO BHI \u00b7 Institutua\",\"potentialAction\":[{\"@type\":\"SearchAction\",\"target\":{\"@type\":\"EntryPoint\",\"urlTemplate\":\"https:\/\/laudiobhi.eus\/es\/?s={search_term_string}\"},\"query-input\":{\"@type\":\"PropertyValueSpecification\",\"valueRequired\":true,\"valueName\":\"search_term_string\"}}],\"inLanguage\":\"es\"}]}<\/script>\n<!-- \/ Yoast SEO plugin. -->","yoast_head_json":{"title":"Aviso Legal | laudioinstitutua","robots":{"index":"index","follow":"follow","max-snippet":"max-snippet:-1","max-image-preview":"max-image-preview:large","max-video-preview":"max-video-preview:-1"},"canonical":"https:\/\/laudiobhi.eus\/es\/aviso-legal\/","og_locale":"es_ES","og_type":"article","og_title":"Aviso Legal | laudioinstitutua","og_description":"Informaci\u00f3n legal Informazioaren eta Merkataritza Elektronikoaren Gizartearen Zerbitzuei buruzko uztailaren 11ko 34\/2002 Legea betez, jakinarazi nahi dizugu www.laudiobhi.eus Interneteko domeinuaren titularra honako hau dela: sozietatearen izena: IES Laudio BHI, IFK: S4833001C, Helbidea: Zumalakarregi 34 \u00b7 01400 Laudio-Llodio (Araba), Telefono-zenbakia: 945 187 028, Helbide elektronikoa: 010351aa@hezkuntza.net 1. Condiciones Generales www.laudiobhi.eus (en adelante \u201cel sitio web\u201d) es [&hellip;]","og_url":"https:\/\/laudiobhi.eus\/es\/aviso-legal\/","og_site_name":"laudioinstitutua","article_modified_time":"2024-02-26T09:59:54+00:00","twitter_card":"summary_large_image","twitter_misc":{"Tiempo de lectura":"7 minutos"},"schema":{"@context":"https:\/\/schema.org","@graph":[{"@type":"WebPage","@id":"https:\/\/laudiobhi.eus\/es\/aviso-legal\/","url":"https:\/\/laudiobhi.eus\/es\/aviso-legal\/","name":"Aviso Legal | laudioinstitutua","isPartOf":{"@id":"https:\/\/laudiobhi.eus\/es\/#website"},"datePublished":"2024-02-26T09:59:25+00:00","dateModified":"2024-02-26T09:59:54+00:00","breadcrumb":{"@id":"https:\/\/laudiobhi.eus\/es\/aviso-legal\/#breadcrumb"},"inLanguage":"es","potentialAction":[{"@type":"ReadAction","target":["https:\/\/laudiobhi.eus\/es\/aviso-legal\/"]}]},{"@type":"BreadcrumbList","@id":"https:\/\/laudiobhi.eus\/es\/aviso-legal\/#breadcrumb","itemListElement":[{"@type":"ListItem","position":1,"name":"Home","item":"https:\/\/laudiobhi.eus\/es\/"},{"@type":"ListItem","position":2,"name":"Aviso Legal"}]},{"@type":"WebSite","@id":"https:\/\/laudiobhi.eus\/es\/#website","url":"https:\/\/laudiobhi.eus\/es\/","name":"laudioinstitutua","description":"IES LAUDIO BHI \u00b7 Institutua","potentialAction":[{"@type":"SearchAction","target":{"@type":"EntryPoint","urlTemplate":"https:\/\/laudiobhi.eus\/es\/?s={search_term_string}"},"query-input":{"@type":"PropertyValueSpecification","valueRequired":true,"valueName":"search_term_string"}}],"inLanguage":"es"}]}},"_links":{"self":[{"href":"https:\/\/laudiobhi.eus\/es\/wp-json\/wp\/v2\/pages\/6109","targetHints":{"allow":["GET"]}}],"collection":[{"href":"https:\/\/laudiobhi.eus\/es\/wp-json\/wp\/v2\/pages"}],"about":[{"href":"https:\/\/laudiobhi.eus\/es\/wp-json\/wp\/v2\/types\/page"}],"author":[{"embeddable":true,"href":"https:\/\/laudiobhi.eus\/es\/wp-json\/wp\/v2\/users\/1"}],"replies":[{"embeddable":true,"href":"https:\/\/laudiobhi.eus\/es\/wp-json\/wp\/v2\/comments?post=6109"}],"version-history":[{"count":1,"href":"https:\/\/laudiobhi.eus\/es\/wp-json\/wp\/v2\/pages\/6109\/revisions"}],"predecessor-version":[{"id":6110,"href":"https:\/\/laudiobhi.eus\/es\/wp-json\/wp\/v2\/pages\/6109\/revisions\/6110"}],"wp:attachment":[{"href":"https:\/\/laudiobhi.eus\/es\/wp-json\/wp\/v2\/media?parent=6109"}],"curies":[{"name":"wp","href":"https:\/\/api.w.org\/{rel}","templated":true}]}}