{"id":5587,"date":"2023-10-06T21:21:42","date_gmt":"2023-10-06T19:21:42","guid":{"rendered":"https:\/\/laudiobhi.eus\/?page_id=5587"},"modified":"2025-06-03T12:35:41","modified_gmt":"2025-06-03T10:35:41","slug":"bachillerato","status":"publish","type":"page","link":"https:\/\/laudiobhi.eus\/es\/bachillerato\/","title":{"rendered":"BACHILLERATO"},"content":{"rendered":"<p>[et_pb_section fb_built=\u00bb1&#8243; admin_label=\u00bbServices\u00bb _builder_version=\u00bb4.22.1&#8243; _module_preset=\u00bbdefault\u00bb use_background_color_gradient=\u00bbon\u00bb background_color_gradient_direction=\u00bb90deg\u00bb background_color_gradient_stops=\u00bb#e7e5fc 100%|rgba(255,255,255,0) 100%\u00bb background_color_gradient_start=\u00bbrgba(255,255,255,0)\u00bb background_color_gradient_start_position=\u00bb30%\u00bb background_color_gradient_end=\u00bb#e7e5fc\u00bb background_color_gradient_end_position=\u00bb30%\u00bb global_colors_info=\u00bb{}\u00bb][et_pb_row _builder_version=\u00bb4.16&#8243; _module_preset=\u00bbdefault\u00bb global_colors_info=\u00bb{}\u00bb][et_pb_column type=\u00bb4_4&#8243; _builder_version=\u00bb4.16&#8243; _module_preset=\u00bbdefault\u00bb global_colors_info=\u00bb{}\u00bb][et_pb_text _builder_version=\u00bb4.22.1&#8243; _module_preset=\u00bb1da4c4f2-8e53-4788-a9f5-4d073216150a\u00bb header_font=\u00bbRaleway||||||||\u00bb header_2_font=\u00bbRozha One||||||||\u00bb header_2_text_color=\u00bb#003e51&#8243; header_2_font_size=\u00bb62px\u00bb header_2_line_height=\u00bb1.1em\u00bb header_2_font_size_tablet=\u00bb34px\u00bb header_2_font_size_phone=\u00bb24px\u00bb header_2_font_size_last_edited=\u00bbon|phone\u00bb locked=\u00bboff\u00bb global_colors_info=\u00bb{}\u00bb]<\/p>\n<h3>Tres Modalidades<\/h3>\n<p>[\/et_pb_text][\/et_pb_column][\/et_pb_row][et_pb_row column_structure=\u00bb1_3,1_3,1_3&#8243; make_equal=\u00bbon\u00bb _builder_version=\u00bb4.22.1&#8243; _module_preset=\u00bbdefault\u00bb background_color=\u00bbrgba(255,255,255,0)\u00bb custom_margin=\u00bb||||false|false\u00bb global_colors_info=\u00bb{}\u00bb][et_pb_column type=\u00bb1_3&#8243; _builder_version=\u00bb4.16&#8243; _module_preset=\u00bbdefault\u00bb background_color=\u00bb#ffffff\u00bb custom_padding=\u00bb30px|30px|30px|30px|false|true\u00bb border_radii=\u00bbon|15px|15px|15px|15px\u00bb box_shadow_style=\u00bbpreset3&#8243; box_shadow_vertical=\u00bb40px\u00bb box_shadow_blur=\u00bb70px\u00bb box_shadow_spread=\u00bb-10px\u00bb box_shadow_color=\u00bbrgba(69,115,115,0.15)\u00bb global_colors_info=\u00bb{}\u00bb][et_pb_blurb title=\u00bbCIENCIAS y TECNOLOG\u00cdA\u00bb url=\u00bb\/batxilergoa_zt\u00bb url_new_window=\u00bbon\u00bb image=\u00bbhttps:\/\/laudiobhi.eus\/wp-content\/uploads\/2023\/10\/arrows_4904079-e1696585647359.png\u00bb content_max_width=\u00bb100%\u00bb _builder_version=\u00bb4.27.4&#8243; _module_preset=\u00bb999cab4f-d995-43b3-842a-9b6879d904b5&#8243; header_font=\u00bb|600|||||||\u00bb header_font_size=\u00bb15px\u00bb header_letter_spacing=\u00bb0.5px\u00bb header_line_height=\u00bb1.6em\u00bb background_enable_color=\u00bboff\u00bb animation_style=\u00bbzoom\u00bb animation=\u00bboff\u00bb link_option_url=\u00bb\/batxilergoa_zt\u00bb link_option_url_new_window=\u00bbon\u00bb border_radii_image=\u00bbon|100px|100px|100px|100px\u00bb global_colors_info=\u00bb{}\u00bb][\/et_pb_blurb][\/et_pb_column][et_pb_column type=\u00bb1_3&#8243; _builder_version=\u00bb4.22.1&#8243; _module_preset=\u00bbdefault\u00bb background_color=\u00bb#ffffff\u00bb custom_padding=\u00bb30px|30px|30px|30px|false|true\u00bb border_radii=\u00bbon|15px|15px|15px|15px\u00bb global_colors_info=\u00bb{}\u00bb][et_pb_blurb title=\u00bbHUMANIDADES y CIENCIAS SOCIALES\u00bb url=\u00bb\/batxilergoa-gz\u00bb url_new_window=\u00bbon\u00bb image=\u00bbhttps:\/\/laudiobhi.eus\/wp-content\/uploads\/2023\/10\/arrows_3435006-e1696585716988.png\u00bb content_max_width=\u00bb100%\u00bb _builder_version=\u00bb4.27.4&#8243; _module_preset=\u00bb999cab4f-d995-43b3-842a-9b6879d904b5&#8243; header_font=\u00bb|600|||||||\u00bb header_font_size=\u00bb15px\u00bb header_letter_spacing=\u00bb0.5px\u00bb header_line_height=\u00bb1.6em\u00bb background_enable_color=\u00bboff\u00bb animation_style=\u00bbzoom\u00bb animation=\u00bboff\u00bb link_option_url=\u00bb\/batxilergoa-gz\u00bb link_option_url_new_window=\u00bbon\u00bb border_radii_image=\u00bbon|100px|100px|100px|100px\u00bb locked=\u00bboff\u00bb global_colors_info=\u00bb{}\u00bb][\/et_pb_blurb][\/et_pb_column][et_pb_column type=\u00bb1_3&#8243; _builder_version=\u00bb4.16&#8243; _module_preset=\u00bbdefault\u00bb background_color=\u00bb#ffffff\u00bb custom_padding=\u00bb30px|30px|30px|30px|false|true\u00bb border_radii=\u00bbon|15px|15px|15px|15px\u00bb global_colors_info=\u00bb{}\u00bb][et_pb_blurb title=\u00bbARTE\u00bb url=\u00bb\/batxilergoa-ar\u00bb url_new_window=\u00bbon\u00bb image=\u00bbhttps:\/\/laudiobhi.eus\/wp-content\/uploads\/2023\/10\/directions_9843801-e1696585750777.png\u00bb content_max_width=\u00bb100%\u00bb _builder_version=\u00bb4.27.4&#8243; _module_preset=\u00bb999cab4f-d995-43b3-842a-9b6879d904b5&#8243; header_font=\u00bb|600|||||||\u00bb header_font_size=\u00bb15px\u00bb header_letter_spacing=\u00bb0.5px\u00bb header_line_height=\u00bb1.6em\u00bb background_enable_color=\u00bboff\u00bb animation_style=\u00bbzoom\u00bb animation=\u00bboff\u00bb link_option_url=\u00bb\/batxilergoa-ar\u00bb link_option_url_new_window=\u00bbon\u00bb border_radii_image=\u00bbon|100px|100px|100px|100px\u00bb locked=\u00bboff\u00bb global_colors_info=\u00bb{}\u00bb]<\/p>\n<p>Artes pl\u00e1sticas, imagen y dise\u00f1o<\/p>\n<p>[\/et_pb_blurb][\/et_pb_column][\/et_pb_row][et_pb_row _builder_version=\u00bb4.24.2&#8243; _module_preset=\u00bbdefault\u00bb global_colors_info=\u00bb{}\u00bb][et_pb_column type=\u00bb4_4&#8243; _builder_version=\u00bb4.24.2&#8243; _module_preset=\u00bbdefault\u00bb global_colors_info=\u00bb{}\u00bb][et_pb_divider _builder_version=\u00bb4.24.2&#8243; _module_preset=\u00bbdefault\u00bb global_colors_info=\u00bb{}\u00bb][\/et_pb_divider][et_pb_text _builder_version=\u00bb4.27.4&#8243; _module_preset=\u00bbdefault\u00bb global_colors_info=\u00bb{}\u00bb]<\/p>\n<h5 style=\"text-align: center;\">Impresos de prematr\u00edcula para el curso 25-26<\/h5>\n<p>[\/et_pb_text][et_pb_image src=\u00bbhttps:\/\/laudiobhi.eus\/wp-content\/uploads\/2025\/06\/BATX-I-AurreMATRIKULA-25-26_page-0001.jpg\u00bb title_text=\u00bbBATX-I-AurreMATRIKULA-25-26_page-0001&#8243; url=\u00bbhttps:\/\/laudiobhi.eus\/wp-content\/uploads\/2025\/06\/BATX-I-AurreMATRIKULA-25-26_page-0001.jpg\u00bb url_new_window=\u00bbon\u00bb _builder_version=\u00bb4.27.4&#8243; _module_preset=\u00bbdefault\u00bb hover_enabled=\u00bb0&#8243; border_radii=\u00bbon|5px|5px|5px|5px\u00bb box_shadow_style=\u00bbpreset5&#8243; global_colors_info=\u00bb{}\u00bb hover_transition_duration=\u00bb0ms\u00bb sticky_enabled=\u00bb0&#8243;][\/et_pb_image][et_pb_image src=\u00bbhttps:\/\/laudiobhi.eus\/wp-content\/uploads\/2025\/06\/BATX-II-AURREMATRIKULA-25-26_page-0001.jpg\u00bb title_text=\u00bbBATX II AURREMATRIKULA 25-26_page-0001&#8243; url=\u00bbhttps:\/\/laudiobhi.eus\/wp-content\/uploads\/2025\/06\/BATX-II-AURREMATRIKULA-25-26_page-0001.jpg\u00bb url_new_window=\u00bbon\u00bb _builder_version=\u00bb4.27.4&#8243; _module_preset=\u00bbdefault\u00bb hover_enabled=\u00bb0&#8243; border_radii=\u00bbon|5px|5px|5px|5px\u00bb box_shadow_style=\u00bbpreset5&#8243; global_colors_info=\u00bb{}\u00bb hover_transition_duration=\u00bb0ms\u00bb sticky_enabled=\u00bb0&#8243;][\/et_pb_image][et_pb_image src=\u00bbhttps:\/\/laudiobhi.eus\/wp-content\/uploads\/2025\/06\/BATX-II-AURREMATRIKULA-25-26_page-0002.jpg\u00bb title_text=\u00bbBATX II AURREMATRIKULA 25-26_page-0002&#8243; url=\u00bbhttps:\/\/laudiobhi.eus\/wp-content\/uploads\/2025\/06\/BATX-II-AURREMATRIKULA-25-26_page-0002.jpg\u00bb url_new_window=\u00bbon\u00bb _builder_version=\u00bb4.27.4&#8243; _module_preset=\u00bbdefault\u00bb hover_enabled=\u00bb0&#8243; border_radii=\u00bbon|5px|5px|5px|5px\u00bb box_shadow_style=\u00bbpreset5&#8243; global_colors_info=\u00bb{}\u00bb hover_transition_duration=\u00bb0ms\u00bb sticky_enabled=\u00bb0&#8243;][\/et_pb_image][\/et_pb_column][\/et_pb_row][\/et_pb_section]<\/p>\n","protected":false},"excerpt":{"rendered":"<p>Tres Modalidades Artes pl\u00e1sticas, imagen y dise\u00f1oImpresos de prematr\u00edcula para el curso 25-26<\/p>\n","protected":false},"author":2,"featured_media":0,"parent":0,"menu_order":0,"comment_status":"closed","ping_status":"closed","template":"","meta":{"_et_pb_use_builder":"on","_et_pb_old_content":"","_et_gb_content_width":"","_mc_calendar":[],"footnotes":""},"class_list":["post-5587","page","type-page","status-publish","hentry"],"yoast_head":"<!-- This site is optimized with the Yoast SEO plugin v27.1.1 - https:\/\/yoast.com\/product\/yoast-seo-wordpress\/ -->\n<title>BACHILLERATO | laudioinstitutua<\/title>\n<meta name=\"robots\" content=\"index, follow, max-snippet:-1, max-image-preview:large, max-video-preview:-1\" \/>\n<link rel=\"canonical\" href=\"https:\/\/laudiobhi.eus\/es\/bachillerato\/\" \/>\n<meta property=\"og:locale\" content=\"es_ES\" \/>\n<meta property=\"og:type\" content=\"article\" \/>\n<meta property=\"og:title\" content=\"BACHILLERATO | laudioinstitutua\" \/>\n<meta property=\"og:description\" content=\"Tres Modalidades Artes pl\u00e1sticas, imagen y dise\u00f1oImpresos de prematr\u00edcula para el curso 25-26\" \/>\n<meta property=\"og:url\" content=\"https:\/\/laudiobhi.eus\/es\/bachillerato\/\" \/>\n<meta property=\"og:site_name\" content=\"laudioinstitutua\" \/>\n<meta property=\"article:modified_time\" content=\"2025-06-03T10:35:41+00:00\" \/>\n<meta name=\"twitter:card\" content=\"summary_large_image\" \/>\n<meta name=\"twitter:label1\" content=\"Tiempo de lectura\" \/>\n\t<meta name=\"twitter:data1\" content=\"4 minutos\" \/>\n<script type=\"application\/ld+json\" class=\"yoast-schema-graph\">{\"@context\":\"https:\/\/schema.org\",\"@graph\":[{\"@type\":\"WebPage\",\"@id\":\"https:\/\/laudiobhi.eus\/es\/bachillerato\/\",\"url\":\"https:\/\/laudiobhi.eus\/es\/bachillerato\/\",\"name\":\"BACHILLERATO | laudioinstitutua\",\"isPartOf\":{\"@id\":\"https:\/\/laudiobhi.eus\/es\/#website\"},\"datePublished\":\"2023-10-06T19:21:42+00:00\",\"dateModified\":\"2025-06-03T10:35:41+00:00\",\"breadcrumb\":{\"@id\":\"https:\/\/laudiobhi.eus\/es\/bachillerato\/#breadcrumb\"},\"inLanguage\":\"es\",\"potentialAction\":[{\"@type\":\"ReadAction\",\"target\":[\"https:\/\/laudiobhi.eus\/es\/bachillerato\/\"]}]},{\"@type\":\"BreadcrumbList\",\"@id\":\"https:\/\/laudiobhi.eus\/es\/bachillerato\/#breadcrumb\",\"itemListElement\":[{\"@type\":\"ListItem\",\"position\":1,\"name\":\"Home\",\"item\":\"https:\/\/laudiobhi.eus\/es\/\"},{\"@type\":\"ListItem\",\"position\":2,\"name\":\"BACHILLERATO\"}]},{\"@type\":\"WebSite\",\"@id\":\"https:\/\/laudiobhi.eus\/es\/#website\",\"url\":\"https:\/\/laudiobhi.eus\/es\/\",\"name\":\"laudioinstitutua\",\"description\":\"IES LAUDIO BHI \u00b7 Institutua\",\"potentialAction\":[{\"@type\":\"SearchAction\",\"target\":{\"@type\":\"EntryPoint\",\"urlTemplate\":\"https:\/\/laudiobhi.eus\/es\/?s={search_term_string}\"},\"query-input\":{\"@type\":\"PropertyValueSpecification\",\"valueRequired\":true,\"valueName\":\"search_term_string\"}}],\"inLanguage\":\"es\"}]}<\/script>\n<!-- \/ Yoast SEO plugin. -->","yoast_head_json":{"title":"BACHILLERATO | laudioinstitutua","robots":{"index":"index","follow":"follow","max-snippet":"max-snippet:-1","max-image-preview":"max-image-preview:large","max-video-preview":"max-video-preview:-1"},"canonical":"https:\/\/laudiobhi.eus\/es\/bachillerato\/","og_locale":"es_ES","og_type":"article","og_title":"BACHILLERATO | laudioinstitutua","og_description":"Tres Modalidades Artes pl\u00e1sticas, imagen y dise\u00f1oImpresos de prematr\u00edcula para el curso 25-26","og_url":"https:\/\/laudiobhi.eus\/es\/bachillerato\/","og_site_name":"laudioinstitutua","article_modified_time":"2025-06-03T10:35:41+00:00","twitter_card":"summary_large_image","twitter_misc":{"Tiempo de lectura":"4 minutos"},"schema":{"@context":"https:\/\/schema.org","@graph":[{"@type":"WebPage","@id":"https:\/\/laudiobhi.eus\/es\/bachillerato\/","url":"https:\/\/laudiobhi.eus\/es\/bachillerato\/","name":"BACHILLERATO | laudioinstitutua","isPartOf":{"@id":"https:\/\/laudiobhi.eus\/es\/#website"},"datePublished":"2023-10-06T19:21:42+00:00","dateModified":"2025-06-03T10:35:41+00:00","breadcrumb":{"@id":"https:\/\/laudiobhi.eus\/es\/bachillerato\/#breadcrumb"},"inLanguage":"es","potentialAction":[{"@type":"ReadAction","target":["https:\/\/laudiobhi.eus\/es\/bachillerato\/"]}]},{"@type":"BreadcrumbList","@id":"https:\/\/laudiobhi.eus\/es\/bachillerato\/#breadcrumb","itemListElement":[{"@type":"ListItem","position":1,"name":"Home","item":"https:\/\/laudiobhi.eus\/es\/"},{"@type":"ListItem","position":2,"name":"BACHILLERATO"}]},{"@type":"WebSite","@id":"https:\/\/laudiobhi.eus\/es\/#website","url":"https:\/\/laudiobhi.eus\/es\/","name":"laudioinstitutua","description":"IES LAUDIO BHI \u00b7 Institutua","potentialAction":[{"@type":"SearchAction","target":{"@type":"EntryPoint","urlTemplate":"https:\/\/laudiobhi.eus\/es\/?s={search_term_string}"},"query-input":{"@type":"PropertyValueSpecification","valueRequired":true,"valueName":"search_term_string"}}],"inLanguage":"es"}]}},"_links":{"self":[{"href":"https:\/\/laudiobhi.eus\/es\/wp-json\/wp\/v2\/pages\/5587","targetHints":{"allow":["GET"]}}],"collection":[{"href":"https:\/\/laudiobhi.eus\/es\/wp-json\/wp\/v2\/pages"}],"about":[{"href":"https:\/\/laudiobhi.eus\/es\/wp-json\/wp\/v2\/types\/page"}],"author":[{"embeddable":true,"href":"https:\/\/laudiobhi.eus\/es\/wp-json\/wp\/v2\/users\/2"}],"replies":[{"embeddable":true,"href":"https:\/\/laudiobhi.eus\/es\/wp-json\/wp\/v2\/comments?post=5587"}],"version-history":[{"count":14,"href":"https:\/\/laudiobhi.eus\/es\/wp-json\/wp\/v2\/pages\/5587\/revisions"}],"predecessor-version":[{"id":8623,"href":"https:\/\/laudiobhi.eus\/es\/wp-json\/wp\/v2\/pages\/5587\/revisions\/8623"}],"wp:attachment":[{"href":"https:\/\/laudiobhi.eus\/es\/wp-json\/wp\/v2\/media?parent=5587"}],"curies":[{"name":"wp","href":"https:\/\/api.w.org\/{rel}","templated":true}]}}