{"id":5119,"date":"2023-10-02T13:20:06","date_gmt":"2023-10-02T11:20:06","guid":{"rendered":"https:\/\/laudiobhi.eus\/?page_id=5119"},"modified":"2026-02-05T13:18:51","modified_gmt":"2026-02-05T12:18:51","slug":"renting-portatiles-alumnado","status":"publish","type":"page","link":"https:\/\/laudiobhi.eus\/es\/renting-portatiles-alumnado\/","title":{"rendered":"Port\u00e1tiles alumnado"},"content":{"rendered":"<p>[et_pb_section fb_built=\u00bb1&#8243; admin_label=\u00bbSection\u00bb _builder_version=\u00bb4.16&#8243; custom_padding=\u00bb|||\u00bb global_colors_info=\u00bb{}\u00bb][et_pb_row _builder_version=\u00bb4.22.1&#8243; custom_margin=\u00bb|||\u00bb custom_padding=\u00bb|||\u00bb global_colors_info=\u00bb{}\u00bb][et_pb_column type=\u00bb4_4&#8243; _builder_version=\u00bb4.16&#8243; custom_padding=\u00bb|||\u00bb global_colors_info=\u00bb{}\u00bb custom_padding__hover=\u00bb|||\u00bb][et_pb_text _builder_version=\u00bb4.22.1&#8243; text_font=\u00bb||||||||\u00bb text_text_color=\u00bb#283585&#8243; text_font_size=\u00bb15px\u00bb header_font=\u00bb||||||||\u00bb header_2_font=\u00bbShare Tech||||||||\u00bb header_2_font_size=\u00bb48px\u00bb header_2_line_height=\u00bb1.4em\u00bb custom_margin=\u00bb||30px||false\u00bb custom_margin_tablet=\u00bb||0px|\u00bb custom_margin_phone=\u00bb\u00bb custom_margin_last_edited=\u00bbon|tablet\u00bb text_font_size_tablet=\u00bb15px\u00bb text_font_size_phone=\u00bb15px\u00bb text_font_size_last_edited=\u00bbon|desktop\u00bb header_2_font_size_tablet=\u00bb\u00bb header_2_font_size_phone=\u00bb36px\u00bb header_2_font_size_last_edited=\u00bbon|phone\u00bb global_colors_info=\u00bb{}\u00bb]<\/p>\n<p>En el curso 2021-2022, el Departamento de Educaci\u00f3n estableci\u00f3 el procedimiento para el pr\u00e9stamo de ordenadores port\u00e1tiles a los alumnos\/as de los centros p\u00fablicos. Este procedimiento permite que los alumnos y alumnas dispongan de un ordenador port\u00e1til adecuado para la ense\u00f1anza y aprendizaje, tanto en el aula como en casa. En la Resoluci\u00f3n de 24 de septiembre de 2021, de la Viceconsejera de Educaci\u00f3n, se detalla el procedimiento.<\/p>\n<p>[\/et_pb_text][\/et_pb_column][\/et_pb_row][et_pb_row column_structure=\u00bb1_3,1_3,1_3&#8243; _builder_version=\u00bb4.16&#8243; custom_margin=\u00bb|||\u00bb custom_padding=\u00bb|||\u00bb global_colors_info=\u00bb{}\u00bb][et_pb_column type=\u00bb1_3&#8243; _builder_version=\u00bb4.16&#8243; custom_padding=\u00bb|||\u00bb global_colors_info=\u00bb{}\u00bb custom_padding__hover=\u00bb|||\u00bb][et_pb_blurb title=\u00bbRESOLUCI\u00d3N\u00bb url=\u00bbhttps:\/\/laudiobhi.eus\/wp-content\/uploads\/2026\/02\/EBAZPENA-EGUNERATUTA-ES.pdf\u00bb url_new_window=\u00bbon\u00bb image=\u00bbhttps:\/\/laudiobhi.eus\/wp-content\/uploads\/2023\/09\/86a0c62c-77d5-45de-a4aa-99efaa4bb5ee-e1694536196864.png\u00bb _builder_version=\u00bb4.27.4&#8243; header_font=\u00bbLato||||||||\u00bb header_text_align=\u00bbcenter\u00bb header_text_color=\u00bb#000000&#8243; header_font_size=\u00bb24px\u00bb header_line_height=\u00bb1.2em\u00bb body_font=\u00bbOpen Sans||||||||\u00bb body_text_color=\u00bb#000000&#8243; body_font_size=\u00bb16px\u00bb body_line_height=\u00bb1.8em\u00bb background_color=\u00bbrgba(242,235,101,0.99)\u00bb background_layout=\u00bbdark\u00bb custom_padding=\u00bb40px|30px|40px|30px|true|true\u00bb animation_style=\u00bbfold\u00bb animation=\u00bboff\u00bb link_option_url=\u00bbhttps:\/\/laudiobhi.eus\/wp-content\/uploads\/2026\/02\/EBAZPENA-EGUNERATUTA-ES.pdf\u00bb link_option_url_new_window=\u00bbon\u00bb global_colors_info=\u00bb{}\u00bb][\/et_pb_blurb][\/et_pb_column][et_pb_column type=\u00bb1_3&#8243; _builder_version=\u00bb4.16&#8243; custom_padding=\u00bb|||\u00bb global_colors_info=\u00bb{}\u00bb custom_padding__hover=\u00bb|||\u00bb][et_pb_blurb title=\u00bbCONTRATO\u00bb url=\u00bbhttps:\/\/laudiobhi.eus\/wp-content\/uploads\/2026\/02\/25-26-CONTRATO-DE-PRESTAMO-DEL-ULTRAPORTATIL-GUREA-ES-EGUNERATUTA.pdf\u00bb url_new_window=\u00bbon\u00bb image=\u00bbhttps:\/\/laudiobhi.eus\/wp-content\/uploads\/2023\/09\/2ab28ebb-5ed0-4189-9de3-cb218c89682b-e1694535729126.png\u00bb _builder_version=\u00bb4.27.4&#8243; header_font=\u00bbLato||||||||\u00bb header_text_align=\u00bbcenter\u00bb header_font_size=\u00bb24px\u00bb header_line_height=\u00bb1.2em\u00bb body_font=\u00bbOpen Sans||||||||\u00bb body_font_size=\u00bb16px\u00bb body_line_height=\u00bb1.8em\u00bb background_color=\u00bb#f1f1f1&#8243; custom_padding=\u00bb40px|30px|40px|30px|true|true\u00bb animation_style=\u00bbfold\u00bb animation_delay=\u00bb150ms\u00bb animation=\u00bboff\u00bb link_option_url=\u00bbhttps:\/\/laudiobhi.eus\/wp-content\/uploads\/2026\/02\/25-26-CONTRATO-DE-PRESTAMO-DEL-ULTRAPORTATIL-GUREA-ES-EGUNERATUTA.pdf\u00bb link_option_url_new_window=\u00bbon\u00bb locked=\u00bboff\u00bb global_colors_info=\u00bb{}\u00bb][\/et_pb_blurb][\/et_pb_column][et_pb_column type=\u00bb1_3&#8243; _builder_version=\u00bb4.16&#8243; custom_padding=\u00bb|||\u00bb global_colors_info=\u00bb{}\u00bb custom_padding__hover=\u00bb|||\u00bb][et_pb_blurb title=\u00bbARMARIOS\u00bb url=\u00bbhttps:\/\/laudiobhi.eus\/wp-content\/uploads\/2023\/10\/Baimena-armairukoa_es.pdf\u00bb url_new_window=\u00bbon\u00bb image=\u00bbhttps:\/\/laudiobhi.eus\/wp-content\/uploads\/2023\/10\/lockers_4781134-e1696177125350.png\u00bb _builder_version=\u00bb4.22.1&#8243; header_font=\u00bbLato||||||||\u00bb header_text_align=\u00bbcenter\u00bb header_text_color=\u00bb#FFFFFF\u00bb header_font_size=\u00bb24px\u00bb header_line_height=\u00bb1.2em\u00bb body_font=\u00bbOpen Sans||||||||\u00bb body_text_color=\u00bb#FFFFFF\u00bb body_font_size=\u00bb16px\u00bb body_line_height=\u00bb1.8em\u00bb background_color=\u00bb#6c4796&#8243; custom_padding=\u00bb40px|30px|40px|30px|true|true\u00bb animation_style=\u00bbfold\u00bb animation_delay=\u00bb200ms\u00bb animation=\u00bboff\u00bb border_width_all=\u00bb1px\u00bb border_color_all=\u00bbrgba(21,49,78,0.17)\u00bb locked=\u00bboff\u00bb global_colors_info=\u00bb{}\u00bb][\/et_pb_blurb][\/et_pb_column][\/et_pb_row][\/et_pb_section]<\/p>\n","protected":false},"excerpt":{"rendered":"<p>En el curso 2021-2022, el Departamento de Educaci\u00f3n estableci\u00f3 el procedimiento para el pr\u00e9stamo de ordenadores port\u00e1tiles a los alumnos\/as de los centros p\u00fablicos. Este procedimiento permite que los alumnos y alumnas dispongan de un ordenador port\u00e1til adecuado para la ense\u00f1anza y aprendizaje, tanto en el aula como en casa. En la Resoluci\u00f3n de 24 [&hellip;]<\/p>\n","protected":false},"author":2,"featured_media":0,"parent":0,"menu_order":0,"comment_status":"closed","ping_status":"closed","template":"","meta":{"_et_pb_use_builder":"on","_et_pb_old_content":"","_et_gb_content_width":"","_mc_calendar":[],"footnotes":""},"class_list":["post-5119","page","type-page","status-publish","hentry"],"yoast_head":"<!-- This site is optimized with the Yoast SEO plugin v27.1.1 - https:\/\/yoast.com\/product\/yoast-seo-wordpress\/ -->\n<title>Port\u00e1tiles alumnado | laudioinstitutua<\/title>\n<meta name=\"robots\" content=\"index, follow, max-snippet:-1, max-image-preview:large, max-video-preview:-1\" \/>\n<link rel=\"canonical\" href=\"https:\/\/laudiobhi.eus\/es\/renting-portatiles-alumnado\/\" \/>\n<meta property=\"og:locale\" content=\"es_ES\" \/>\n<meta property=\"og:type\" content=\"article\" \/>\n<meta property=\"og:title\" content=\"Port\u00e1tiles alumnado | laudioinstitutua\" \/>\n<meta property=\"og:description\" content=\"En el curso 2021-2022, el Departamento de Educaci\u00f3n estableci\u00f3 el procedimiento para el pr\u00e9stamo de ordenadores port\u00e1tiles a los alumnos\/as de los centros p\u00fablicos. Este procedimiento permite que los alumnos y alumnas dispongan de un ordenador port\u00e1til adecuado para la ense\u00f1anza y aprendizaje, tanto en el aula como en casa. En la Resoluci\u00f3n de 24 [&hellip;]\" \/>\n<meta property=\"og:url\" content=\"https:\/\/laudiobhi.eus\/es\/renting-portatiles-alumnado\/\" \/>\n<meta property=\"og:site_name\" content=\"laudioinstitutua\" \/>\n<meta property=\"article:modified_time\" content=\"2026-02-05T12:18:51+00:00\" \/>\n<meta name=\"twitter:card\" content=\"summary_large_image\" \/>\n<meta name=\"twitter:label1\" content=\"Tiempo de lectura\" \/>\n\t<meta name=\"twitter:data1\" content=\"3 minutos\" \/>\n<script type=\"application\/ld+json\" class=\"yoast-schema-graph\">{\"@context\":\"https:\/\/schema.org\",\"@graph\":[{\"@type\":\"WebPage\",\"@id\":\"https:\/\/laudiobhi.eus\/es\/renting-portatiles-alumnado\/\",\"url\":\"https:\/\/laudiobhi.eus\/es\/renting-portatiles-alumnado\/\",\"name\":\"Port\u00e1tiles alumnado | laudioinstitutua\",\"isPartOf\":{\"@id\":\"https:\/\/laudiobhi.eus\/es\/#website\"},\"datePublished\":\"2023-10-02T11:20:06+00:00\",\"dateModified\":\"2026-02-05T12:18:51+00:00\",\"breadcrumb\":{\"@id\":\"https:\/\/laudiobhi.eus\/es\/renting-portatiles-alumnado\/#breadcrumb\"},\"inLanguage\":\"es\",\"potentialAction\":[{\"@type\":\"ReadAction\",\"target\":[\"https:\/\/laudiobhi.eus\/es\/renting-portatiles-alumnado\/\"]}]},{\"@type\":\"BreadcrumbList\",\"@id\":\"https:\/\/laudiobhi.eus\/es\/renting-portatiles-alumnado\/#breadcrumb\",\"itemListElement\":[{\"@type\":\"ListItem\",\"position\":1,\"name\":\"Home\",\"item\":\"https:\/\/laudiobhi.eus\/es\/\"},{\"@type\":\"ListItem\",\"position\":2,\"name\":\"Port\u00e1tiles alumnado\"}]},{\"@type\":\"WebSite\",\"@id\":\"https:\/\/laudiobhi.eus\/es\/#website\",\"url\":\"https:\/\/laudiobhi.eus\/es\/\",\"name\":\"laudioinstitutua\",\"description\":\"IES LAUDIO BHI \u00b7 Institutua\",\"potentialAction\":[{\"@type\":\"SearchAction\",\"target\":{\"@type\":\"EntryPoint\",\"urlTemplate\":\"https:\/\/laudiobhi.eus\/es\/?s={search_term_string}\"},\"query-input\":{\"@type\":\"PropertyValueSpecification\",\"valueRequired\":true,\"valueName\":\"search_term_string\"}}],\"inLanguage\":\"es\"}]}<\/script>\n<!-- \/ Yoast SEO plugin. -->","yoast_head_json":{"title":"Port\u00e1tiles alumnado | laudioinstitutua","robots":{"index":"index","follow":"follow","max-snippet":"max-snippet:-1","max-image-preview":"max-image-preview:large","max-video-preview":"max-video-preview:-1"},"canonical":"https:\/\/laudiobhi.eus\/es\/renting-portatiles-alumnado\/","og_locale":"es_ES","og_type":"article","og_title":"Port\u00e1tiles alumnado | laudioinstitutua","og_description":"En el curso 2021-2022, el Departamento de Educaci\u00f3n estableci\u00f3 el procedimiento para el pr\u00e9stamo de ordenadores port\u00e1tiles a los alumnos\/as de los centros p\u00fablicos. Este procedimiento permite que los alumnos y alumnas dispongan de un ordenador port\u00e1til adecuado para la ense\u00f1anza y aprendizaje, tanto en el aula como en casa. En la Resoluci\u00f3n de 24 [&hellip;]","og_url":"https:\/\/laudiobhi.eus\/es\/renting-portatiles-alumnado\/","og_site_name":"laudioinstitutua","article_modified_time":"2026-02-05T12:18:51+00:00","twitter_card":"summary_large_image","twitter_misc":{"Tiempo de lectura":"3 minutos"},"schema":{"@context":"https:\/\/schema.org","@graph":[{"@type":"WebPage","@id":"https:\/\/laudiobhi.eus\/es\/renting-portatiles-alumnado\/","url":"https:\/\/laudiobhi.eus\/es\/renting-portatiles-alumnado\/","name":"Port\u00e1tiles alumnado | laudioinstitutua","isPartOf":{"@id":"https:\/\/laudiobhi.eus\/es\/#website"},"datePublished":"2023-10-02T11:20:06+00:00","dateModified":"2026-02-05T12:18:51+00:00","breadcrumb":{"@id":"https:\/\/laudiobhi.eus\/es\/renting-portatiles-alumnado\/#breadcrumb"},"inLanguage":"es","potentialAction":[{"@type":"ReadAction","target":["https:\/\/laudiobhi.eus\/es\/renting-portatiles-alumnado\/"]}]},{"@type":"BreadcrumbList","@id":"https:\/\/laudiobhi.eus\/es\/renting-portatiles-alumnado\/#breadcrumb","itemListElement":[{"@type":"ListItem","position":1,"name":"Home","item":"https:\/\/laudiobhi.eus\/es\/"},{"@type":"ListItem","position":2,"name":"Port\u00e1tiles alumnado"}]},{"@type":"WebSite","@id":"https:\/\/laudiobhi.eus\/es\/#website","url":"https:\/\/laudiobhi.eus\/es\/","name":"laudioinstitutua","description":"IES LAUDIO BHI \u00b7 Institutua","potentialAction":[{"@type":"SearchAction","target":{"@type":"EntryPoint","urlTemplate":"https:\/\/laudiobhi.eus\/es\/?s={search_term_string}"},"query-input":{"@type":"PropertyValueSpecification","valueRequired":true,"valueName":"search_term_string"}}],"inLanguage":"es"}]}},"_links":{"self":[{"href":"https:\/\/laudiobhi.eus\/es\/wp-json\/wp\/v2\/pages\/5119","targetHints":{"allow":["GET"]}}],"collection":[{"href":"https:\/\/laudiobhi.eus\/es\/wp-json\/wp\/v2\/pages"}],"about":[{"href":"https:\/\/laudiobhi.eus\/es\/wp-json\/wp\/v2\/types\/page"}],"author":[{"embeddable":true,"href":"https:\/\/laudiobhi.eus\/es\/wp-json\/wp\/v2\/users\/2"}],"replies":[{"embeddable":true,"href":"https:\/\/laudiobhi.eus\/es\/wp-json\/wp\/v2\/comments?post=5119"}],"version-history":[{"count":20,"href":"https:\/\/laudiobhi.eus\/es\/wp-json\/wp\/v2\/pages\/5119\/revisions"}],"predecessor-version":[{"id":10298,"href":"https:\/\/laudiobhi.eus\/es\/wp-json\/wp\/v2\/pages\/5119\/revisions\/10298"}],"wp:attachment":[{"href":"https:\/\/laudiobhi.eus\/es\/wp-json\/wp\/v2\/media?parent=5119"}],"curies":[{"name":"wp","href":"https:\/\/api.w.org\/{rel}","templated":true}]}}