{"id":2717,"date":"2022-11-10T12:30:46","date_gmt":"2022-11-10T11:30:46","guid":{"rendered":"https:\/\/laudiobhi.eus\/proyectos\/bidelaguna-2\/"},"modified":"2022-11-16T14:08:29","modified_gmt":"2022-11-16T13:08:29","slug":"bidelaguna-2","status":"publish","type":"page","link":"https:\/\/laudiobhi.eus\/es\/proyectos\/bidelaguna-2\/","title":{"rendered":"Bidelaguna"},"content":{"rendered":"<p>[et_pb_section fb_built=\u00bb1&#8243; _builder_version=\u00bb4.16&#8243; custom_margin=\u00bb0px||||false|false\u00bb custom_padding=\u00bb0px||||false|false\u00bb global_colors_info=\u00bb{}\u00bb][et_pb_row column_structure=\u00bb1_2,1_2&#8243; _builder_version=\u00bb4.16&#8243; max_width=\u00bb1920px\u00bb custom_margin=\u00bb0px||||false|false\u00bb custom_padding=\u00bb0px||||false|false\u00bb global_colors_info=\u00bb{}\u00bb][et_pb_column type=\u00bb1_2&#8243; _builder_version=\u00bb4.16&#8243; global_colors_info=\u00bb{}\u00bb][et_pb_divider show_divider=\u00bboff\u00bb _builder_version=\u00bb4.17.4&#8243; _module_preset=\u00bbdefault\u00bb global_colors_info=\u00bb{}\u00bb][\/et_pb_divider][et_pb_divider show_divider=\u00bboff\u00bb _builder_version=\u00bb4.17.4&#8243; _module_preset=\u00bbdefault\u00bb global_colors_info=\u00bb{}\u00bb][\/et_pb_divider][et_pb_text module_class=\u00bbdolores\u00bb _builder_version=\u00bb4.18.0&#8243; hover_enabled=\u00bb0&#8243; border_width_all=\u00bb1px\u00bb border_color_all=\u00bbrgba(0,0,0,0.1)\u00bb global_colors_info=\u00bb{}\u00bb sticky_enabled=\u00bb0&#8243;]<\/p>\n<h2>BIDELAGUNA<\/h2>\n<p>En muchas ocasiones nos resulta dif\u00edcil trabajar con un determinado perfil de alumnado fuera del aula y del centro, sobre todo por la situaci\u00f3n social desfavorecida de algunas familias. El proyecto Bidelaguna estar\u00e1 dirigido a este grupo de alumnos y alumnas de 1\u00ba y 2\u00ba de la ESO y ofrecer\u00e1 un espacio f\u00edsico en el propio centro en el que un monitor o monitora intentar\u00e1 cubrir las lagunas de motivaci\u00f3n y organizaci\u00f3n del trabajo, as\u00ed como contribuir al desarrollo de las competencias b\u00e1sicas. Habr\u00e1 una persona responsable del proyecto que coordinar\u00e1 al monitor\/a, el equipo directivo, el profesorado del \u00e1rea y los\/las tutores\/as.<\/p>\n<div id=\"output_text_dummy\" class=\"form-div minimal p-0 flex-grow-1 h-20rm\">\n<div><strong>Objetivos<\/strong><\/div>\n<ol>\n<li>Atenci\u00f3n individual y colectiva al alumnado para mejorar su autoestima y la esperanza de \u00e9xito.<\/li>\n<li>Posibilitar la ocupaci\u00f3n del tiempo libre por parte del alumnado reduciendo y\/o previniendo el retraso escolar.<\/li>\n<li>Mejorar las competencias b\u00e1sicas del alumnado: aprendizaje, lectura, escritura, expresi\u00f3n oral, audici\u00f3n, matem\u00e1ticas, organizaci\u00f3n del trabajo.<\/li>\n<li>Apoyo al alumnado en la formaci\u00f3n de medios t\u00e9cnicos y en soporte digital.<\/li>\n<li>Implicar a las familias y fomentar las relaciones con el centro.<\/li>\n<\/ol>\n<\/div>\n<p>[\/et_pb_text][\/et_pb_column][et_pb_column type=\u00bb1_2&#8243; _builder_version=\u00bb4.16&#8243; global_colors_info=\u00bb{}\u00bb][et_pb_divider show_divider=\u00bboff\u00bb _builder_version=\u00bb4.17.4&#8243; _module_preset=\u00bbdefault\u00bb global_colors_info=\u00bb{}\u00bb][\/et_pb_divider][et_pb_divider show_divider=\u00bboff\u00bb _builder_version=\u00bb4.17.4&#8243; _module_preset=\u00bbdefault\u00bb global_colors_info=\u00bb{}\u00bb][\/et_pb_divider][et_pb_image src=\u00bbhttps:\/\/laudiobhi.eus\/wp-content\/uploads\/2022\/11\/BIDELAGUNA.png\u00bb alt=\u00bbBidelaguna\u00bb title_text=\u00bbBIDELAGUNA\u00bb _builder_version=\u00bb4.18.0&#8243; _module_preset=\u00bbdefault\u00bb border_color_all=\u00bb#f3b82e\u00bb border_width_bottom=\u00bb1px\u00bb global_colors_info=\u00bb{}\u00bb][\/et_pb_image][\/et_pb_column][\/et_pb_row][\/et_pb_section]<\/p>\n","protected":false},"excerpt":{"rendered":"<p>BIDELAGUNA En muchas ocasiones nos resulta dif\u00edcil trabajar con un determinado perfil de alumnado fuera del aula y del centro, sobre todo por la situaci\u00f3n social desfavorecida de algunas familias. El proyecto Bidelaguna estar\u00e1 dirigido a este grupo de alumnos y alumnas de 1\u00ba y 2\u00ba de la ESO y ofrecer\u00e1 un espacio f\u00edsico en [&hellip;]<\/p>\n","protected":false},"author":2,"featured_media":0,"parent":1321,"menu_order":0,"comment_status":"closed","ping_status":"closed","template":"","meta":{"_et_pb_use_builder":"on","_et_pb_old_content":"","_et_gb_content_width":"","_mc_calendar":[],"footnotes":""},"class_list":["post-2717","page","type-page","status-publish","hentry"],"yoast_head":"<!-- This site is optimized with the Yoast SEO plugin v27.1.1 - https:\/\/yoast.com\/product\/yoast-seo-wordpress\/ -->\n<title>Bidelaguna | laudioinstitutua<\/title>\n<meta name=\"robots\" content=\"index, follow, max-snippet:-1, max-image-preview:large, max-video-preview:-1\" \/>\n<link rel=\"canonical\" href=\"https:\/\/laudiobhi.eus\/es\/proyectos\/bidelaguna-2\/\" \/>\n<meta property=\"og:locale\" content=\"es_ES\" \/>\n<meta property=\"og:type\" content=\"article\" \/>\n<meta property=\"og:title\" content=\"Bidelaguna | laudioinstitutua\" \/>\n<meta property=\"og:description\" content=\"BIDELAGUNA En muchas ocasiones nos resulta dif\u00edcil trabajar con un determinado perfil de alumnado fuera del aula y del centro, sobre todo por la situaci\u00f3n social desfavorecida de algunas familias. El proyecto Bidelaguna estar\u00e1 dirigido a este grupo de alumnos y alumnas de 1\u00ba y 2\u00ba de la ESO y ofrecer\u00e1 un espacio f\u00edsico en [&hellip;]\" \/>\n<meta property=\"og:url\" content=\"https:\/\/laudiobhi.eus\/es\/proyectos\/bidelaguna-2\/\" \/>\n<meta property=\"og:site_name\" content=\"laudioinstitutua\" \/>\n<meta property=\"article:modified_time\" content=\"2022-11-16T13:08:29+00:00\" \/>\n<meta name=\"twitter:card\" content=\"summary_large_image\" \/>\n<meta name=\"twitter:label1\" content=\"Tiempo de lectura\" \/>\n\t<meta name=\"twitter:data1\" content=\"2 minutos\" \/>\n<script type=\"application\/ld+json\" class=\"yoast-schema-graph\">{\"@context\":\"https:\/\/schema.org\",\"@graph\":[{\"@type\":\"WebPage\",\"@id\":\"https:\/\/laudiobhi.eus\/es\/proyectos\/bidelaguna-2\/\",\"url\":\"https:\/\/laudiobhi.eus\/es\/proyectos\/bidelaguna-2\/\",\"name\":\"Bidelaguna | laudioinstitutua\",\"isPartOf\":{\"@id\":\"https:\/\/laudiobhi.eus\/es\/#website\"},\"datePublished\":\"2022-11-10T11:30:46+00:00\",\"dateModified\":\"2022-11-16T13:08:29+00:00\",\"breadcrumb\":{\"@id\":\"https:\/\/laudiobhi.eus\/es\/proyectos\/bidelaguna-2\/#breadcrumb\"},\"inLanguage\":\"es\",\"potentialAction\":[{\"@type\":\"ReadAction\",\"target\":[\"https:\/\/laudiobhi.eus\/es\/proyectos\/bidelaguna-2\/\"]}]},{\"@type\":\"BreadcrumbList\",\"@id\":\"https:\/\/laudiobhi.eus\/es\/proyectos\/bidelaguna-2\/#breadcrumb\",\"itemListElement\":[{\"@type\":\"ListItem\",\"position\":1,\"name\":\"Home\",\"item\":\"https:\/\/laudiobhi.eus\/es\/\"},{\"@type\":\"ListItem\",\"position\":2,\"name\":\"PROYECTOS\",\"item\":\"https:\/\/laudiobhi.eus\/es\/proyectos\/\"},{\"@type\":\"ListItem\",\"position\":3,\"name\":\"Bidelaguna\"}]},{\"@type\":\"WebSite\",\"@id\":\"https:\/\/laudiobhi.eus\/es\/#website\",\"url\":\"https:\/\/laudiobhi.eus\/es\/\",\"name\":\"laudioinstitutua\",\"description\":\"IES LAUDIO BHI \u00b7 Institutua\",\"potentialAction\":[{\"@type\":\"SearchAction\",\"target\":{\"@type\":\"EntryPoint\",\"urlTemplate\":\"https:\/\/laudiobhi.eus\/es\/?s={search_term_string}\"},\"query-input\":{\"@type\":\"PropertyValueSpecification\",\"valueRequired\":true,\"valueName\":\"search_term_string\"}}],\"inLanguage\":\"es\"}]}<\/script>\n<!-- \/ Yoast SEO plugin. -->","yoast_head_json":{"title":"Bidelaguna | laudioinstitutua","robots":{"index":"index","follow":"follow","max-snippet":"max-snippet:-1","max-image-preview":"max-image-preview:large","max-video-preview":"max-video-preview:-1"},"canonical":"https:\/\/laudiobhi.eus\/es\/proyectos\/bidelaguna-2\/","og_locale":"es_ES","og_type":"article","og_title":"Bidelaguna | laudioinstitutua","og_description":"BIDELAGUNA En muchas ocasiones nos resulta dif\u00edcil trabajar con un determinado perfil de alumnado fuera del aula y del centro, sobre todo por la situaci\u00f3n social desfavorecida de algunas familias. El proyecto Bidelaguna estar\u00e1 dirigido a este grupo de alumnos y alumnas de 1\u00ba y 2\u00ba de la ESO y ofrecer\u00e1 un espacio f\u00edsico en [&hellip;]","og_url":"https:\/\/laudiobhi.eus\/es\/proyectos\/bidelaguna-2\/","og_site_name":"laudioinstitutua","article_modified_time":"2022-11-16T13:08:29+00:00","twitter_card":"summary_large_image","twitter_misc":{"Tiempo de lectura":"2 minutos"},"schema":{"@context":"https:\/\/schema.org","@graph":[{"@type":"WebPage","@id":"https:\/\/laudiobhi.eus\/es\/proyectos\/bidelaguna-2\/","url":"https:\/\/laudiobhi.eus\/es\/proyectos\/bidelaguna-2\/","name":"Bidelaguna | laudioinstitutua","isPartOf":{"@id":"https:\/\/laudiobhi.eus\/es\/#website"},"datePublished":"2022-11-10T11:30:46+00:00","dateModified":"2022-11-16T13:08:29+00:00","breadcrumb":{"@id":"https:\/\/laudiobhi.eus\/es\/proyectos\/bidelaguna-2\/#breadcrumb"},"inLanguage":"es","potentialAction":[{"@type":"ReadAction","target":["https:\/\/laudiobhi.eus\/es\/proyectos\/bidelaguna-2\/"]}]},{"@type":"BreadcrumbList","@id":"https:\/\/laudiobhi.eus\/es\/proyectos\/bidelaguna-2\/#breadcrumb","itemListElement":[{"@type":"ListItem","position":1,"name":"Home","item":"https:\/\/laudiobhi.eus\/es\/"},{"@type":"ListItem","position":2,"name":"PROYECTOS","item":"https:\/\/laudiobhi.eus\/es\/proyectos\/"},{"@type":"ListItem","position":3,"name":"Bidelaguna"}]},{"@type":"WebSite","@id":"https:\/\/laudiobhi.eus\/es\/#website","url":"https:\/\/laudiobhi.eus\/es\/","name":"laudioinstitutua","description":"IES LAUDIO BHI \u00b7 Institutua","potentialAction":[{"@type":"SearchAction","target":{"@type":"EntryPoint","urlTemplate":"https:\/\/laudiobhi.eus\/es\/?s={search_term_string}"},"query-input":{"@type":"PropertyValueSpecification","valueRequired":true,"valueName":"search_term_string"}}],"inLanguage":"es"}]}},"_links":{"self":[{"href":"https:\/\/laudiobhi.eus\/es\/wp-json\/wp\/v2\/pages\/2717","targetHints":{"allow":["GET"]}}],"collection":[{"href":"https:\/\/laudiobhi.eus\/es\/wp-json\/wp\/v2\/pages"}],"about":[{"href":"https:\/\/laudiobhi.eus\/es\/wp-json\/wp\/v2\/types\/page"}],"author":[{"embeddable":true,"href":"https:\/\/laudiobhi.eus\/es\/wp-json\/wp\/v2\/users\/2"}],"replies":[{"embeddable":true,"href":"https:\/\/laudiobhi.eus\/es\/wp-json\/wp\/v2\/comments?post=2717"}],"version-history":[{"count":4,"href":"https:\/\/laudiobhi.eus\/es\/wp-json\/wp\/v2\/pages\/2717\/revisions"}],"predecessor-version":[{"id":2769,"href":"https:\/\/laudiobhi.eus\/es\/wp-json\/wp\/v2\/pages\/2717\/revisions\/2769"}],"up":[{"embeddable":true,"href":"https:\/\/laudiobhi.eus\/es\/wp-json\/wp\/v2\/pages\/1321"}],"wp:attachment":[{"href":"https:\/\/laudiobhi.eus\/es\/wp-json\/wp\/v2\/media?parent=2717"}],"curies":[{"name":"wp","href":"https:\/\/api.w.org\/{rel}","templated":true}]}}