{"id":2428,"date":"2022-10-10T13:09:08","date_gmt":"2022-10-10T11:09:08","guid":{"rendered":"https:\/\/laudiobhi.eus\/asociacion-madres-y-padres\/"},"modified":"2023-10-09T12:58:54","modified_gmt":"2023-10-09T10:58:54","slug":"asociacion-madres-y-padres","status":"publish","type":"page","link":"https:\/\/laudiobhi.eus\/es\/asociacion-madres-y-padres\/","title":{"rendered":"AMPA"},"content":{"rendered":"<p>[et_pb_section fb_built=\u00bb1&#8243; _builder_version=\u00bb4.16&#8243; global_colors_info=\u00bb{}\u00bb][et_pb_row _builder_version=\u00bb4.18.0&#8243; background_color=\u00bbRGBA(255,255,255,0)\u00bb background_size=\u00bbinitial\u00bb background_position=\u00bbtop_left\u00bb background_repeat=\u00bbrepeat\u00bb custom_padding=\u00bb15px|15px|15px|15px|true|true\u00bb global_colors_info=\u00bb{}\u00bb][et_pb_column type=\u00bb4_4&#8243; _builder_version=\u00bb4.16&#8243; custom_padding=\u00bb|||\u00bb global_colors_info=\u00bb{}\u00bb custom_padding__hover=\u00bb|||\u00bb][et_pb_text _builder_version=\u00bb4.22.1&#8243; custom_padding=\u00bb15px|15px|15px|15px|true|true\u00bb hover_enabled=\u00bb0&#8243; global_colors_info=\u00bb{}\u00bb sticky_enabled=\u00bb0&#8243;]<\/p>\n<h2>\u00a1Necesitamos tu participaci\u00f3n!<\/h2>\n<p>Nos dirigimoas a las familias de Laudio BHI para\u00a0 animaros a implicaros un poco m\u00e1s en el proceso educativo de vuestros hijos y vuestras hijas a trav\u00e9s de la participaci\u00f3n en los estamentos del centro. Creemos en la esa necesidad de la\u00a0 implicaci\u00f3n y colaboraci\u00f3n\u00a0 de las familias en el instituto, por eso en el AMPA trabajamos en equipo con el centro para construir los diferentes proyectos que el instituto ofrece y as\u00ed participar en el desarrollo educativo de nuestr@s hijos e hijas.<\/p>\n<p>Os ofrecemos estas dos posibilidades de hacer efectiva vuestra participaci\u00f3n:<\/p>\n<ol>\n<li>Pod\u00e9is uniros como familia pagando la cuota familiar anual. Pod\u00e9is introducir la cantidad de <strong>10 \u20ac<\/strong> por familia en la siguiente cuenta corriente: ES1030350045290450036507<\/li>\n<li><strong>Colaborando en el equipo gestor.<\/strong><\/li>\n<\/ol>\n<p>An\u00edmate y ap\u00fantate al AMPA\u00a0 entregando est\u00e1 hoja cumplimentada a trav\u00e9s de los tutores, o si prefieres envi\u00e1ndola al correo <strong>ige@laudiobhi.eus<\/strong><\/p>\n<a href='https:\/\/laudiobhi.eus\/wp-content\/uploads\/2023\/01\/Izen-ematea-IGE_es.pdf' class='small-button smallblue' target=\"_blank\">HOJA INSCRIPCI\u00d3N<\/a>\n<p>[\/et_pb_text][\/et_pb_column][\/et_pb_row][\/et_pb_section]<\/p>\n","protected":false},"excerpt":{"rendered":"<p>\u00a1Necesitamos tu participaci\u00f3n! Nos dirigimoas a las familias de Laudio BHI para\u00a0 animaros a implicaros un poco m\u00e1s en el proceso educativo de vuestros hijos y vuestras hijas a trav\u00e9s de la participaci\u00f3n en los estamentos del centro. Creemos en la esa necesidad de la\u00a0 implicaci\u00f3n y colaboraci\u00f3n\u00a0 de las familias en el instituto, por [&hellip;]<\/p>\n","protected":false},"author":2,"featured_media":0,"parent":0,"menu_order":0,"comment_status":"closed","ping_status":"closed","template":"","meta":{"_et_pb_use_builder":"on","_et_pb_old_content":"","_et_gb_content_width":"","_mc_calendar":[],"footnotes":""},"class_list":["post-2428","page","type-page","status-publish","hentry"],"yoast_head":"<!-- This site is optimized with the Yoast SEO plugin v27.1.1 - https:\/\/yoast.com\/product\/yoast-seo-wordpress\/ -->\n<title>AMPA | laudioinstitutua<\/title>\n<meta name=\"robots\" content=\"index, follow, max-snippet:-1, max-image-preview:large, max-video-preview:-1\" \/>\n<link rel=\"canonical\" href=\"https:\/\/laudiobhi.eus\/es\/asociacion-madres-y-padres\/\" \/>\n<meta property=\"og:locale\" content=\"es_ES\" \/>\n<meta property=\"og:type\" content=\"article\" \/>\n<meta property=\"og:title\" content=\"AMPA | laudioinstitutua\" \/>\n<meta property=\"og:description\" content=\"\u00a1Necesitamos tu participaci\u00f3n! Nos dirigimoas a las familias de Laudio BHI para\u00a0 animaros a implicaros un poco m\u00e1s en el proceso educativo de vuestros hijos y vuestras hijas a trav\u00e9s de la participaci\u00f3n en los estamentos del centro. Creemos en la esa necesidad de la\u00a0 implicaci\u00f3n y colaboraci\u00f3n\u00a0 de las familias en el instituto, por [&hellip;]\" \/>\n<meta property=\"og:url\" content=\"https:\/\/laudiobhi.eus\/es\/asociacion-madres-y-padres\/\" \/>\n<meta property=\"og:site_name\" content=\"laudioinstitutua\" \/>\n<meta property=\"article:modified_time\" content=\"2023-10-09T10:58:54+00:00\" \/>\n<meta name=\"twitter:card\" content=\"summary_large_image\" \/>\n<meta name=\"twitter:label1\" content=\"Tiempo de lectura\" \/>\n\t<meta name=\"twitter:data1\" content=\"1 minuto\" \/>\n<script type=\"application\/ld+json\" class=\"yoast-schema-graph\">{\"@context\":\"https:\/\/schema.org\",\"@graph\":[{\"@type\":\"WebPage\",\"@id\":\"https:\/\/laudiobhi.eus\/es\/asociacion-madres-y-padres\/\",\"url\":\"https:\/\/laudiobhi.eus\/es\/asociacion-madres-y-padres\/\",\"name\":\"AMPA | laudioinstitutua\",\"isPartOf\":{\"@id\":\"https:\/\/laudiobhi.eus\/es\/#website\"},\"datePublished\":\"2022-10-10T11:09:08+00:00\",\"dateModified\":\"2023-10-09T10:58:54+00:00\",\"breadcrumb\":{\"@id\":\"https:\/\/laudiobhi.eus\/es\/asociacion-madres-y-padres\/#breadcrumb\"},\"inLanguage\":\"es\",\"potentialAction\":[{\"@type\":\"ReadAction\",\"target\":[\"https:\/\/laudiobhi.eus\/es\/asociacion-madres-y-padres\/\"]}]},{\"@type\":\"BreadcrumbList\",\"@id\":\"https:\/\/laudiobhi.eus\/es\/asociacion-madres-y-padres\/#breadcrumb\",\"itemListElement\":[{\"@type\":\"ListItem\",\"position\":1,\"name\":\"Home\",\"item\":\"https:\/\/laudiobhi.eus\/es\/\"},{\"@type\":\"ListItem\",\"position\":2,\"name\":\"AMPA\"}]},{\"@type\":\"WebSite\",\"@id\":\"https:\/\/laudiobhi.eus\/es\/#website\",\"url\":\"https:\/\/laudiobhi.eus\/es\/\",\"name\":\"laudioinstitutua\",\"description\":\"IES LAUDIO BHI \u00b7 Institutua\",\"potentialAction\":[{\"@type\":\"SearchAction\",\"target\":{\"@type\":\"EntryPoint\",\"urlTemplate\":\"https:\/\/laudiobhi.eus\/es\/?s={search_term_string}\"},\"query-input\":{\"@type\":\"PropertyValueSpecification\",\"valueRequired\":true,\"valueName\":\"search_term_string\"}}],\"inLanguage\":\"es\"}]}<\/script>\n<!-- \/ Yoast SEO plugin. -->","yoast_head_json":{"title":"AMPA | laudioinstitutua","robots":{"index":"index","follow":"follow","max-snippet":"max-snippet:-1","max-image-preview":"max-image-preview:large","max-video-preview":"max-video-preview:-1"},"canonical":"https:\/\/laudiobhi.eus\/es\/asociacion-madres-y-padres\/","og_locale":"es_ES","og_type":"article","og_title":"AMPA | laudioinstitutua","og_description":"\u00a1Necesitamos tu participaci\u00f3n! Nos dirigimoas a las familias de Laudio BHI para\u00a0 animaros a implicaros un poco m\u00e1s en el proceso educativo de vuestros hijos y vuestras hijas a trav\u00e9s de la participaci\u00f3n en los estamentos del centro. Creemos en la esa necesidad de la\u00a0 implicaci\u00f3n y colaboraci\u00f3n\u00a0 de las familias en el instituto, por [&hellip;]","og_url":"https:\/\/laudiobhi.eus\/es\/asociacion-madres-y-padres\/","og_site_name":"laudioinstitutua","article_modified_time":"2023-10-09T10:58:54+00:00","twitter_card":"summary_large_image","twitter_misc":{"Tiempo de lectura":"1 minuto"},"schema":{"@context":"https:\/\/schema.org","@graph":[{"@type":"WebPage","@id":"https:\/\/laudiobhi.eus\/es\/asociacion-madres-y-padres\/","url":"https:\/\/laudiobhi.eus\/es\/asociacion-madres-y-padres\/","name":"AMPA | laudioinstitutua","isPartOf":{"@id":"https:\/\/laudiobhi.eus\/es\/#website"},"datePublished":"2022-10-10T11:09:08+00:00","dateModified":"2023-10-09T10:58:54+00:00","breadcrumb":{"@id":"https:\/\/laudiobhi.eus\/es\/asociacion-madres-y-padres\/#breadcrumb"},"inLanguage":"es","potentialAction":[{"@type":"ReadAction","target":["https:\/\/laudiobhi.eus\/es\/asociacion-madres-y-padres\/"]}]},{"@type":"BreadcrumbList","@id":"https:\/\/laudiobhi.eus\/es\/asociacion-madres-y-padres\/#breadcrumb","itemListElement":[{"@type":"ListItem","position":1,"name":"Home","item":"https:\/\/laudiobhi.eus\/es\/"},{"@type":"ListItem","position":2,"name":"AMPA"}]},{"@type":"WebSite","@id":"https:\/\/laudiobhi.eus\/es\/#website","url":"https:\/\/laudiobhi.eus\/es\/","name":"laudioinstitutua","description":"IES LAUDIO BHI \u00b7 Institutua","potentialAction":[{"@type":"SearchAction","target":{"@type":"EntryPoint","urlTemplate":"https:\/\/laudiobhi.eus\/es\/?s={search_term_string}"},"query-input":{"@type":"PropertyValueSpecification","valueRequired":true,"valueName":"search_term_string"}}],"inLanguage":"es"}]}},"_links":{"self":[{"href":"https:\/\/laudiobhi.eus\/es\/wp-json\/wp\/v2\/pages\/2428","targetHints":{"allow":["GET"]}}],"collection":[{"href":"https:\/\/laudiobhi.eus\/es\/wp-json\/wp\/v2\/pages"}],"about":[{"href":"https:\/\/laudiobhi.eus\/es\/wp-json\/wp\/v2\/types\/page"}],"author":[{"embeddable":true,"href":"https:\/\/laudiobhi.eus\/es\/wp-json\/wp\/v2\/users\/2"}],"replies":[{"embeddable":true,"href":"https:\/\/laudiobhi.eus\/es\/wp-json\/wp\/v2\/comments?post=2428"}],"version-history":[{"count":18,"href":"https:\/\/laudiobhi.eus\/es\/wp-json\/wp\/v2\/pages\/2428\/revisions"}],"predecessor-version":[{"id":5608,"href":"https:\/\/laudiobhi.eus\/es\/wp-json\/wp\/v2\/pages\/2428\/revisions\/5608"}],"wp:attachment":[{"href":"https:\/\/laudiobhi.eus\/es\/wp-json\/wp\/v2\/media?parent=2428"}],"curies":[{"name":"wp","href":"https:\/\/api.w.org\/{rel}","templated":true}]}}