{"id":2350,"date":"2022-10-09T18:53:54","date_gmt":"2022-10-09T16:53:54","guid":{"rendered":"https:\/\/laudiobhi.eus\/geleria-de-imagenes\/"},"modified":"2022-12-07T19:11:58","modified_gmt":"2022-12-07T18:11:58","slug":"geleria-de-imagenes","status":"publish","type":"page","link":"https:\/\/laudiobhi.eus\/es\/geleria-de-imagenes\/","title":{"rendered":"Galer\u00eda de Im\u00e1genes"},"content":{"rendered":"<p>[et_pb_section fb_built=\u00bb1&#8243; admin_label=\u00bbsection\u00bb _builder_version=\u00bb4.17.4&#8243; background_color=\u00bbrgba(1,160,173,0.1)\u00bb custom_margin=\u00bb||||false|false\u00bb custom_padding=\u00bb||||false|false\u00bb global_colors_info=\u00bb{}\u00bb][et_pb_row _builder_version=\u00bb4.16.1&#8243; background_size=\u00bbinitial\u00bb background_position=\u00bbtop_left\u00bb background_repeat=\u00bbrepeat\u00bb border_width_top=\u00bb0px\u00bb border_width_right=\u00bb0px\u00bb border_color_bottom=\u00bb#284b63&#8243; border_width_left=\u00bb0px\u00bb global_colors_info=\u00bb{}\u00bb][et_pb_column type=\u00bb4_4&#8243; _builder_version=\u00bb4.16&#8243; custom_padding=\u00bb|||\u00bb global_colors_info=\u00bb{}\u00bb custom_padding__hover=\u00bb|||\u00bb][et_pb_text content_last_edited=\u00bboff|desktop\u00bb admin_label=\u00bbEuskararen Eguna\u00bb _builder_version=\u00bb4.19.2&#8243; _module_preset=\u00bbdefault\u00bb hover_enabled=\u00bb0&#8243; global_colors_info=\u00bb{}\u00bb sticky_enabled=\u00bb0&#8243;]<\/p>\n<h3><span style=\"color: #ffffff;\"><span style=\"color: #6c4796;\">EUSKARAREN EGUNA EN NUESTRO CENTRO<\/span><\/span><\/h3>\n<div>El d\u00eda 2 de diciembre, en el recreo, tuvimos una sesi\u00f3n de danza de alumnos y profesores para celebrar dos acontecimientos: el FIN DEL EUSKARALDIA y el D\u00cdA DEL EUSKERA.<\/div>\n<p>[\/et_pb_text][et_pb_gallery gallery_ids=\u00bb2948,2946,2944,2942,2940,2938,2936,2934,2932,2930,2928,2926,2924,2922,2950&#8243; show_title_and_caption=\u00bboff\u00bb _builder_version=\u00bb4.19.2&#8243; _module_preset=\u00bbdefault\u00bb global_colors_info=\u00bb{}\u00bb][\/et_pb_gallery][et_pb_divider _builder_version=\u00bb4.18.0&#8243; _module_preset=\u00bbdefault\u00bb border_color_all=\u00bb#6c4796&#8243; global_colors_info=\u00bb{}\u00bb][\/et_pb_divider][et_pb_text content_last_edited=\u00bboff|desktop\u00bb admin_label=\u00bbIleapainketa\u00bb _builder_version=\u00bb4.18.0&#8243; _module_preset=\u00bbdefault\u00bb global_colors_info=\u00bb{}\u00bb]<\/p>\n<h3><span style=\"color: #ffffff;\"><span style=\"color: #6c4796;\">ALUMNOS\/AS FPB de PELUQUER\u00cdA<\/span><\/span><\/h3>\n<p>El d\u00eda 27 de septiembre los grupos de 1\u00ba y 2\u00ba de FPGB tuvimos una demostraci\u00f3n de u\u00f1as de la casa comercial Artistic nail de la mano de Elisa Rojas.\u00a0Durante 4 horas vimos decoraciones fant\u00e1sticas y aprendimos mucha teor\u00eda y pr\u00e1ctica.<\/p>\n<p>[\/et_pb_text][et_pb_gallery gallery_ids=\u00bb2335,2333,2331,2329&#8243; show_title_and_caption=\u00bboff\u00bb _builder_version=\u00bb4.18.0&#8243; _module_preset=\u00bbdefault\u00bb global_colors_info=\u00bb{}\u00bb][\/et_pb_gallery][et_pb_divider _builder_version=\u00bb4.18.0&#8243; _module_preset=\u00bbdefault\u00bb border_color_all=\u00bb#6c4796&#8243; global_colors_info=\u00bb{}\u00bb][\/et_pb_divider][\/et_pb_column][\/et_pb_row][\/et_pb_section]<\/p>\n","protected":false},"excerpt":{"rendered":"<p>EUSKARAREN EGUNA EN NUESTRO CENTRO El d\u00eda 2 de diciembre, en el recreo, tuvimos una sesi\u00f3n de danza de alumnos y profesores para celebrar dos acontecimientos: el FIN DEL EUSKARALDIA y el D\u00cdA DEL EUSKERA.ALUMNOS\/AS FPB de PELUQUER\u00cdA El d\u00eda 27 de septiembre los grupos de 1\u00ba y 2\u00ba de FPGB tuvimos una demostraci\u00f3n de [&hellip;]<\/p>\n","protected":false},"author":2,"featured_media":0,"parent":0,"menu_order":0,"comment_status":"closed","ping_status":"closed","template":"","meta":{"_et_pb_use_builder":"on","_et_pb_old_content":"","_et_gb_content_width":"","_mc_calendar":[],"footnotes":""},"class_list":["post-2350","page","type-page","status-publish","hentry"],"yoast_head":"<!-- This site is optimized with the Yoast SEO plugin v27.1.1 - https:\/\/yoast.com\/product\/yoast-seo-wordpress\/ -->\n<title>Galer\u00eda de Im\u00e1genes | laudioinstitutua<\/title>\n<meta name=\"robots\" content=\"index, follow, max-snippet:-1, max-image-preview:large, max-video-preview:-1\" \/>\n<link rel=\"canonical\" href=\"https:\/\/laudiobhi.eus\/es\/geleria-de-imagenes\/\" \/>\n<meta property=\"og:locale\" content=\"es_ES\" \/>\n<meta property=\"og:type\" content=\"article\" \/>\n<meta property=\"og:title\" content=\"Galer\u00eda de Im\u00e1genes | laudioinstitutua\" \/>\n<meta property=\"og:description\" content=\"EUSKARAREN EGUNA EN NUESTRO CENTRO El d\u00eda 2 de diciembre, en el recreo, tuvimos una sesi\u00f3n de danza de alumnos y profesores para celebrar dos acontecimientos: el FIN DEL EUSKARALDIA y el D\u00cdA DEL EUSKERA.ALUMNOS\/AS FPB de PELUQUER\u00cdA El d\u00eda 27 de septiembre los grupos de 1\u00ba y 2\u00ba de FPGB tuvimos una demostraci\u00f3n de [&hellip;]\" \/>\n<meta property=\"og:url\" content=\"https:\/\/laudiobhi.eus\/es\/geleria-de-imagenes\/\" \/>\n<meta property=\"og:site_name\" content=\"laudioinstitutua\" \/>\n<meta property=\"article:modified_time\" content=\"2022-12-07T18:11:58+00:00\" \/>\n<meta name=\"twitter:card\" content=\"summary_large_image\" \/>\n<meta name=\"twitter:label1\" content=\"Tiempo de lectura\" \/>\n\t<meta name=\"twitter:data1\" content=\"1 minuto\" \/>\n<script type=\"application\/ld+json\" class=\"yoast-schema-graph\">{\"@context\":\"https:\/\/schema.org\",\"@graph\":[{\"@type\":\"WebPage\",\"@id\":\"https:\/\/laudiobhi.eus\/es\/geleria-de-imagenes\/\",\"url\":\"https:\/\/laudiobhi.eus\/es\/geleria-de-imagenes\/\",\"name\":\"Galer\u00eda de Im\u00e1genes | laudioinstitutua\",\"isPartOf\":{\"@id\":\"https:\/\/laudiobhi.eus\/es\/#website\"},\"datePublished\":\"2022-10-09T16:53:54+00:00\",\"dateModified\":\"2022-12-07T18:11:58+00:00\",\"breadcrumb\":{\"@id\":\"https:\/\/laudiobhi.eus\/es\/geleria-de-imagenes\/#breadcrumb\"},\"inLanguage\":\"es\",\"potentialAction\":[{\"@type\":\"ReadAction\",\"target\":[\"https:\/\/laudiobhi.eus\/es\/geleria-de-imagenes\/\"]}]},{\"@type\":\"BreadcrumbList\",\"@id\":\"https:\/\/laudiobhi.eus\/es\/geleria-de-imagenes\/#breadcrumb\",\"itemListElement\":[{\"@type\":\"ListItem\",\"position\":1,\"name\":\"Home\",\"item\":\"https:\/\/laudiobhi.eus\/es\/\"},{\"@type\":\"ListItem\",\"position\":2,\"name\":\"Galer\u00eda de Im\u00e1genes\"}]},{\"@type\":\"WebSite\",\"@id\":\"https:\/\/laudiobhi.eus\/es\/#website\",\"url\":\"https:\/\/laudiobhi.eus\/es\/\",\"name\":\"laudioinstitutua\",\"description\":\"IES LAUDIO BHI \u00b7 Institutua\",\"potentialAction\":[{\"@type\":\"SearchAction\",\"target\":{\"@type\":\"EntryPoint\",\"urlTemplate\":\"https:\/\/laudiobhi.eus\/es\/?s={search_term_string}\"},\"query-input\":{\"@type\":\"PropertyValueSpecification\",\"valueRequired\":true,\"valueName\":\"search_term_string\"}}],\"inLanguage\":\"es\"}]}<\/script>\n<!-- \/ Yoast SEO plugin. -->","yoast_head_json":{"title":"Galer\u00eda de Im\u00e1genes | laudioinstitutua","robots":{"index":"index","follow":"follow","max-snippet":"max-snippet:-1","max-image-preview":"max-image-preview:large","max-video-preview":"max-video-preview:-1"},"canonical":"https:\/\/laudiobhi.eus\/es\/geleria-de-imagenes\/","og_locale":"es_ES","og_type":"article","og_title":"Galer\u00eda de Im\u00e1genes | laudioinstitutua","og_description":"EUSKARAREN EGUNA EN NUESTRO CENTRO El d\u00eda 2 de diciembre, en el recreo, tuvimos una sesi\u00f3n de danza de alumnos y profesores para celebrar dos acontecimientos: el FIN DEL EUSKARALDIA y el D\u00cdA DEL EUSKERA.ALUMNOS\/AS FPB de PELUQUER\u00cdA El d\u00eda 27 de septiembre los grupos de 1\u00ba y 2\u00ba de FPGB tuvimos una demostraci\u00f3n de [&hellip;]","og_url":"https:\/\/laudiobhi.eus\/es\/geleria-de-imagenes\/","og_site_name":"laudioinstitutua","article_modified_time":"2022-12-07T18:11:58+00:00","twitter_card":"summary_large_image","twitter_misc":{"Tiempo de lectura":"1 minuto"},"schema":{"@context":"https:\/\/schema.org","@graph":[{"@type":"WebPage","@id":"https:\/\/laudiobhi.eus\/es\/geleria-de-imagenes\/","url":"https:\/\/laudiobhi.eus\/es\/geleria-de-imagenes\/","name":"Galer\u00eda de Im\u00e1genes | laudioinstitutua","isPartOf":{"@id":"https:\/\/laudiobhi.eus\/es\/#website"},"datePublished":"2022-10-09T16:53:54+00:00","dateModified":"2022-12-07T18:11:58+00:00","breadcrumb":{"@id":"https:\/\/laudiobhi.eus\/es\/geleria-de-imagenes\/#breadcrumb"},"inLanguage":"es","potentialAction":[{"@type":"ReadAction","target":["https:\/\/laudiobhi.eus\/es\/geleria-de-imagenes\/"]}]},{"@type":"BreadcrumbList","@id":"https:\/\/laudiobhi.eus\/es\/geleria-de-imagenes\/#breadcrumb","itemListElement":[{"@type":"ListItem","position":1,"name":"Home","item":"https:\/\/laudiobhi.eus\/es\/"},{"@type":"ListItem","position":2,"name":"Galer\u00eda de Im\u00e1genes"}]},{"@type":"WebSite","@id":"https:\/\/laudiobhi.eus\/es\/#website","url":"https:\/\/laudiobhi.eus\/es\/","name":"laudioinstitutua","description":"IES LAUDIO BHI \u00b7 Institutua","potentialAction":[{"@type":"SearchAction","target":{"@type":"EntryPoint","urlTemplate":"https:\/\/laudiobhi.eus\/es\/?s={search_term_string}"},"query-input":{"@type":"PropertyValueSpecification","valueRequired":true,"valueName":"search_term_string"}}],"inLanguage":"es"}]}},"_links":{"self":[{"href":"https:\/\/laudiobhi.eus\/es\/wp-json\/wp\/v2\/pages\/2350","targetHints":{"allow":["GET"]}}],"collection":[{"href":"https:\/\/laudiobhi.eus\/es\/wp-json\/wp\/v2\/pages"}],"about":[{"href":"https:\/\/laudiobhi.eus\/es\/wp-json\/wp\/v2\/types\/page"}],"author":[{"embeddable":true,"href":"https:\/\/laudiobhi.eus\/es\/wp-json\/wp\/v2\/users\/2"}],"replies":[{"embeddable":true,"href":"https:\/\/laudiobhi.eus\/es\/wp-json\/wp\/v2\/comments?post=2350"}],"version-history":[{"count":13,"href":"https:\/\/laudiobhi.eus\/es\/wp-json\/wp\/v2\/pages\/2350\/revisions"}],"predecessor-version":[{"id":2962,"href":"https:\/\/laudiobhi.eus\/es\/wp-json\/wp\/v2\/pages\/2350\/revisions\/2962"}],"wp:attachment":[{"href":"https:\/\/laudiobhi.eus\/es\/wp-json\/wp\/v2\/media?parent=2350"}],"curies":[{"name":"wp","href":"https:\/\/api.w.org\/{rel}","templated":true}]}}