{"id":1373,"date":"2022-06-30T10:35:47","date_gmt":"2022-06-30T08:35:47","guid":{"rendered":"https:\/\/laudiobhi.eus\/proyectos\/hedatze\/"},"modified":"2025-09-23T14:35:38","modified_gmt":"2025-09-23T12:35:38","slug":"hedatze","status":"publish","type":"page","link":"https:\/\/laudiobhi.eus\/es\/proyectos\/hedatze\/","title":{"rendered":"Hedatze"},"content":{"rendered":"<p>[et_pb_section fb_built=\u00bb1&#8243; _builder_version=\u00bb4.16&#8243; custom_margin=\u00bb0px||||false|false\u00bb custom_padding=\u00bb0px||||false|false\u00bb global_colors_info=\u00bb{}\u00bb][et_pb_row column_structure=\u00bb1_2,1_2&#8243; _builder_version=\u00bb4.16&#8243; max_width=\u00bb1920px\u00bb custom_margin=\u00bb0px||||false|false\u00bb custom_padding=\u00bb0px||||false|false\u00bb global_colors_info=\u00bb{}\u00bb][et_pb_column type=\u00bb1_2&#8243; _builder_version=\u00bb4.16&#8243; global_colors_info=\u00bb{}\u00bb][et_pb_divider show_divider=\u00bboff\u00bb _builder_version=\u00bb4.17.4&#8243; _module_preset=\u00bbdefault\u00bb global_colors_info=\u00bb{}\u00bb][\/et_pb_divider][et_pb_text module_class=\u00bbdolores\u00bb _builder_version=\u00bb4.17.6&#8243; border_width_all=\u00bb1px\u00bb border_color_all=\u00bbrgba(0,0,0,0.1)\u00bb global_colors_info=\u00bb{}\u00bb]<\/p>\n<h2>PROYECTO HEDATZE<\/h2>\n<p><\/p>\n<div>La comunidad escolar del IES Laudio BHI decidi\u00f3 participar en la convocatoria del 26 de abril de 2022 para el proyecto HEDATZE de renovaci\u00f3n de la organizaci\u00f3n interna del Departamento de Educaci\u00f3n, Pol\u00edtica Ling\u00fc\u00edstica y Cultura.<\/div>\n<p><\/p>\n<div>\u00a0<\/div>\n<p><\/p>\n<div>El proyecto HEDATZE es una oportunidad \u00fanica para ofrecer a nuestros alumnos y alumnas un nuevo contexto de ense\u00f1anza y reconducir su \u00e9xito escolar. Esperamos que esta iniciativa tambi\u00e9n sea de gran ayuda para garantizar la equidad del centro, ofreciendo alternativas de ocio gratuitas y favoreciendo momentos de coeducaci\u00f3n y convivencia enriquecedores.<\/div>\n<p><\/p>\n<div>\n<div>\u00a0<\/div>\n<p><\/p>\n<div><em><strong>Objetivos generales<\/strong><\/em><\/div>\n<p><\/p>\n<ol>\n<li>Mejorar el Proyecto Educativo del Centro, dot\u00e1ndolo de un marco por la tarde m\u00e1s amplio y flexible, enriqueciendo nuestra oferta educativa y potenciando la participaci\u00f3n de toda la Comunidad Escolar.<\/li>\n<li>Prestar m\u00e1s y de forma m\u00e1s concreta atenci\u00f3n a toda la Comunidad Educativa, especialmente al alumnado que m\u00e1s lo necesita (EQUIDAD) y al que m\u00e1s lo demanda (EXCELENCIA), favoreciendo una educaci\u00f3n de calidad, integral y euskaldun.<\/li>\n<li>Aprovechar el equipamiento que el centro ofrece a la Comunidad Educativa, especialmente las aulas, ordenadores, equipos multimedia, instalaciones deportivas\u2026 ofreciendo a los alumnos\/as otras opciones de ocio, gratuitas y en euskera.<\/li>\n<li>Mejorar el ambiente del centro (reducir los problemas de disciplina del mediod\u00eda y de la tarde), creando momentos de convivencia m\u00e1s flexibles y relajados.<\/li>\n<li>Mejorar el \u00e9xito educativo de los alumnos\/as (horas de refuerzo, potenciando el aprendizaje aut\u00f3nomo\u2026) y reforzar las competencias b\u00e1sicas, especialmente en las lenguas y la autonom\u00eda de aprendizaje.<\/li>\n<\/ol>\n<p><\/div>\n<p><\/p>\n<div>\u00a0<\/div>\n<p>[\/et_pb_text][\/et_pb_column][et_pb_column type=\u00bb1_2&#8243; _builder_version=\u00bb4.16&#8243; global_colors_info=\u00bb{}\u00bb][et_pb_divider show_divider=\u00bboff\u00bb _builder_version=\u00bb4.17.4&#8243; _module_preset=\u00bbdefault\u00bb global_colors_info=\u00bb{}\u00bb][\/et_pb_divider][et_pb_image src=\u00bbhttps:\/\/laudiobhi.eus\/wp-content\/uploads\/2022\/06\/Laudio_hedatze.jpg\u00bb alt=\u00bbLaudio_hedatze\u00bb title_text=\u00bbLaudio_hedatze\u00bb _builder_version=\u00bb4.17.4&#8243; _module_preset=\u00bbdefault\u00bb border_color_all=\u00bb#f3b82e\u00bb border_width_bottom=\u00bb1px\u00bb global_colors_info=\u00bb{}\u00bb][\/et_pb_image][et_pb_button button_url=\u00bbhttps:\/\/calendar.google.com\/calendar\/embed?src=laudioinstitutua.net_lnl8tgqp0emqa446qaos47s72o%40group.calendar.google.com&amp;ctz=Europe%2FMadrid\u00bb url_new_window=\u00bbon\u00bb button_text=\u00bbCALENDARIO de ACTIVIDADES\u00bb _builder_version=\u00bb4.17.6&#8243; _module_preset=\u00bbdefault\u00bb global_colors_info=\u00bb{}\u00bb][\/et_pb_button][et_pb_button button_url=\u00bbhttps:\/\/www.canva.com\/design\/DAFYG7K5Exo\/LhQM4GTzFQmuUS6K0gnWkA\/view?utm_content=DAFYG7K5Exo&amp;utm_campaign=designshare&amp;utm_medium=link&amp;utm_source=editor\u00bb url_new_window=\u00bbon\u00bb button_text=\u00bbINFORMACI\u00d3N sobre los TALLERES\u00bb _builder_version=\u00bb4.27.2&#8243; _module_preset=\u00bbdefault\u00bb global_colors_info=\u00bb{}\u00bb][\/et_pb_button][\/et_pb_column][\/et_pb_row][\/et_pb_section]<\/p>\n","protected":false},"excerpt":{"rendered":"<p>PROYECTO HEDATZELa comunidad escolar del IES Laudio BHI decidi\u00f3 participar en la convocatoria del 26 de abril de 2022 para el proyecto HEDATZE de renovaci\u00f3n de la organizaci\u00f3n interna del Departamento de Educaci\u00f3n, Pol\u00edtica Ling\u00fc\u00edstica y Cultura.\u00a0El proyecto HEDATZE es una oportunidad \u00fanica para ofrecer a nuestros alumnos y alumnas un nuevo contexto de ense\u00f1anza [&hellip;]<\/p>\n","protected":false},"author":1,"featured_media":0,"parent":1321,"menu_order":0,"comment_status":"closed","ping_status":"closed","template":"","meta":{"_et_pb_use_builder":"on","_et_pb_old_content":"","_et_gb_content_width":"","_mc_calendar":[],"footnotes":""},"class_list":["post-1373","page","type-page","status-publish","hentry"],"yoast_head":"<!-- This site is optimized with the Yoast SEO plugin v27.1.1 - https:\/\/yoast.com\/product\/yoast-seo-wordpress\/ -->\n<title>Hedatze | laudioinstitutua<\/title>\n<meta name=\"robots\" content=\"index, follow, max-snippet:-1, max-image-preview:large, max-video-preview:-1\" \/>\n<link rel=\"canonical\" href=\"https:\/\/laudiobhi.eus\/es\/proyectos\/hedatze\/\" \/>\n<meta property=\"og:locale\" content=\"es_ES\" \/>\n<meta property=\"og:type\" content=\"article\" \/>\n<meta property=\"og:title\" content=\"Hedatze | laudioinstitutua\" \/>\n<meta property=\"og:description\" content=\"PROYECTO HEDATZELa comunidad escolar del IES Laudio BHI decidi\u00f3 participar en la convocatoria del 26 de abril de 2022 para el proyecto HEDATZE de renovaci\u00f3n de la organizaci\u00f3n interna del Departamento de Educaci\u00f3n, Pol\u00edtica Ling\u00fc\u00edstica y Cultura.\u00a0El proyecto HEDATZE es una oportunidad \u00fanica para ofrecer a nuestros alumnos y alumnas un nuevo contexto de ense\u00f1anza [&hellip;]\" \/>\n<meta property=\"og:url\" content=\"https:\/\/laudiobhi.eus\/es\/proyectos\/hedatze\/\" \/>\n<meta property=\"og:site_name\" content=\"laudioinstitutua\" \/>\n<meta property=\"article:modified_time\" content=\"2025-09-23T12:35:38+00:00\" \/>\n<meta name=\"twitter:card\" content=\"summary_large_image\" \/>\n<meta name=\"twitter:label1\" content=\"Tiempo de lectura\" \/>\n\t<meta name=\"twitter:data1\" content=\"2 minutos\" \/>\n<script type=\"application\/ld+json\" class=\"yoast-schema-graph\">{\"@context\":\"https:\/\/schema.org\",\"@graph\":[{\"@type\":\"WebPage\",\"@id\":\"https:\/\/laudiobhi.eus\/es\/proyectos\/hedatze\/\",\"url\":\"https:\/\/laudiobhi.eus\/es\/proyectos\/hedatze\/\",\"name\":\"Hedatze | laudioinstitutua\",\"isPartOf\":{\"@id\":\"https:\/\/laudiobhi.eus\/es\/#website\"},\"datePublished\":\"2022-06-30T08:35:47+00:00\",\"dateModified\":\"2025-09-23T12:35:38+00:00\",\"breadcrumb\":{\"@id\":\"https:\/\/laudiobhi.eus\/es\/proyectos\/hedatze\/#breadcrumb\"},\"inLanguage\":\"es\",\"potentialAction\":[{\"@type\":\"ReadAction\",\"target\":[\"https:\/\/laudiobhi.eus\/es\/proyectos\/hedatze\/\"]}]},{\"@type\":\"BreadcrumbList\",\"@id\":\"https:\/\/laudiobhi.eus\/es\/proyectos\/hedatze\/#breadcrumb\",\"itemListElement\":[{\"@type\":\"ListItem\",\"position\":1,\"name\":\"Home\",\"item\":\"https:\/\/laudiobhi.eus\/es\/\"},{\"@type\":\"ListItem\",\"position\":2,\"name\":\"PROYECTOS\",\"item\":\"https:\/\/laudiobhi.eus\/es\/proyectos\/\"},{\"@type\":\"ListItem\",\"position\":3,\"name\":\"Hedatze\"}]},{\"@type\":\"WebSite\",\"@id\":\"https:\/\/laudiobhi.eus\/es\/#website\",\"url\":\"https:\/\/laudiobhi.eus\/es\/\",\"name\":\"laudioinstitutua\",\"description\":\"IES LAUDIO BHI \u00b7 Institutua\",\"potentialAction\":[{\"@type\":\"SearchAction\",\"target\":{\"@type\":\"EntryPoint\",\"urlTemplate\":\"https:\/\/laudiobhi.eus\/es\/?s={search_term_string}\"},\"query-input\":{\"@type\":\"PropertyValueSpecification\",\"valueRequired\":true,\"valueName\":\"search_term_string\"}}],\"inLanguage\":\"es\"}]}<\/script>\n<!-- \/ Yoast SEO plugin. -->","yoast_head_json":{"title":"Hedatze | laudioinstitutua","robots":{"index":"index","follow":"follow","max-snippet":"max-snippet:-1","max-image-preview":"max-image-preview:large","max-video-preview":"max-video-preview:-1"},"canonical":"https:\/\/laudiobhi.eus\/es\/proyectos\/hedatze\/","og_locale":"es_ES","og_type":"article","og_title":"Hedatze | laudioinstitutua","og_description":"PROYECTO HEDATZELa comunidad escolar del IES Laudio BHI decidi\u00f3 participar en la convocatoria del 26 de abril de 2022 para el proyecto HEDATZE de renovaci\u00f3n de la organizaci\u00f3n interna del Departamento de Educaci\u00f3n, Pol\u00edtica Ling\u00fc\u00edstica y Cultura.\u00a0El proyecto HEDATZE es una oportunidad \u00fanica para ofrecer a nuestros alumnos y alumnas un nuevo contexto de ense\u00f1anza [&hellip;]","og_url":"https:\/\/laudiobhi.eus\/es\/proyectos\/hedatze\/","og_site_name":"laudioinstitutua","article_modified_time":"2025-09-23T12:35:38+00:00","twitter_card":"summary_large_image","twitter_misc":{"Tiempo de lectura":"2 minutos"},"schema":{"@context":"https:\/\/schema.org","@graph":[{"@type":"WebPage","@id":"https:\/\/laudiobhi.eus\/es\/proyectos\/hedatze\/","url":"https:\/\/laudiobhi.eus\/es\/proyectos\/hedatze\/","name":"Hedatze | laudioinstitutua","isPartOf":{"@id":"https:\/\/laudiobhi.eus\/es\/#website"},"datePublished":"2022-06-30T08:35:47+00:00","dateModified":"2025-09-23T12:35:38+00:00","breadcrumb":{"@id":"https:\/\/laudiobhi.eus\/es\/proyectos\/hedatze\/#breadcrumb"},"inLanguage":"es","potentialAction":[{"@type":"ReadAction","target":["https:\/\/laudiobhi.eus\/es\/proyectos\/hedatze\/"]}]},{"@type":"BreadcrumbList","@id":"https:\/\/laudiobhi.eus\/es\/proyectos\/hedatze\/#breadcrumb","itemListElement":[{"@type":"ListItem","position":1,"name":"Home","item":"https:\/\/laudiobhi.eus\/es\/"},{"@type":"ListItem","position":2,"name":"PROYECTOS","item":"https:\/\/laudiobhi.eus\/es\/proyectos\/"},{"@type":"ListItem","position":3,"name":"Hedatze"}]},{"@type":"WebSite","@id":"https:\/\/laudiobhi.eus\/es\/#website","url":"https:\/\/laudiobhi.eus\/es\/","name":"laudioinstitutua","description":"IES LAUDIO BHI \u00b7 Institutua","potentialAction":[{"@type":"SearchAction","target":{"@type":"EntryPoint","urlTemplate":"https:\/\/laudiobhi.eus\/es\/?s={search_term_string}"},"query-input":{"@type":"PropertyValueSpecification","valueRequired":true,"valueName":"search_term_string"}}],"inLanguage":"es"}]}},"_links":{"self":[{"href":"https:\/\/laudiobhi.eus\/es\/wp-json\/wp\/v2\/pages\/1373","targetHints":{"allow":["GET"]}}],"collection":[{"href":"https:\/\/laudiobhi.eus\/es\/wp-json\/wp\/v2\/pages"}],"about":[{"href":"https:\/\/laudiobhi.eus\/es\/wp-json\/wp\/v2\/types\/page"}],"author":[{"embeddable":true,"href":"https:\/\/laudiobhi.eus\/es\/wp-json\/wp\/v2\/users\/1"}],"replies":[{"embeddable":true,"href":"https:\/\/laudiobhi.eus\/es\/wp-json\/wp\/v2\/comments?post=1373"}],"version-history":[{"count":21,"href":"https:\/\/laudiobhi.eus\/es\/wp-json\/wp\/v2\/pages\/1373\/revisions"}],"predecessor-version":[{"id":9765,"href":"https:\/\/laudiobhi.eus\/es\/wp-json\/wp\/v2\/pages\/1373\/revisions\/9765"}],"up":[{"embeddable":true,"href":"https:\/\/laudiobhi.eus\/es\/wp-json\/wp\/v2\/pages\/1321"}],"wp:attachment":[{"href":"https:\/\/laudiobhi.eus\/es\/wp-json\/wp\/v2\/media?parent=1373"}],"curies":[{"name":"wp","href":"https:\/\/api.w.org\/{rel}","templated":true}]}}