{"id":1360,"date":"2022-06-30T10:27:12","date_gmt":"2022-06-30T08:27:12","guid":{"rendered":"https:\/\/laudiobhi.eus\/instituto\/presentacion\/"},"modified":"2022-08-31T18:39:05","modified_gmt":"2022-08-31T16:39:05","slug":"presentacion","status":"publish","type":"page","link":"https:\/\/laudiobhi.eus\/es\/instituto\/presentacion\/","title":{"rendered":"Presentaci\u00f3n"},"content":{"rendered":"<p>[et_pb_section fb_built=\u00bb1&#8243; admin_label=\u00bbsection\u00bb _builder_version=\u00bb4.16&#8243; global_colors_info=\u00bb{}\u00bb][et_pb_row _builder_version=\u00bb4.16&#8243; background_size=\u00bbinitial\u00bb background_position=\u00bbtop_left\u00bb background_repeat=\u00bbrepeat\u00bb global_colors_info=\u00bb{}\u00bb][et_pb_column type=\u00bb4_4&#8243; _builder_version=\u00bb4.16&#8243; custom_padding=\u00bb|||\u00bb global_colors_info=\u00bb{}\u00bb custom_padding__hover=\u00bb|||\u00bb][et_pb_text _builder_version=\u00bb4.16.1&#8243; vertical_offset_tablet=\u00bb0&#8243; horizontal_offset_tablet=\u00bb0&#8243; z_index_tablet=\u00bb0&#8243; text_text_shadow_horizontal_length_tablet=\u00bb0px\u00bb text_text_shadow_vertical_length_tablet=\u00bb0px\u00bb text_text_shadow_blur_strength_tablet=\u00bb1px\u00bb link_text_shadow_horizontal_length_tablet=\u00bb0px\u00bb link_text_shadow_vertical_length_tablet=\u00bb0px\u00bb link_text_shadow_blur_strength_tablet=\u00bb1px\u00bb ul_text_shadow_horizontal_length_tablet=\u00bb0px\u00bb ul_text_shadow_vertical_length_tablet=\u00bb0px\u00bb ul_text_shadow_blur_strength_tablet=\u00bb1px\u00bb ol_text_shadow_horizontal_length_tablet=\u00bb0px\u00bb ol_text_shadow_vertical_length_tablet=\u00bb0px\u00bb ol_text_shadow_blur_strength_tablet=\u00bb1px\u00bb quote_text_shadow_horizontal_length_tablet=\u00bb0px\u00bb quote_text_shadow_vertical_length_tablet=\u00bb0px\u00bb quote_text_shadow_blur_strength_tablet=\u00bb1px\u00bb header_text_shadow_horizontal_length_tablet=\u00bb0px\u00bb header_text_shadow_vertical_length_tablet=\u00bb0px\u00bb header_text_shadow_blur_strength_tablet=\u00bb1px\u00bb header_2_text_shadow_horizontal_length_tablet=\u00bb0px\u00bb header_2_text_shadow_vertical_length_tablet=\u00bb0px\u00bb header_2_text_shadow_blur_strength_tablet=\u00bb1px\u00bb header_3_text_shadow_horizontal_length_tablet=\u00bb0px\u00bb header_3_text_shadow_vertical_length_tablet=\u00bb0px\u00bb header_3_text_shadow_blur_strength_tablet=\u00bb1px\u00bb header_4_text_shadow_horizontal_length_tablet=\u00bb0px\u00bb header_4_text_shadow_vertical_length_tablet=\u00bb0px\u00bb header_4_text_shadow_blur_strength_tablet=\u00bb1px\u00bb header_5_text_shadow_horizontal_length_tablet=\u00bb0px\u00bb header_5_text_shadow_vertical_length_tablet=\u00bb0px\u00bb header_5_text_shadow_blur_strength_tablet=\u00bb1px\u00bb header_6_text_shadow_horizontal_length_tablet=\u00bb0px\u00bb header_6_text_shadow_vertical_length_tablet=\u00bb0px\u00bb header_6_text_shadow_blur_strength_tablet=\u00bb1px\u00bb box_shadow_horizontal_tablet=\u00bb0px\u00bb box_shadow_vertical_tablet=\u00bb0px\u00bb box_shadow_blur_tablet=\u00bb40px\u00bb box_shadow_spread_tablet=\u00bb0px\u00bb global_colors_info=\u00bb{}\u00bb]El centro fue fundado en el curso 1953-54 como instituto laboral de industria y miner\u00eda, bajo el nombre de Canciller Ayala.[\/et_pb_text][\/et_pb_column][\/et_pb_row][et_pb_row column_structure=\u00bb1_2,1_2&#8243; _builder_version=\u00bb4.16.1&#8243; _module_preset=\u00bbdefault\u00bb global_colors_info=\u00bb{}\u00bb][et_pb_column type=\u00bb1_2&#8243; _builder_version=\u00bb4.16.1&#8243; _module_preset=\u00bbdefault\u00bb global_colors_info=\u00bb{}\u00bb][et_pb_image src=\u00bbhttps:\/\/laudiobhi.eus\/wp-content\/uploads\/2022\/04\/laudio_institutua_1.jpg\u00bb alt=\u00bbLaudio Instituto \u00b7 Instituto T\u00e9cnico\u00bb title_text=\u00bbLaudio Instituto \u00b7 Instituto T\u00e9cnico\u00bb _builder_version=\u00bb4.17.4&#8243; _module_preset=\u00bbdefault\u00bb border_width_bottom=\u00bb1px\u00bb border_color_bottom=\u00bb#f3b82e\u00bb global_colors_info=\u00bb{}\u00bb][\/et_pb_image][\/et_pb_column][et_pb_column type=\u00bb1_2&#8243; _builder_version=\u00bb4.16.1&#8243; _module_preset=\u00bbdefault\u00bb global_colors_info=\u00bb{}\u00bb][et_pb_image src=\u00bbhttps:\/\/laudiobhi.eus\/wp-content\/uploads\/2022\/04\/laudio_institutua_2.jpg\u00bb alt=\u00bbLaudio Instituto \u00b7 Instituto T\u00e9cnico\u00bb title_text=\u00bbLaudio Instituto \u00b7 Instituto T\u00e9cnico\u00bb _builder_version=\u00bb4.16.1&#8243; _module_preset=\u00bbdefault\u00bb border_width_bottom=\u00bb1px\u00bb border_color_bottom=\u00bb#f3b82e\u00bb global_colors_info=\u00bb{}\u00bb][\/et_pb_image][\/et_pb_column][\/et_pb_row][et_pb_row _builder_version=\u00bb4.16&#8243; background_size=\u00bbinitial\u00bb background_position=\u00bbtop_left\u00bb background_repeat=\u00bbrepeat\u00bb global_colors_info=\u00bb{}\u00bb][et_pb_column type=\u00bb4_4&#8243; _builder_version=\u00bb4.16&#8243; custom_padding=\u00bb|||\u00bb global_colors_info=\u00bb{}\u00bb custom_padding__hover=\u00bb|||\u00bb][et_pb_text _builder_version=\u00bb4.17.6&#8243; vertical_offset_tablet=\u00bb0&#8243; horizontal_offset_tablet=\u00bb0&#8243; hover_enabled=\u00bb0&#8243; z_index_tablet=\u00bb0&#8243; text_text_shadow_horizontal_length_tablet=\u00bb0px\u00bb text_text_shadow_vertical_length_tablet=\u00bb0px\u00bb text_text_shadow_blur_strength_tablet=\u00bb1px\u00bb link_text_shadow_horizontal_length_tablet=\u00bb0px\u00bb link_text_shadow_vertical_length_tablet=\u00bb0px\u00bb link_text_shadow_blur_strength_tablet=\u00bb1px\u00bb ul_text_shadow_horizontal_length_tablet=\u00bb0px\u00bb ul_text_shadow_vertical_length_tablet=\u00bb0px\u00bb ul_text_shadow_blur_strength_tablet=\u00bb1px\u00bb ol_text_shadow_horizontal_length_tablet=\u00bb0px\u00bb ol_text_shadow_vertical_length_tablet=\u00bb0px\u00bb ol_text_shadow_blur_strength_tablet=\u00bb1px\u00bb quote_text_shadow_horizontal_length_tablet=\u00bb0px\u00bb quote_text_shadow_vertical_length_tablet=\u00bb0px\u00bb quote_text_shadow_blur_strength_tablet=\u00bb1px\u00bb header_text_shadow_horizontal_length_tablet=\u00bb0px\u00bb header_text_shadow_vertical_length_tablet=\u00bb0px\u00bb header_text_shadow_blur_strength_tablet=\u00bb1px\u00bb header_2_text_shadow_horizontal_length_tablet=\u00bb0px\u00bb header_2_text_shadow_vertical_length_tablet=\u00bb0px\u00bb header_2_text_shadow_blur_strength_tablet=\u00bb1px\u00bb header_3_text_shadow_horizontal_length_tablet=\u00bb0px\u00bb header_3_text_shadow_vertical_length_tablet=\u00bb0px\u00bb header_3_text_shadow_blur_strength_tablet=\u00bb1px\u00bb header_4_text_shadow_horizontal_length_tablet=\u00bb0px\u00bb header_4_text_shadow_vertical_length_tablet=\u00bb0px\u00bb header_4_text_shadow_blur_strength_tablet=\u00bb1px\u00bb header_5_text_shadow_horizontal_length_tablet=\u00bb0px\u00bb header_5_text_shadow_vertical_length_tablet=\u00bb0px\u00bb header_5_text_shadow_blur_strength_tablet=\u00bb1px\u00bb header_6_text_shadow_horizontal_length_tablet=\u00bb0px\u00bb header_6_text_shadow_vertical_length_tablet=\u00bb0px\u00bb header_6_text_shadow_blur_strength_tablet=\u00bb1px\u00bb box_shadow_horizontal_tablet=\u00bb0px\u00bb box_shadow_vertical_tablet=\u00bb0px\u00bb box_shadow_blur_tablet=\u00bb40px\u00bb box_shadow_spread_tablet=\u00bb0px\u00bb global_colors_info=\u00bb{}\u00bb sticky_enabled=\u00bb0&#8243;]Con el paso del tiempo se fue adaptando a la oferta educativa, hasta que en el curso 1997-98 se fusion\u00f3 con el Instituto de Formaci\u00f3n Profesional Gregorio Mara\u00f1\u00f3n del barrio de Ugarte, este Instituto era el colegio p\u00fablico de dicho barrio. A partir de ese momento Canciller comenz\u00f3 a llamarse Ayala-Gregorio Mara\u00f1\u00f3n de Llodio.<\/p>\n<p>La asignatura de euskera entr\u00f3 en el curso 77-78, aunque era voluntaria y fuera del horario lectivo. A pesar de ello, en casi todos los cursos hubo clases. Cuatro a\u00f1os despu\u00e9s, en el curso 81-82, el Instituto fue el primero de \u00c1lava en implantar el modelo D.<\/p>\n<p>En 2010, por razones pr\u00e1cticas, pas\u00f3 a llamarse IES Laudio BHI, dado que el nombre anterior era muy largo, adopt\u00f3 un nombre mucho m\u00e1s identificable y \u00fatil.<\/p>\n<p>Desde su fundaci\u00f3n, durante m\u00e1s de sesenta a\u00f1os ha sido una de las pocas referencias hist\u00f3ricas de la comarca de Ayala.[\/et_pb_text][\/et_pb_column][\/et_pb_row][\/et_pb_section][et_pb_section fb_built=\u00bb1&#8243; admin_label=\u00bbsection\u00bb _builder_version=\u00bb4.16.1&#8243; background_color=\u00bbrgba(1,160,173,0.05)\u00bb custom_margin=\u00bb||||false|false\u00bb custom_padding=\u00bb||||false|false\u00bb global_colors_info=\u00bb{}\u00bb][et_pb_row _builder_version=\u00bb4.16.1&#8243; background_size=\u00bbinitial\u00bb background_position=\u00bbtop_left\u00bb background_repeat=\u00bbrepeat\u00bb border_width_all=\u00bb1px\u00bb border_width_top=\u00bb0px\u00bb border_width_right=\u00bb0px\u00bb border_color_bottom=\u00bb#284b63&#8243; border_width_left=\u00bb0px\u00bb global_colors_info=\u00bb{}\u00bb][et_pb_column type=\u00bb4_4&#8243; _builder_version=\u00bb4.16&#8243; custom_padding=\u00bb|||\u00bb global_colors_info=\u00bb{}\u00bb custom_padding__hover=\u00bb|||\u00bb][et_pb_text _builder_version=\u00bb4.16.1&#8243; vertical_offset_tablet=\u00bb0&#8243; horizontal_offset_tablet=\u00bb0&#8243; z_index_tablet=\u00bb0&#8243; text_text_shadow_horizontal_length_tablet=\u00bb0px\u00bb text_text_shadow_vertical_length_tablet=\u00bb0px\u00bb text_text_shadow_blur_strength_tablet=\u00bb1px\u00bb link_text_shadow_horizontal_length_tablet=\u00bb0px\u00bb link_text_shadow_vertical_length_tablet=\u00bb0px\u00bb link_text_shadow_blur_strength_tablet=\u00bb1px\u00bb ul_text_shadow_horizontal_length_tablet=\u00bb0px\u00bb ul_text_shadow_vertical_length_tablet=\u00bb0px\u00bb ul_text_shadow_blur_strength_tablet=\u00bb1px\u00bb ol_text_shadow_horizontal_length_tablet=\u00bb0px\u00bb ol_text_shadow_vertical_length_tablet=\u00bb0px\u00bb ol_text_shadow_blur_strength_tablet=\u00bb1px\u00bb quote_text_shadow_horizontal_length_tablet=\u00bb0px\u00bb quote_text_shadow_vertical_length_tablet=\u00bb0px\u00bb quote_text_shadow_blur_strength_tablet=\u00bb1px\u00bb header_text_shadow_horizontal_length_tablet=\u00bb0px\u00bb header_text_shadow_vertical_length_tablet=\u00bb0px\u00bb header_text_shadow_blur_strength_tablet=\u00bb1px\u00bb header_2_text_shadow_horizontal_length_tablet=\u00bb0px\u00bb header_2_text_shadow_vertical_length_tablet=\u00bb0px\u00bb header_2_text_shadow_blur_strength_tablet=\u00bb1px\u00bb header_3_text_shadow_horizontal_length_tablet=\u00bb0px\u00bb header_3_text_shadow_vertical_length_tablet=\u00bb0px\u00bb header_3_text_shadow_blur_strength_tablet=\u00bb1px\u00bb header_4_text_shadow_horizontal_length_tablet=\u00bb0px\u00bb header_4_text_shadow_vertical_length_tablet=\u00bb0px\u00bb header_4_text_shadow_blur_strength_tablet=\u00bb1px\u00bb header_5_text_shadow_horizontal_length_tablet=\u00bb0px\u00bb header_5_text_shadow_vertical_length_tablet=\u00bb0px\u00bb header_5_text_shadow_blur_strength_tablet=\u00bb1px\u00bb header_6_text_shadow_horizontal_length_tablet=\u00bb0px\u00bb header_6_text_shadow_vertical_length_tablet=\u00bb0px\u00bb header_6_text_shadow_blur_strength_tablet=\u00bb1px\u00bb box_shadow_horizontal_tablet=\u00bb0px\u00bb box_shadow_vertical_tablet=\u00bb0px\u00bb box_shadow_blur_tablet=\u00bb40px\u00bb box_shadow_spread_tablet=\u00bb0px\u00bb global_colors_info=\u00bb{}\u00bb]<\/p>\n<h2>Ubicaci\u00f3n<\/h2>\n<p><a href=\"https:\/\/www.google.com\/maps\/d\/u\/0\/edit?mid=1HW3pgWy_fCdiqvRyzFoJcajdmNnLHMTj&amp;usp=sharing\">Tenemos dos edificios:<\/a>[\/et_pb_text][\/et_pb_column][\/et_pb_row][et_pb_row column_structure=\u00bb2_5,3_5&#8243; _builder_version=\u00bb4.16.1&#8243; background_size=\u00bbinitial\u00bb background_position=\u00bbtop_left\u00bb background_repeat=\u00bbrepeat\u00bb custom_margin=\u00bb||||false|false\u00bb custom_padding=\u00bb||||false|false\u00bb global_colors_info=\u00bb{}\u00bb][et_pb_column type=\u00bb2_5&#8243; _builder_version=\u00bb4.16&#8243; custom_padding=\u00bb|||\u00bb global_colors_info=\u00bb{}\u00bb custom_padding__hover=\u00bb|||\u00bb][et_pb_text _builder_version=\u00bb4.16.1&#8243; _module_preset=\u00bbdefault\u00bb global_colors_info=\u00bb{}\u00bb]<\/p>\n<h3><b>ESO \u00b7 BACHILLER \u00b7 Aula Estable<\/b><\/h3>\n<p><img decoding=\"async\" src=\"https:\/\/laudiobhi.eus\/wp-content\/uploads\/2022\/04\/izartxo_laranja.png\" \/>\u00a0\u00a0Laudio Behekoa<br \/>\nZumalakarregi 34 \u00b7 01400 Laudio<br \/>\nTel: 945 18 70 28<\/p>\n<p>&nbsp;<\/p>\n<h3><b>Formaci\u00f3n Profesional \u00b7 Aula AAT<\/b><\/h3>\n<p><img decoding=\"async\" src=\"https:\/\/laudiobhi.eus\/wp-content\/uploads\/2022\/04\/izartxo_urdin.png\" \/>\u00a0\u00a0Laudio Goikoa<br \/>\nIsasi Bidea z\/g \u00b7 01400 Laudio<br \/>\nTel: 945 18 70 30<\/p>\n<p>&nbsp;[\/et_pb_text][\/et_pb_column][et_pb_column type=\u00bb3_5&#8243; _builder_version=\u00bb4.16&#8243; custom_padding=\u00bb|||\u00bb global_colors_info=\u00bb{}\u00bb custom_padding__hover=\u00bb|||\u00bb][et_pb_image src=\u00bbhttps:\/\/laudiobhi.eus\/wp-content\/uploads\/2022\/04\/laudio_ikastetxeak_mapa.jpg\u00bb alt=\u00bbmapas_centros_laudio\u00bb title_text=\u00bbmapas_centros_laudio\u00bb url=\u00bbhttps:\/\/www.google.com\/maps\/d\/u\/0\/viewer?mid=1HW3pgWy_fCdiqvRyzFoJcajdmNnLHMTj&amp;ll=43.14632632436858%2C-2.963926085704509&amp;z=15&#8243; url_new_window=\u00bbon\u00bb show_bottom_space=\u00bboff\u00bb _builder_version=\u00bb4.16.1&#8243; _module_preset=\u00bbdefault\u00bb custom_padding=\u00bb5px|5px|5px|5px|true|true\u00bb custom_css_main_element=\u00bbpadding: 10px\u00bb border_radii=\u00bbon|1px|1px|1px|1px\u00bb border_width_all=\u00bb1px\u00bb border_color_all=\u00bbrgba(40,75,99,0.3)\u00bb global_colors_info=\u00bb{}\u00bb][\/et_pb_image][\/et_pb_column][\/et_pb_row][et_pb_row _builder_version=\u00bb4.16.1&#8243; background_size=\u00bbinitial\u00bb background_position=\u00bbtop_left\u00bb background_repeat=\u00bbrepeat\u00bb border_width_top=\u00bb0px\u00bb border_width_right=\u00bb0px\u00bb border_color_bottom=\u00bb#284b63&#8243; border_width_left=\u00bb0px\u00bb global_colors_info=\u00bb{}\u00bb][et_pb_column type=\u00bb4_4&#8243; _builder_version=\u00bb4.16&#8243; custom_padding=\u00bb|||\u00bb global_colors_info=\u00bb{}\u00bb custom_padding__hover=\u00bb|||\u00bb][\/et_pb_column][\/et_pb_row][\/et_pb_section]<\/p>\n","protected":false},"excerpt":{"rendered":"<p>El centro fue fundado en el curso 1953-54 como instituto laboral de industria y miner\u00eda, bajo el nombre de Canciller Ayala.Con el paso del tiempo se fue adaptando a la oferta educativa, hasta que en el curso 1997-98 se fusion\u00f3 con el Instituto de Formaci\u00f3n Profesional Gregorio Mara\u00f1\u00f3n del barrio de Ugarte, este Instituto era [&hellip;]<\/p>\n","protected":false},"author":1,"featured_media":0,"parent":1315,"menu_order":0,"comment_status":"closed","ping_status":"closed","template":"","meta":{"_et_pb_use_builder":"on","_et_pb_old_content":"","_et_gb_content_width":"","_mc_calendar":[],"footnotes":""},"class_list":["post-1360","page","type-page","status-publish","hentry"],"yoast_head":"<!-- This site is optimized with the Yoast SEO plugin v27.1.1 - https:\/\/yoast.com\/product\/yoast-seo-wordpress\/ -->\n<title>Presentaci\u00f3n | laudioinstitutua<\/title>\n<meta name=\"robots\" content=\"index, follow, max-snippet:-1, max-image-preview:large, max-video-preview:-1\" \/>\n<link rel=\"canonical\" href=\"https:\/\/laudiobhi.eus\/es\/instituto\/presentacion\/\" \/>\n<meta property=\"og:locale\" content=\"es_ES\" \/>\n<meta property=\"og:type\" content=\"article\" \/>\n<meta property=\"og:title\" content=\"Presentaci\u00f3n | laudioinstitutua\" \/>\n<meta property=\"og:description\" content=\"El centro fue fundado en el curso 1953-54 como instituto laboral de industria y miner\u00eda, bajo el nombre de Canciller Ayala.Con el paso del tiempo se fue adaptando a la oferta educativa, hasta que en el curso 1997-98 se fusion\u00f3 con el Instituto de Formaci\u00f3n Profesional Gregorio Mara\u00f1\u00f3n del barrio de Ugarte, este Instituto era [&hellip;]\" \/>\n<meta property=\"og:url\" content=\"https:\/\/laudiobhi.eus\/es\/instituto\/presentacion\/\" \/>\n<meta property=\"og:site_name\" content=\"laudioinstitutua\" \/>\n<meta property=\"article:modified_time\" content=\"2022-08-31T16:39:05+00:00\" \/>\n<meta property=\"og:image\" content=\"https:\/\/laudiobhi.eus\/wp-content\/uploads\/2022\/04\/izartxo_laranja.png\" \/>\n<meta name=\"twitter:card\" content=\"summary_large_image\" \/>\n<meta name=\"twitter:label1\" content=\"Tiempo de lectura\" \/>\n\t<meta name=\"twitter:data1\" content=\"8 minutos\" \/>\n<script type=\"application\/ld+json\" class=\"yoast-schema-graph\">{\"@context\":\"https:\/\/schema.org\",\"@graph\":[{\"@type\":\"WebPage\",\"@id\":\"https:\/\/laudiobhi.eus\/es\/instituto\/presentacion\/\",\"url\":\"https:\/\/laudiobhi.eus\/es\/instituto\/presentacion\/\",\"name\":\"Presentaci\u00f3n | laudioinstitutua\",\"isPartOf\":{\"@id\":\"https:\/\/laudiobhi.eus\/es\/#website\"},\"primaryImageOfPage\":{\"@id\":\"https:\/\/laudiobhi.eus\/es\/instituto\/presentacion\/#primaryimage\"},\"image\":{\"@id\":\"https:\/\/laudiobhi.eus\/es\/instituto\/presentacion\/#primaryimage\"},\"thumbnailUrl\":\"https:\/\/laudiobhi.eus\/wp-content\/uploads\/2022\/04\/izartxo_laranja.png\",\"datePublished\":\"2022-06-30T08:27:12+00:00\",\"dateModified\":\"2022-08-31T16:39:05+00:00\",\"breadcrumb\":{\"@id\":\"https:\/\/laudiobhi.eus\/es\/instituto\/presentacion\/#breadcrumb\"},\"inLanguage\":\"es\",\"potentialAction\":[{\"@type\":\"ReadAction\",\"target\":[\"https:\/\/laudiobhi.eus\/es\/instituto\/presentacion\/\"]}]},{\"@type\":\"ImageObject\",\"inLanguage\":\"es\",\"@id\":\"https:\/\/laudiobhi.eus\/es\/instituto\/presentacion\/#primaryimage\",\"url\":\"https:\/\/laudiobhi.eus\/wp-content\/uploads\/2022\/04\/izartxo_laranja.png\",\"contentUrl\":\"https:\/\/laudiobhi.eus\/wp-content\/uploads\/2022\/04\/izartxo_laranja.png\"},{\"@type\":\"BreadcrumbList\",\"@id\":\"https:\/\/laudiobhi.eus\/es\/instituto\/presentacion\/#breadcrumb\",\"itemListElement\":[{\"@type\":\"ListItem\",\"position\":1,\"name\":\"Home\",\"item\":\"https:\/\/laudiobhi.eus\/es\/\"},{\"@type\":\"ListItem\",\"position\":2,\"name\":\"INSTITUTO\",\"item\":\"https:\/\/laudiobhi.eus\/es\/instituto\/\"},{\"@type\":\"ListItem\",\"position\":3,\"name\":\"Presentaci\u00f3n\"}]},{\"@type\":\"WebSite\",\"@id\":\"https:\/\/laudiobhi.eus\/es\/#website\",\"url\":\"https:\/\/laudiobhi.eus\/es\/\",\"name\":\"laudioinstitutua\",\"description\":\"IES LAUDIO BHI \u00b7 Institutua\",\"potentialAction\":[{\"@type\":\"SearchAction\",\"target\":{\"@type\":\"EntryPoint\",\"urlTemplate\":\"https:\/\/laudiobhi.eus\/es\/?s={search_term_string}\"},\"query-input\":{\"@type\":\"PropertyValueSpecification\",\"valueRequired\":true,\"valueName\":\"search_term_string\"}}],\"inLanguage\":\"es\"}]}<\/script>\n<!-- \/ Yoast SEO plugin. -->","yoast_head_json":{"title":"Presentaci\u00f3n | laudioinstitutua","robots":{"index":"index","follow":"follow","max-snippet":"max-snippet:-1","max-image-preview":"max-image-preview:large","max-video-preview":"max-video-preview:-1"},"canonical":"https:\/\/laudiobhi.eus\/es\/instituto\/presentacion\/","og_locale":"es_ES","og_type":"article","og_title":"Presentaci\u00f3n | laudioinstitutua","og_description":"El centro fue fundado en el curso 1953-54 como instituto laboral de industria y miner\u00eda, bajo el nombre de Canciller Ayala.Con el paso del tiempo se fue adaptando a la oferta educativa, hasta que en el curso 1997-98 se fusion\u00f3 con el Instituto de Formaci\u00f3n Profesional Gregorio Mara\u00f1\u00f3n del barrio de Ugarte, este Instituto era [&hellip;]","og_url":"https:\/\/laudiobhi.eus\/es\/instituto\/presentacion\/","og_site_name":"laudioinstitutua","article_modified_time":"2022-08-31T16:39:05+00:00","og_image":[{"url":"https:\/\/laudiobhi.eus\/wp-content\/uploads\/2022\/04\/izartxo_laranja.png","type":"","width":"","height":""}],"twitter_card":"summary_large_image","twitter_misc":{"Tiempo de lectura":"8 minutos"},"schema":{"@context":"https:\/\/schema.org","@graph":[{"@type":"WebPage","@id":"https:\/\/laudiobhi.eus\/es\/instituto\/presentacion\/","url":"https:\/\/laudiobhi.eus\/es\/instituto\/presentacion\/","name":"Presentaci\u00f3n | laudioinstitutua","isPartOf":{"@id":"https:\/\/laudiobhi.eus\/es\/#website"},"primaryImageOfPage":{"@id":"https:\/\/laudiobhi.eus\/es\/instituto\/presentacion\/#primaryimage"},"image":{"@id":"https:\/\/laudiobhi.eus\/es\/instituto\/presentacion\/#primaryimage"},"thumbnailUrl":"https:\/\/laudiobhi.eus\/wp-content\/uploads\/2022\/04\/izartxo_laranja.png","datePublished":"2022-06-30T08:27:12+00:00","dateModified":"2022-08-31T16:39:05+00:00","breadcrumb":{"@id":"https:\/\/laudiobhi.eus\/es\/instituto\/presentacion\/#breadcrumb"},"inLanguage":"es","potentialAction":[{"@type":"ReadAction","target":["https:\/\/laudiobhi.eus\/es\/instituto\/presentacion\/"]}]},{"@type":"ImageObject","inLanguage":"es","@id":"https:\/\/laudiobhi.eus\/es\/instituto\/presentacion\/#primaryimage","url":"https:\/\/laudiobhi.eus\/wp-content\/uploads\/2022\/04\/izartxo_laranja.png","contentUrl":"https:\/\/laudiobhi.eus\/wp-content\/uploads\/2022\/04\/izartxo_laranja.png"},{"@type":"BreadcrumbList","@id":"https:\/\/laudiobhi.eus\/es\/instituto\/presentacion\/#breadcrumb","itemListElement":[{"@type":"ListItem","position":1,"name":"Home","item":"https:\/\/laudiobhi.eus\/es\/"},{"@type":"ListItem","position":2,"name":"INSTITUTO","item":"https:\/\/laudiobhi.eus\/es\/instituto\/"},{"@type":"ListItem","position":3,"name":"Presentaci\u00f3n"}]},{"@type":"WebSite","@id":"https:\/\/laudiobhi.eus\/es\/#website","url":"https:\/\/laudiobhi.eus\/es\/","name":"laudioinstitutua","description":"IES LAUDIO BHI \u00b7 Institutua","potentialAction":[{"@type":"SearchAction","target":{"@type":"EntryPoint","urlTemplate":"https:\/\/laudiobhi.eus\/es\/?s={search_term_string}"},"query-input":{"@type":"PropertyValueSpecification","valueRequired":true,"valueName":"search_term_string"}}],"inLanguage":"es"}]}},"_links":{"self":[{"href":"https:\/\/laudiobhi.eus\/es\/wp-json\/wp\/v2\/pages\/1360","targetHints":{"allow":["GET"]}}],"collection":[{"href":"https:\/\/laudiobhi.eus\/es\/wp-json\/wp\/v2\/pages"}],"about":[{"href":"https:\/\/laudiobhi.eus\/es\/wp-json\/wp\/v2\/types\/page"}],"author":[{"embeddable":true,"href":"https:\/\/laudiobhi.eus\/es\/wp-json\/wp\/v2\/users\/1"}],"replies":[{"embeddable":true,"href":"https:\/\/laudiobhi.eus\/es\/wp-json\/wp\/v2\/comments?post=1360"}],"version-history":[{"count":8,"href":"https:\/\/laudiobhi.eus\/es\/wp-json\/wp\/v2\/pages\/1360\/revisions"}],"predecessor-version":[{"id":1946,"href":"https:\/\/laudiobhi.eus\/es\/wp-json\/wp\/v2\/pages\/1360\/revisions\/1946"}],"up":[{"embeddable":true,"href":"https:\/\/laudiobhi.eus\/es\/wp-json\/wp\/v2\/pages\/1315"}],"wp:attachment":[{"href":"https:\/\/laudiobhi.eus\/es\/wp-json\/wp\/v2\/media?parent=1360"}],"curies":[{"name":"wp","href":"https:\/\/api.w.org\/{rel}","templated":true}]}}