{"id":1346,"date":"2022-07-01T01:14:09","date_gmt":"2022-06-30T23:14:09","guid":{"rendered":"https:\/\/laudiobhi.eus\/servicios\/orientacion\/"},"modified":"2025-09-23T14:30:58","modified_gmt":"2025-09-23T12:30:58","slug":"orientacion","status":"publish","type":"page","link":"https:\/\/laudiobhi.eus\/es\/orientacion\/","title":{"rendered":"Orientaci\u00f3n"},"content":{"rendered":"<p>[et_pb_section fb_built=\u00bb1&#8243; _builder_version=\u00bb4.16&#8243; global_colors_info=\u00bb{}\u00bb][et_pb_row column_structure=\u00bb3_5,2_5&#8243; _builder_version=\u00bb4.17.4&#8243; background_color=\u00bbRGBA(255,255,255,0)\u00bb background_size=\u00bbinitial\u00bb background_position=\u00bbtop_left\u00bb background_repeat=\u00bbrepeat\u00bb custom_padding=\u00bb15px|15px|15px|15px|true|true\u00bb global_colors_info=\u00bb{}\u00bb][et_pb_column type=\u00bb3_5&#8243; _builder_version=\u00bb4.16&#8243; custom_padding=\u00bb|||\u00bb global_colors_info=\u00bb{}\u00bb custom_padding__hover=\u00bb|||\u00bb][et_pb_text _builder_version=\u00bb4.27.4&#8243; custom_padding=\u00bb15px|15px|15px|15px|true|true\u00bb global_colors_info=\u00bb{}\u00bb]<\/p>\n<h2><strong>SERVICIO DE ORIENTACI\u00d3N<\/strong><\/h2>\n<p><\/p>\n<div>Mediante esta nota, los orientadores\/as del IES Laudio BHI, os queremos informar del servicio de orientaci\u00f3n a alumnos\/as y familias. Pod\u00e9is contactar con nosotros a trav\u00e9s del tutor\/a o directamente llamando al tel\u00e9fono del instituto<strong> 945 18 70 28<\/strong>.<\/div>\n<p><\/p>\n<div>\u00a0<\/div>\n<p><\/p>\n<h3>Las funciones del equipo de orientaci\u00f3n son:<\/h3>\n<p><\/p>\n<ul>\n<li>Asesorar y coordinar al profesorado en las tareas de tutor\u00eda, actuando con los tutores y tutoras en grupo o individualmente.<\/li>\n<li>Asesorar tanto al profesorado como a las familias, al alumnado y al grupo de clase en los problemas que se planteen.<\/li>\n<li>Analizar con los tutores\/as y los equipos docentes de cada grupo las dificultades del alumnado en el aprendizaje y ofrecer asesoramiento.<\/li>\n<li>Asumir la orientaci\u00f3n personal, acad\u00e9mica y laboral del alumnado del centro a trav\u00e9s de la atenci\u00f3n personal.<\/li>\n<li>Prevenir y resolver los problemas de conducta y convivencia que puedan surgir en el centro.<\/li>\n<li>Seguimiento del alumnado que pertenece a los diferentes servicios del departamento de orientaci\u00f3n (Aulas de Distinto Curr\u00edculo, Aula de Aprendizaje de Tareas, Aula Estable y Aulas de Educaci\u00f3n Especial\u2026)<\/li>\n<\/ul>\n<p>[\/et_pb_text][\/et_pb_column][et_pb_column type=\u00bb2_5&#8243; _builder_version=\u00bb4.17.4&#8243; custom_padding=\u00bb|||\u00bb global_colors_info=\u00bb{}\u00bb custom_padding__hover=\u00bb|||\u00bb][et_pb_image src=\u00bbhttps:\/\/laudiobhi.eus\/wp-content\/uploads\/2022\/06\/Laudio_Orientabidea.jpg\u00bb alt=\u00bbLaudio_Orientaci\u00f3n\u00bb title_text=\u00bbLaudio_Orientaci\u00f3n\u00bb url=\u00bbhttps:\/\/tamar.es\/descarga-de-menus-escolares\/\u00bb url_new_window=\u00bbon\u00bb align_tablet=\u00bbleft\u00bb align_phone=\u00bbleft\u00bb align_last_edited=\u00bbon|phone\u00bb _builder_version=\u00bb4.17.4&#8243; border_width_bottom=\u00bb1px\u00bb border_color_bottom=\u00bb#f3b82e\u00bb always_center_on_mobile=\u00bbon\u00bb global_colors_info=\u00bb{}\u00bb][\/et_pb_image][et_pb_button button_url=\u00bbhttps:\/\/laudiobhi.eus\/wp-content\/uploads\/2022\/09\/NOLA-LAGUNDU-ES.pdf\u00bb url_new_window=\u00bbon\u00bb button_text=\u00bb\u00bfC\u00d3MO AYUDAR A TU HIJ@ EN LOS ESTUDIOS?\u00bb _builder_version=\u00bb4.17.6&#8243; _module_preset=\u00bbdefault\u00bb custom_button=\u00bbon\u00bb button_border_width=\u00bb1px\u00bb button_border_color=\u00bb#f3b82e\u00bb global_colors_info=\u00bb{}\u00bb][\/et_pb_button][\/et_pb_column][\/et_pb_row][\/et_pb_section]<\/p>\n","protected":false},"excerpt":{"rendered":"<p>SERVICIO DE ORIENTACI\u00d3NMediante esta nota, los orientadores\/as del IES Laudio BHI, os queremos informar del servicio de orientaci\u00f3n a alumnos\/as y familias. Pod\u00e9is contactar con nosotros a trav\u00e9s del tutor\/a o directamente llamando al tel\u00e9fono del instituto 945 18 70 28.\u00a0Las funciones del equipo de orientaci\u00f3n son: Asesorar y coordinar al profesorado en las tareas [&hellip;]<\/p>\n","protected":false},"author":1,"featured_media":0,"parent":0,"menu_order":0,"comment_status":"closed","ping_status":"closed","template":"","meta":{"_et_pb_use_builder":"on","_et_pb_old_content":"","_et_gb_content_width":"","_mc_calendar":[],"footnotes":""},"class_list":["post-1346","page","type-page","status-publish","hentry"],"yoast_head":"<!-- This site is optimized with the Yoast SEO plugin v27.1.1 - https:\/\/yoast.com\/product\/yoast-seo-wordpress\/ -->\n<title>Orientaci\u00f3n | laudioinstitutua<\/title>\n<meta name=\"robots\" content=\"index, follow, max-snippet:-1, max-image-preview:large, max-video-preview:-1\" \/>\n<link rel=\"canonical\" href=\"https:\/\/laudiobhi.eus\/es\/orientacion\/\" \/>\n<meta property=\"og:locale\" content=\"es_ES\" \/>\n<meta property=\"og:type\" content=\"article\" \/>\n<meta property=\"og:title\" content=\"Orientaci\u00f3n | laudioinstitutua\" \/>\n<meta property=\"og:description\" content=\"SERVICIO DE ORIENTACI\u00d3NMediante esta nota, los orientadores\/as del IES Laudio BHI, os queremos informar del servicio de orientaci\u00f3n a alumnos\/as y familias. Pod\u00e9is contactar con nosotros a trav\u00e9s del tutor\/a o directamente llamando al tel\u00e9fono del instituto 945 18 70 28.\u00a0Las funciones del equipo de orientaci\u00f3n son: Asesorar y coordinar al profesorado en las tareas [&hellip;]\" \/>\n<meta property=\"og:url\" content=\"https:\/\/laudiobhi.eus\/es\/orientacion\/\" \/>\n<meta property=\"og:site_name\" content=\"laudioinstitutua\" \/>\n<meta property=\"article:modified_time\" content=\"2025-09-23T12:30:58+00:00\" \/>\n<meta name=\"twitter:card\" content=\"summary_large_image\" \/>\n<meta name=\"twitter:label1\" content=\"Tiempo de lectura\" \/>\n\t<meta name=\"twitter:data1\" content=\"2 minutos\" \/>\n<script type=\"application\/ld+json\" class=\"yoast-schema-graph\">{\"@context\":\"https:\/\/schema.org\",\"@graph\":[{\"@type\":\"WebPage\",\"@id\":\"https:\/\/laudiobhi.eus\/es\/orientacion\/\",\"url\":\"https:\/\/laudiobhi.eus\/es\/orientacion\/\",\"name\":\"Orientaci\u00f3n | laudioinstitutua\",\"isPartOf\":{\"@id\":\"https:\/\/laudiobhi.eus\/es\/#website\"},\"datePublished\":\"2022-06-30T23:14:09+00:00\",\"dateModified\":\"2025-09-23T12:30:58+00:00\",\"breadcrumb\":{\"@id\":\"https:\/\/laudiobhi.eus\/es\/orientacion\/#breadcrumb\"},\"inLanguage\":\"es\",\"potentialAction\":[{\"@type\":\"ReadAction\",\"target\":[\"https:\/\/laudiobhi.eus\/es\/orientacion\/\"]}]},{\"@type\":\"BreadcrumbList\",\"@id\":\"https:\/\/laudiobhi.eus\/es\/orientacion\/#breadcrumb\",\"itemListElement\":[{\"@type\":\"ListItem\",\"position\":1,\"name\":\"Home\",\"item\":\"https:\/\/laudiobhi.eus\/es\/\"},{\"@type\":\"ListItem\",\"position\":2,\"name\":\"Orientaci\u00f3n\"}]},{\"@type\":\"WebSite\",\"@id\":\"https:\/\/laudiobhi.eus\/es\/#website\",\"url\":\"https:\/\/laudiobhi.eus\/es\/\",\"name\":\"laudioinstitutua\",\"description\":\"IES LAUDIO BHI \u00b7 Institutua\",\"potentialAction\":[{\"@type\":\"SearchAction\",\"target\":{\"@type\":\"EntryPoint\",\"urlTemplate\":\"https:\/\/laudiobhi.eus\/es\/?s={search_term_string}\"},\"query-input\":{\"@type\":\"PropertyValueSpecification\",\"valueRequired\":true,\"valueName\":\"search_term_string\"}}],\"inLanguage\":\"es\"}]}<\/script>\n<!-- \/ Yoast SEO plugin. -->","yoast_head_json":{"title":"Orientaci\u00f3n | laudioinstitutua","robots":{"index":"index","follow":"follow","max-snippet":"max-snippet:-1","max-image-preview":"max-image-preview:large","max-video-preview":"max-video-preview:-1"},"canonical":"https:\/\/laudiobhi.eus\/es\/orientacion\/","og_locale":"es_ES","og_type":"article","og_title":"Orientaci\u00f3n | laudioinstitutua","og_description":"SERVICIO DE ORIENTACI\u00d3NMediante esta nota, los orientadores\/as del IES Laudio BHI, os queremos informar del servicio de orientaci\u00f3n a alumnos\/as y familias. Pod\u00e9is contactar con nosotros a trav\u00e9s del tutor\/a o directamente llamando al tel\u00e9fono del instituto 945 18 70 28.\u00a0Las funciones del equipo de orientaci\u00f3n son: Asesorar y coordinar al profesorado en las tareas [&hellip;]","og_url":"https:\/\/laudiobhi.eus\/es\/orientacion\/","og_site_name":"laudioinstitutua","article_modified_time":"2025-09-23T12:30:58+00:00","twitter_card":"summary_large_image","twitter_misc":{"Tiempo de lectura":"2 minutos"},"schema":{"@context":"https:\/\/schema.org","@graph":[{"@type":"WebPage","@id":"https:\/\/laudiobhi.eus\/es\/orientacion\/","url":"https:\/\/laudiobhi.eus\/es\/orientacion\/","name":"Orientaci\u00f3n | laudioinstitutua","isPartOf":{"@id":"https:\/\/laudiobhi.eus\/es\/#website"},"datePublished":"2022-06-30T23:14:09+00:00","dateModified":"2025-09-23T12:30:58+00:00","breadcrumb":{"@id":"https:\/\/laudiobhi.eus\/es\/orientacion\/#breadcrumb"},"inLanguage":"es","potentialAction":[{"@type":"ReadAction","target":["https:\/\/laudiobhi.eus\/es\/orientacion\/"]}]},{"@type":"BreadcrumbList","@id":"https:\/\/laudiobhi.eus\/es\/orientacion\/#breadcrumb","itemListElement":[{"@type":"ListItem","position":1,"name":"Home","item":"https:\/\/laudiobhi.eus\/es\/"},{"@type":"ListItem","position":2,"name":"Orientaci\u00f3n"}]},{"@type":"WebSite","@id":"https:\/\/laudiobhi.eus\/es\/#website","url":"https:\/\/laudiobhi.eus\/es\/","name":"laudioinstitutua","description":"IES LAUDIO BHI \u00b7 Institutua","potentialAction":[{"@type":"SearchAction","target":{"@type":"EntryPoint","urlTemplate":"https:\/\/laudiobhi.eus\/es\/?s={search_term_string}"},"query-input":{"@type":"PropertyValueSpecification","valueRequired":true,"valueName":"search_term_string"}}],"inLanguage":"es"}]}},"_links":{"self":[{"href":"https:\/\/laudiobhi.eus\/es\/wp-json\/wp\/v2\/pages\/1346","targetHints":{"allow":["GET"]}}],"collection":[{"href":"https:\/\/laudiobhi.eus\/es\/wp-json\/wp\/v2\/pages"}],"about":[{"href":"https:\/\/laudiobhi.eus\/es\/wp-json\/wp\/v2\/types\/page"}],"author":[{"embeddable":true,"href":"https:\/\/laudiobhi.eus\/es\/wp-json\/wp\/v2\/users\/1"}],"replies":[{"embeddable":true,"href":"https:\/\/laudiobhi.eus\/es\/wp-json\/wp\/v2\/comments?post=1346"}],"version-history":[{"count":26,"href":"https:\/\/laudiobhi.eus\/es\/wp-json\/wp\/v2\/pages\/1346\/revisions"}],"predecessor-version":[{"id":9762,"href":"https:\/\/laudiobhi.eus\/es\/wp-json\/wp\/v2\/pages\/1346\/revisions\/9762"}],"wp:attachment":[{"href":"https:\/\/laudiobhi.eus\/es\/wp-json\/wp\/v2\/media?parent=1346"}],"curies":[{"name":"wp","href":"https:\/\/api.w.org\/{rel}","templated":true}]}}