{"id":1332,"date":"2022-06-30T09:08:58","date_gmt":"2022-06-30T07:08:58","guid":{"rendered":"https:\/\/laudiobhi.eus\/proyectos\/refuerzo-ingles\/"},"modified":"2026-02-10T18:56:42","modified_gmt":"2026-02-10T17:56:42","slug":"refuerzo-ingles","status":"publish","type":"page","link":"https:\/\/laudiobhi.eus\/es\/proyectos\/refuerzo-ingles\/","title":{"rendered":"PROYECTO DE REFUERZO DE INGL\u00c9S"},"content":{"rendered":"<p>[et_pb_section fb_built=\u00bb1&#8243; _builder_version=\u00bb4.16&#8243; custom_margin=\u00bb0px||||false|false\u00bb custom_padding=\u00bb0px||||false|false\u00bb global_colors_info=\u00bb{}\u00bb][et_pb_row column_structure=\u00bb1_2,1_2&#8243; _builder_version=\u00bb4.16&#8243; max_width=\u00bb1920px\u00bb custom_margin=\u00bb0px||||false|false\u00bb custom_padding=\u00bb0px||||false|false\u00bb global_colors_info=\u00bb{}\u00bb][et_pb_column type=\u00bb1_2&#8243; _builder_version=\u00bb4.16&#8243; global_colors_info=\u00bb{}\u00bb][et_pb_divider show_divider=\u00bboff\u00bb _builder_version=\u00bb4.17.4&#8243; _module_preset=\u00bbdefault\u00bb global_colors_info=\u00bb{}\u00bb][\/et_pb_divider][et_pb_divider show_divider=\u00bboff\u00bb _builder_version=\u00bb4.17.4&#8243; _module_preset=\u00bbdefault\u00bb global_colors_info=\u00bb{}\u00bb][\/et_pb_divider][et_pb_text module_class=\u00bbdolores\u00bb _builder_version=\u00bb4.27.4&#8243; border_width_all=\u00bb1px\u00bb border_color_all=\u00bbrgba(0,0,0,0.1)\u00bb global_colors_info=\u00bb{}\u00bb]<\/p>\n<h2>PROYECTO DE REFUERZO DE\u00a0 INGL\u00c9S<\/h2>\n<p><\/p>\n<form id=\"translate_text\" class=\"mb-5\" action=\"https:\/\/elia.eus\/translate\" enctype=\"multipart\/form-data\" method=\"post\">\n<div class=\"form-row\">\n<div class=\"col-lg-6 mb-2\">\n<div class=\"bg-white z-depth-1 rounded h-100 d-flex flex-column\" data-autoresize-height=\"\">\n<div class=\"p-3 d-flex flex-row position-relative flex-grow-1\">\n<div id=\"output_text_dummy\" class=\"form-div minimal p-0 flex-grow-1 h-20rm\">\n<div>\n<div>El IES Laudio BHI est\u00e1 desarrollando este proyecto desde el curso 2013-2014. Cada a\u00f1o se crea un grupo de unos 25 alumnos\/as y el objetivo es, sobre todo, reforzar el conocimiento de la lengua inglesa a trav\u00e9s del aprendizaje de contenidos. Somos conscientes de la importancia del uso de la lengua en el proceso de aprendizaje cotidiano y queremos dar paso a ello en nuestro centro.<\/div>\n<div>\u00a0<\/div>\n<div>Por tanto, en la ESO se imparten varias \u00e1reas del curr\u00edculo en ingl\u00e9s. En primer curso las \u00e1reas de Valores C\u00edvicos y Educaci\u00f3n F\u00edsica, en segundo curso Tecnolog\u00eda y Educaci\u00f3n F\u00edsica. Hasta el curso 2025-2026, en tercer curso ha sido el \u00e1rea de Geografia-Historia y, en cuarto curso, la asignatura de Educaci\u00f3n F\u00edsica. As\u00ed pues, confiamos en que podamos contribuir a satisfacer las necesidades ling\u00fc\u00edsticas futuras de nuestro alumnado.<\/div>\n<\/div>\n<\/div>\n<\/div>\n<\/div>\n<\/div>\n<\/div>\n<\/form>\n<p>[\/et_pb_text][\/et_pb_column][et_pb_column type=\u00bb1_2&#8243; _builder_version=\u00bb4.16&#8243; global_colors_info=\u00bb{}\u00bb][et_pb_divider show_divider=\u00bboff\u00bb _builder_version=\u00bb4.17.4&#8243; _module_preset=\u00bbdefault\u00bb global_colors_info=\u00bb{}\u00bb][\/et_pb_divider][et_pb_divider show_divider=\u00bboff\u00bb _builder_version=\u00bb4.17.4&#8243; _module_preset=\u00bbdefault\u00bb global_colors_info=\u00bb{}\u00bb][\/et_pb_divider][et_pb_image src=\u00bbhttps:\/\/laudiobhi.eus\/wp-content\/uploads\/2022\/06\/Ingelesa_Indartzeko_Laudio.jpg\u00bb alt=\u00bbLaudio Refuerzo Ingl\u00e9s\u00bb title_text=\u00bbLaudio Refuerzo Ingl\u00e9s\u00bb _builder_version=\u00bb4.17.4&#8243; _module_preset=\u00bbdefault\u00bb border_color_all=\u00bb#f3b82e\u00bb border_width_bottom=\u00bb1px\u00bb global_colors_info=\u00bb{}\u00bb][\/et_pb_image][\/et_pb_column][\/et_pb_row][\/et_pb_section]<\/p>\n","protected":false},"excerpt":{"rendered":"<p>PROYECTO DE REFUERZO DE\u00a0 INGL\u00c9S El IES Laudio BHI est\u00e1 desarrollando este proyecto desde el curso 2013-2014. Cada a\u00f1o se crea un grupo de unos 25 alumnos\/as y el objetivo es, sobre todo, reforzar el conocimiento de la lengua inglesa a trav\u00e9s del aprendizaje de contenidos. Somos conscientes de la importancia del uso de la [&hellip;]<\/p>\n","protected":false},"author":1,"featured_media":0,"parent":1321,"menu_order":0,"comment_status":"closed","ping_status":"closed","template":"","meta":{"_et_pb_use_builder":"on","_et_pb_old_content":"","_et_gb_content_width":"","_mc_calendar":[],"footnotes":""},"class_list":["post-1332","page","type-page","status-publish","hentry"],"yoast_head":"<!-- This site is optimized with the Yoast SEO plugin v27.1.1 - https:\/\/yoast.com\/product\/yoast-seo-wordpress\/ -->\n<title>PROYECTO DE REFUERZO DE INGL\u00c9S | laudioinstitutua<\/title>\n<meta name=\"robots\" content=\"index, follow, max-snippet:-1, max-image-preview:large, max-video-preview:-1\" \/>\n<link rel=\"canonical\" href=\"https:\/\/laudiobhi.eus\/es\/proyectos\/refuerzo-ingles\/\" \/>\n<meta property=\"og:locale\" content=\"es_ES\" \/>\n<meta property=\"og:type\" content=\"article\" \/>\n<meta property=\"og:title\" content=\"PROYECTO DE REFUERZO DE INGL\u00c9S | laudioinstitutua\" \/>\n<meta property=\"og:description\" content=\"PROYECTO DE REFUERZO DE\u00a0 INGL\u00c9S El IES Laudio BHI est\u00e1 desarrollando este proyecto desde el curso 2013-2014. Cada a\u00f1o se crea un grupo de unos 25 alumnos\/as y el objetivo es, sobre todo, reforzar el conocimiento de la lengua inglesa a trav\u00e9s del aprendizaje de contenidos. Somos conscientes de la importancia del uso de la [&hellip;]\" \/>\n<meta property=\"og:url\" content=\"https:\/\/laudiobhi.eus\/es\/proyectos\/refuerzo-ingles\/\" \/>\n<meta property=\"og:site_name\" content=\"laudioinstitutua\" \/>\n<meta property=\"article:modified_time\" content=\"2026-02-10T17:56:42+00:00\" \/>\n<meta name=\"twitter:card\" content=\"summary_large_image\" \/>\n<meta name=\"twitter:label1\" content=\"Tiempo de lectura\" \/>\n\t<meta name=\"twitter:data1\" content=\"2 minutos\" \/>\n<script type=\"application\/ld+json\" class=\"yoast-schema-graph\">{\"@context\":\"https:\/\/schema.org\",\"@graph\":[{\"@type\":\"WebPage\",\"@id\":\"https:\/\/laudiobhi.eus\/es\/proyectos\/refuerzo-ingles\/\",\"url\":\"https:\/\/laudiobhi.eus\/es\/proyectos\/refuerzo-ingles\/\",\"name\":\"PROYECTO DE REFUERZO DE INGL\u00c9S | laudioinstitutua\",\"isPartOf\":{\"@id\":\"https:\/\/laudiobhi.eus\/es\/#website\"},\"datePublished\":\"2022-06-30T07:08:58+00:00\",\"dateModified\":\"2026-02-10T17:56:42+00:00\",\"breadcrumb\":{\"@id\":\"https:\/\/laudiobhi.eus\/es\/proyectos\/refuerzo-ingles\/#breadcrumb\"},\"inLanguage\":\"es\",\"potentialAction\":[{\"@type\":\"ReadAction\",\"target\":[\"https:\/\/laudiobhi.eus\/es\/proyectos\/refuerzo-ingles\/\"]}]},{\"@type\":\"BreadcrumbList\",\"@id\":\"https:\/\/laudiobhi.eus\/es\/proyectos\/refuerzo-ingles\/#breadcrumb\",\"itemListElement\":[{\"@type\":\"ListItem\",\"position\":1,\"name\":\"Home\",\"item\":\"https:\/\/laudiobhi.eus\/es\/\"},{\"@type\":\"ListItem\",\"position\":2,\"name\":\"PROYECTOS\",\"item\":\"https:\/\/laudiobhi.eus\/es\/proyectos\/\"},{\"@type\":\"ListItem\",\"position\":3,\"name\":\"PROYECTO DE REFUERZO DE INGL\u00c9S\"}]},{\"@type\":\"WebSite\",\"@id\":\"https:\/\/laudiobhi.eus\/es\/#website\",\"url\":\"https:\/\/laudiobhi.eus\/es\/\",\"name\":\"laudioinstitutua\",\"description\":\"IES LAUDIO BHI \u00b7 Institutua\",\"potentialAction\":[{\"@type\":\"SearchAction\",\"target\":{\"@type\":\"EntryPoint\",\"urlTemplate\":\"https:\/\/laudiobhi.eus\/es\/?s={search_term_string}\"},\"query-input\":{\"@type\":\"PropertyValueSpecification\",\"valueRequired\":true,\"valueName\":\"search_term_string\"}}],\"inLanguage\":\"es\"}]}<\/script>\n<!-- \/ Yoast SEO plugin. -->","yoast_head_json":{"title":"PROYECTO DE REFUERZO DE INGL\u00c9S | laudioinstitutua","robots":{"index":"index","follow":"follow","max-snippet":"max-snippet:-1","max-image-preview":"max-image-preview:large","max-video-preview":"max-video-preview:-1"},"canonical":"https:\/\/laudiobhi.eus\/es\/proyectos\/refuerzo-ingles\/","og_locale":"es_ES","og_type":"article","og_title":"PROYECTO DE REFUERZO DE INGL\u00c9S | laudioinstitutua","og_description":"PROYECTO DE REFUERZO DE\u00a0 INGL\u00c9S El IES Laudio BHI est\u00e1 desarrollando este proyecto desde el curso 2013-2014. Cada a\u00f1o se crea un grupo de unos 25 alumnos\/as y el objetivo es, sobre todo, reforzar el conocimiento de la lengua inglesa a trav\u00e9s del aprendizaje de contenidos. Somos conscientes de la importancia del uso de la [&hellip;]","og_url":"https:\/\/laudiobhi.eus\/es\/proyectos\/refuerzo-ingles\/","og_site_name":"laudioinstitutua","article_modified_time":"2026-02-10T17:56:42+00:00","twitter_card":"summary_large_image","twitter_misc":{"Tiempo de lectura":"2 minutos"},"schema":{"@context":"https:\/\/schema.org","@graph":[{"@type":"WebPage","@id":"https:\/\/laudiobhi.eus\/es\/proyectos\/refuerzo-ingles\/","url":"https:\/\/laudiobhi.eus\/es\/proyectos\/refuerzo-ingles\/","name":"PROYECTO DE REFUERZO DE INGL\u00c9S | laudioinstitutua","isPartOf":{"@id":"https:\/\/laudiobhi.eus\/es\/#website"},"datePublished":"2022-06-30T07:08:58+00:00","dateModified":"2026-02-10T17:56:42+00:00","breadcrumb":{"@id":"https:\/\/laudiobhi.eus\/es\/proyectos\/refuerzo-ingles\/#breadcrumb"},"inLanguage":"es","potentialAction":[{"@type":"ReadAction","target":["https:\/\/laudiobhi.eus\/es\/proyectos\/refuerzo-ingles\/"]}]},{"@type":"BreadcrumbList","@id":"https:\/\/laudiobhi.eus\/es\/proyectos\/refuerzo-ingles\/#breadcrumb","itemListElement":[{"@type":"ListItem","position":1,"name":"Home","item":"https:\/\/laudiobhi.eus\/es\/"},{"@type":"ListItem","position":2,"name":"PROYECTOS","item":"https:\/\/laudiobhi.eus\/es\/proyectos\/"},{"@type":"ListItem","position":3,"name":"PROYECTO DE REFUERZO DE INGL\u00c9S"}]},{"@type":"WebSite","@id":"https:\/\/laudiobhi.eus\/es\/#website","url":"https:\/\/laudiobhi.eus\/es\/","name":"laudioinstitutua","description":"IES LAUDIO BHI \u00b7 Institutua","potentialAction":[{"@type":"SearchAction","target":{"@type":"EntryPoint","urlTemplate":"https:\/\/laudiobhi.eus\/es\/?s={search_term_string}"},"query-input":{"@type":"PropertyValueSpecification","valueRequired":true,"valueName":"search_term_string"}}],"inLanguage":"es"}]}},"_links":{"self":[{"href":"https:\/\/laudiobhi.eus\/es\/wp-json\/wp\/v2\/pages\/1332","targetHints":{"allow":["GET"]}}],"collection":[{"href":"https:\/\/laudiobhi.eus\/es\/wp-json\/wp\/v2\/pages"}],"about":[{"href":"https:\/\/laudiobhi.eus\/es\/wp-json\/wp\/v2\/types\/page"}],"author":[{"embeddable":true,"href":"https:\/\/laudiobhi.eus\/es\/wp-json\/wp\/v2\/users\/1"}],"replies":[{"embeddable":true,"href":"https:\/\/laudiobhi.eus\/es\/wp-json\/wp\/v2\/comments?post=1332"}],"version-history":[{"count":25,"href":"https:\/\/laudiobhi.eus\/es\/wp-json\/wp\/v2\/pages\/1332\/revisions"}],"predecessor-version":[{"id":10307,"href":"https:\/\/laudiobhi.eus\/es\/wp-json\/wp\/v2\/pages\/1332\/revisions\/10307"}],"up":[{"embeddable":true,"href":"https:\/\/laudiobhi.eus\/es\/wp-json\/wp\/v2\/pages\/1321"}],"wp:attachment":[{"href":"https:\/\/laudiobhi.eus\/es\/wp-json\/wp\/v2\/media?parent=1332"}],"curies":[{"name":"wp","href":"https:\/\/api.w.org\/{rel}","templated":true}]}}