{"id":1318,"date":"2022-06-22T13:06:39","date_gmt":"2022-06-22T11:06:39","guid":{"rendered":"https:\/\/laudiobhi.eus\/formacion-profesional\/"},"modified":"2026-03-16T11:18:02","modified_gmt":"2026-03-16T10:18:02","slug":"formacion-profesional","status":"publish","type":"page","link":"https:\/\/laudiobhi.eus\/es\/formacion-profesional\/","title":{"rendered":"FORMACI\u00d3N PROFESIONAL"},"content":{"rendered":"<p>[et_pb_section fb_built=\u00bb1&#8243; _builder_version=\u00bb4.16&#8243; custom_margin=\u00bb0px||||false|false\u00bb custom_padding=\u00bb0px||||false|false\u00bb global_colors_info=\u00bb{}\u00bb][et_pb_row column_structure=\u00bb1_2,1_2&#8243; _builder_version=\u00bb4.20.4&#8243; _module_preset=\u00bbdefault\u00bb global_colors_info=\u00bb{}\u00bb][et_pb_column type=\u00bb1_2&#8243; _builder_version=\u00bb4.20.4&#8243; _module_preset=\u00bbdefault\u00bb custom_padding=\u00bb0px||0px||false|false\u00bb global_colors_info=\u00bb{}\u00bb][et_pb_text _builder_version=\u00bb4.20.4&#8243; custom_padding=\u00bb15px|15px|15px|15px|true|true\u00bb global_colors_info=\u00bb{}\u00bb]<\/p>\n<h4 style=\"text-align: center;\"><span style=\"color: #6c4796;\">GU\u00cdA FORMACI\u00d3N PROFESIONAL CURSO 24-25<\/span><\/h4>\n<p>[\/et_pb_text][et_pb_image src=\u00bbhttps:\/\/laudiobhi.eus\/wp-content\/uploads\/2026\/03\/lg_gida_25_26.png\u00bb title_text=\u00bblg_gida_25_26&#8243; url=\u00bbhttps:\/\/laudiobhi.eus\/wp-content\/uploads\/2026\/03\/Oferta-Formativa-Ikaslan-2025-26_web.pdf\u00bb url_new_window=\u00bbon\u00bb align=\u00bbcenter\u00bb _builder_version=\u00bb4.27.5&#8243; _module_preset=\u00bbdefault\u00bb hover_enabled=\u00bb0&#8243; global_colors_info=\u00bb{}\u00bb sticky_enabled=\u00bb0&#8243;][\/et_pb_image][\/et_pb_column][et_pb_column type=\u00bb1_2&#8243; _builder_version=\u00bb4.20.4&#8243; _module_preset=\u00bbdefault\u00bb global_colors_info=\u00bb{}\u00bb][et_pb_divider show_divider=\u00bboff\u00bb _builder_version=\u00bb4.20.4&#8243; _module_preset=\u00bbdefault\u00bb global_colors_info=\u00bb{}\u00bb][\/et_pb_divider][et_pb_divider show_divider=\u00bboff\u00bb _builder_version=\u00bb4.20.4&#8243; _module_preset=\u00bbdefault\u00bb global_colors_info=\u00bb{}\u00bb][\/et_pb_divider][et_pb_divider show_divider=\u00bboff\u00bb _builder_version=\u00bb4.20.4&#8243; _module_preset=\u00bbdefault\u00bb global_colors_info=\u00bb{}\u00bb][\/et_pb_divider][et_pb_image src=\u00bbhttps:\/\/laudiobhi.eus\/wp-content\/uploads\/2026\/03\/lh_eskaintza_25_26.png\u00bb title_text=\u00bblh_eskaintza_25_26&#8243; show_in_lightbox=\u00bbon\u00bb _builder_version=\u00bb4.27.5&#8243; _module_preset=\u00bbdefault\u00bb hover_enabled=\u00bb0&#8243; global_colors_info=\u00bb{}\u00bb sticky_enabled=\u00bb0&#8243;][\/et_pb_image][\/et_pb_column][\/et_pb_row][et_pb_row _builder_version=\u00bb4.17.4&#8243; background_color=\u00bbrgba(243,184,46,0.2)\u00bb background_size=\u00bbinitial\u00bb background_position=\u00bbtop_left\u00bb background_repeat=\u00bbrepeat\u00bb custom_margin=\u00bb||20px||false|false\u00bb custom_padding=\u00bb15px|15px|15px|15px|true|true\u00bb border_color_top=\u00bb#f3b82e\u00bb locked=\u00bboff\u00bb global_colors_info=\u00bb{}\u00bb][et_pb_column type=\u00bb4_4&#8243; _builder_version=\u00bb4.16&#8243; custom_padding=\u00bb|||\u00bb global_colors_info=\u00bb{}\u00bb custom_padding__hover=\u00bb|||\u00bb][et_pb_text _builder_version=\u00bb4.17.4&#8243; custom_padding=\u00bb15px|15px|15px|15px|true|true\u00bb global_colors_info=\u00bb{}\u00bb]<\/p>\n<h2 style=\"text-align: center;\">CICLOS FORMATIVOS DE ACTIVIDADES DE EST\u00c9TICA Y PELUQUER\u00cdA<\/h2>\n<h3 style=\"text-align: center;\">IES LAUDIO BHI<\/h3>\n<p>Informaci\u00f3n sobre los ciclos formativos que ofertamos en IES Laudio BHI<\/p>\n<p>[\/et_pb_text][\/et_pb_column][\/et_pb_row][et_pb_row column_structure=\u00bb1_2,1_2&#8243; _builder_version=\u00bb4.16&#8243; max_width=\u00bb1920px\u00bb custom_margin=\u00bb0px||||false|false\u00bb custom_padding=\u00bb0px||||false|false\u00bb global_colors_info=\u00bb{}\u00bb][et_pb_column type=\u00bb1_2&#8243; _builder_version=\u00bb4.16&#8243; global_colors_info=\u00bb{}\u00bb][et_pb_text module_class=\u00bbdolores\u00bb _builder_version=\u00bb4.17.4&#8243; border_width_all=\u00bb1px\u00bb border_color_all=\u00bbrgba(0,0,0,0.1)\u00bb global_colors_info=\u00bb{}\u00bb]<\/p>\n<h2 style=\"text-align: center;\"><span style=\"color: #6c4796;\">EST\u00c9TICA<br \/>CICLO GRADO MEDIO<\/span><\/h2>\n<h2 style=\"text-align: center;\"><span style=\"color: #da3739;\"><img loading=\"lazy\" decoding=\"async\" class=\"wp-image-5720 alignnone size-full\" style=\"display: block; margin-left: auto; margin-right: auto;\" src=\"https:\/\/laudiobhi.eus\/wp-content\/uploads\/2022\/06\/IleApaindegiEtaEstetika.jpg\" alt=\"TecnicoSuperiorAcondicionamientoFisico\" width=\"1177\" height=\"1000\" \/><\/span><\/h2>\n<p>&nbsp;<\/p>\n<p>[\/et_pb_text][et_pb_text _builder_version=\u00bb4.17.4&#8243; _module_preset=\u00bbdefault\u00bb global_colors_info=\u00bb{}\u00bb]<\/p>\n<h2 class=\"azul pad0L pad0R\">T\u00c9CNICO EN EST\u00c9TICA Y BELLEZA<\/h2>\n<h3><strong>REQUISITOS DE ACCESO:<\/strong><\/h3>\n<p>El acceso a los ciclos o m\u00f3dulos de\u00a0<strong>Grado Medio<\/strong>\u00a0requiere el cumplimiento de\u00a0<strong>al menos una<\/strong>\u00a0de las siguientes condiciones:<br \/>\u2022 Estar en posesi\u00f3n del t\u00edtulo de Graduado en Educaci\u00f3n Secundaria Obligatoria o de un nivel acad\u00e9mico superior.<br \/>\u2022 Estar en posesi\u00f3n de un T\u00edtulo Profesional B\u00e1sico (Formaci\u00f3n Profesional B\u00e1sica).<br \/>\u2022 Estar en posesi\u00f3n de un t\u00edtulo de T\u00e9cnico o de T\u00e9cnico Auxiliar o equivalente a efectos acad\u00e9micos.<br \/>\u2022 Haber superado el segundo curso del Bachillerato Unificado y Polivalente (BUP).<br \/>\u2022 Haber superado la prueba de acceso a ciclos formativos de grado medio (se requerir\u00e1 tener, al menos, diecisiete a\u00f1os, cumplidos en el a\u00f1o de realizaci\u00f3n de la prueba).<br \/>\u2022 Haber superado la prueba de acceso a la Universidad para mayores de 25 a\u00f1os.<\/p>\n<h3><strong>DURACI\u00d3N DEL ESTUDIO:<\/strong><\/h3>\n<p>2000 horas.<\/p>\n<h3><strong>\u00bfQU\u00c9 VOY A APRENDER Y HACER?<\/strong><\/h3>\n<p>Este profesional ser\u00e1 capaz de:<br \/>\u2022 Atender al cliente durante el proceso, aplicando normas de protocolo dise\u00f1adas por la empresa, consiguiendo calidad en el servicio.<br \/>\u2022 Mantener el material, equipos e instalaciones en optimas condiciones para su utilizaci\u00f3n<br \/>\u2022 Realizar maquillaje social, personaliz\u00e1ndolo y adapt\u00e1ndolo a las necesidades del cliente.<br \/>\u2022 Depilar y decolorar el vello utilizando procedimientos mec\u00e1nicos y productos qu\u00edmicos adecuados.<br \/>\u2022 Aplicar t\u00e9cnicas de manicura y pedicura para el embellecimiento y cuidados de las manos, pies y u\u00f1as.<br \/>\u2022 Elaborar u\u00f1as artificiales individualizando la t\u00e9cnica y el dise\u00f1o seg\u00fan las demandas del cliente.<br \/>\u2022 Asesorar sobre perfumes, fragancias y productos naturales teniendo en cuenta las caracter\u00edsticas personales, sociales y profesionales del cliente.<br \/>\u2022 Informar al cliente de los cuidados que tiene que realizar, despu\u00e9s del tratamiento en la cabina de est\u00e9tica, as\u00ed como los h\u00e1bitos de vida saludables.<br \/>\u2022 Realizar la promoci\u00f3n y comercializaci\u00f3n de productos y servicios en el \u00e1mbito de una empresa de imagen personal.<\/p>\n<p>Estas ense\u00f1anzas incluyen los conocimientos necesarios para llevar a cabo las actividades de nivel b\u00e1sico de prevenci\u00f3n de riesgos laborales.<\/p>\n<h3><strong>AL FINALIZAR MIS ESTUDIOS, \u00bfQU\u00c9 PUEDO HACER?<\/strong><\/h3>\n<p><strong>Trabajar como:<\/strong><br \/>\u2022 T\u00e9cnico esteticista en centros de belleza y gabinetes de est\u00e9tica.<br \/>\u2022 Maquillador\/a.<br \/>\u2022 T\u00e9cnico en u\u00f1as artificiales.<br \/>\u2022 T\u00e9cnico en depilaci\u00f3n.<br \/>\u2022 T\u00e9cnico en manicura y pedicura.<br \/>\u2022 Recepcionista en empresas est\u00e9ticas.<br \/>\u2022 Demostrador de equipos, cosm\u00e9ticos y t\u00e9cnicas est\u00e9ticas.<br \/>\u2022 Agente comercial en empresas del sector.<br \/>\u2022 Asesor\/vendedor en perfumer\u00edas y droguer\u00edas.<\/p>\n<h3><strong>SEGUIR ESTUDIANDO:<\/strong><\/h3>\n<p>\u2022 Cursos de especializaci\u00f3n profesional.<br \/>\u2022 Un ciclo de Formaci\u00f3n Profesional de Grado Superior.<br \/>\u2022 Otro ciclo de Formaci\u00f3n Profesional de Grado Medio con la posibilidad de establecer convalidaciones de m\u00f3dulos profesionales de acuerdo a la normativa vigente.<br \/>\u2022 El Bachillerato en cualquiera de sus modalidades.<\/p>\n<h3><strong>\u00bfCU\u00c1LES SON LAS SALIDAS PROFESIONALES?<\/strong><\/h3>\n<p>Este profesional ejerce su actividad en medianas y peque\u00f1as empresas que tienen relaci\u00f3n directa con la imagen personal, particularmente en establecimientos del sector servicios de est\u00e9tica y peluquer\u00eda y en general en establecimientos relacionados con la venta de productos de imagen personal as\u00ed como con la cosm\u00e9tica.<\/p>\n<h3><strong>\u00bfCU\u00c1LES SON LAS PROFESIONES REGULADAS A LAS QUE SE ACCEDE CON ESTE T\u00cdTULO?<\/strong><\/h3>\n<p>\u2022 Bronceado artificial mediante la utilizaci\u00f3n de radiaci\u00f3n ultravioleta<\/p>\n<h3><strong>PLAN DE FORMACI\u00d3N:<\/strong><\/h3>\n<p>Los m\u00f3dulos profesionales de este ciclo formativo son los siguientes:<br \/>\u2022 T\u00e9cnicas de higiene facial y corporal. (231h)<br \/>\u2022 Maquillaje. (147h)<br \/>\u2022 Depilaci\u00f3n mec\u00e1nica y decoloraci\u00f3n del vello. (165h)<br \/>\u2022 Est\u00e9tica de manos y pies. (132h)<br \/>\u2022 T\u00e9cnicas de u\u00f1as artificiales. (84h)<br \/>\u2022 An\u00e1lisis est\u00e9tico. (99h)<br \/>\u2022 Actividades en cabina de est\u00e9tica. (147h)<br \/>\u2022 Imagen corporal y h\u00e1bitos saludables. (99h)<br \/>\u2022 Cosmetolog\u00eda para est\u00e9tica y belleza. (132h)<br \/>\u2022 Perfumer\u00eda y cosm\u00e9tica natural. (84h)<br \/>\u2022 Marketing y venta en imagen personal. (99h)<br \/>\u2022 Ingl\u00e9s t\u00e9cnico. (33h)<br \/>\u2022 Formaci\u00f3n y orientaci\u00f3n laboral. (105h)<br \/>\u2022 Empresa e iniciativa emprendedora. (63h)<br \/>\u2022 Formaci\u00f3n en centros de trabajo. (380h)<\/p>\n<p>[\/et_pb_text][\/et_pb_column][et_pb_column type=\u00bb1_2&#8243; _builder_version=\u00bb4.16&#8243; global_colors_info=\u00bb{}\u00bb][et_pb_text module_class=\u00bbdolores\u00bb _builder_version=\u00bb4.17.4&#8243; border_width_all=\u00bb1px\u00bb border_color_all=\u00bbrgba(0,0,0,0.1)\u00bb global_colors_info=\u00bb{}\u00bb]<\/p>\n<h2 style=\"text-align: center;\"><span style=\"color: #6c4796;\">CICLO PROFESIONAL B\u00c1SICO PELUQUER\u00cdA Y EST\u00c9TICA<\/span><\/h2>\n<p><span style=\"color: #da3739;\"><img loading=\"lazy\" decoding=\"async\" class=\"wp-image-5720 alignnone size-full\" style=\"display: block; margin-left: auto; margin-right: auto;\" src=\"https:\/\/laudiobhi.eus\/wp-content\/uploads\/2022\/06\/IleApaindegiEtaEstetika.jpg\" alt=\"TecnicoSuperiorAcondicionamientoFisico\" width=\"1177\" height=\"1000\" \/><\/span> \u00a0<\/p>\n<p>[\/et_pb_text][et_pb_text _builder_version=\u00bb4.17.4&#8243; _module_preset=\u00bbdefault\u00bb global_colors_info=\u00bb{}\u00bb]<\/p>\n<h2 class=\"azul pad0L pad0R\">PROFESIONAL B\u00c1SICO EN PELUQUER\u00cdA Y EST\u00c9TICA<\/h2>\n<h3><strong>REQUISITOS DE ACCESO:<\/strong><\/h3>\n<p>El acceso a los ciclos de Formaci\u00f3n Profesional B\u00e1sica requerir\u00e1 el cumplimiento simult\u00e1neo de las siguientes condiciones:<br \/>\u2022 Tener cumplidos quince a\u00f1os, o cumplirlos durante el a\u00f1o natural en curso, y no superar los diecisiete a\u00f1os de edad en el momento del acceso o durante el a\u00f1o natural en curso.<br \/>\u2022 Haber cursado el primer ciclo de Educaci\u00f3n Secundaria Obligatoria o, excepcionalmente, haber cursado el segundo curso de la Educaci\u00f3n Secundaria Obligatoria.<br \/>\u2022 Haber propuesto el equipo docente a los padres, madres o tutores y tutoras legales la incorporaci\u00f3n del alumno o alumna a un ciclo de Formaci\u00f3n Profesional B\u00e1sica.<\/p>\n<h3><strong>DURACI\u00d3N DEL ESTUDIO:<\/strong><\/h3>\n<p>2.000 horas<\/p>\n<h3><strong>\u00bfQU\u00c9 VOY A APRENDER Y HACER?<\/strong><\/h3>\n<p>\u2022 Recepcionar productos de est\u00e9tica y peluquer\u00eda almacen\u00e1ndolos en condiciones de seguridad.<br \/>\u2022 Preparar los equipos, \u00fatiles y zona de trabajo dej\u00e1ndolos en condiciones de uso e higiene.<br \/>\u2022 Acomodar y proteger al cliente en funci\u00f3n de la t\u00e9cnica a realizar garantizando las condiciones de higiene y seguridad.<br \/>\u2022 Aplicar las t\u00e9cnicas b\u00e1sicas de embellecimiento de u\u00f1as de manos y pies, para mejorar su aspecto.<br \/>\u2022 Aplicar las t\u00e9cnicas de depilaci\u00f3n del vello, asesorando al cliente sobre los cuidados anteriores y posteriores.<br \/>\u2022 Decolorar el vello, controlando el tiempo de exposici\u00f3n de los productos.<br \/>\u2022 Realizar maquillaje social y de fantas\u00eda facial, adapt\u00e1ndolos a las necesidades del cliente.<br \/>\u2022 Lavar y acondicionar el cabello y cuero cabelludo en funci\u00f3n del servicio a prestar.<br \/>\u2022 Iniciar el peinado para cambios de forma temporales en el cabello.<br \/>\u2022 Efectuar cambios de forma permanente, realizando el montaje y aplicando los cosm\u00e9ticos necesarios.<br \/>\u2022 Cambiar el color del cabello, aplicando los cosm\u00e9ticos y controlando el tiempo de exposici\u00f3n establecido.<br \/>\u2022 Aplicar las t\u00e9cnicas b\u00e1sicas de embellecimiento de u\u00f1as de manos y pies para mejorar su aspecto..<br \/>\u2022 Realizar las tareas de su responsabilidad tanto individualmente como en equipo, con autonom\u00eda e iniciativa, adapt\u00e1ndose a las situaciones producidas por cambios tecnol\u00f3gicos u organizativos.<br \/>\u2022 Adquirir h\u00e1bitos de responsabilidad y autonom\u00eda basados en la pr\u00e1ctica de valores, favoreciendo las relaciones interpersonales y profesionales, trabajando en equipo y generando un ambiente favorable de convivencia que permita integrarse en los distintos \u00e1mbitos de la sociedad.<br \/>\u2022 Desarrollar h\u00e1bitos y valores acordes con la conservaci\u00f3n y sostenibilidad del patrimonio natural, analizando la interacci\u00f3n entre las sociedades humanas y el medio natural y valorando las consecuencias que se derivan de la acci\u00f3n humana sobre el medio.<br \/>\u2022 Valorar las diferentes manifestaciones art\u00edsticas y culturales de forma fundamentada utiliz\u00e1ndolas como fuente de enriquecimiento personal y social y desarrollando actitudes est\u00e9ticas y sensibles hacia la diversidad cultural y el patrimonio art\u00edstico.<br \/>\u2022 Comunicarse en diferentes situaciones laborales o sociales utilizando recursos ling\u00fc\u00edsticos con precisi\u00f3n y claridad, teniendo en cuenta el contexto y utilizando formas orales y escritas b\u00e1sicas tanto de la propia lengua como de alguna lengua extranjera.<br \/>\u2022 Resolver problemas predecibles relacionados con su entorno social y productivo utilizando los elementos proporcionados por las ciencias aplicadas y sociales y respetando la diversidad de opiniones como fuente de enriquecimiento en la toma de decisiones.<br \/>\u2022 Ejercer de manera activa y responsable los derechos y deberes derivados tanto de su actividad profesional como de su condici\u00f3n de ciudadano,<\/p>\n<p>Estas ense\u00f1anzas incluyen los conocimientos necesarios para llevar a cabo las actividades de nivel b\u00e1sico de prevenci\u00f3n de riesgos laborales.<\/p>\n<h3><strong>AL FINALIZAR MIS ESTUDIOS, \u00bfQU\u00c9 PUEDO HACER?<\/strong><\/h3>\n<p><strong>Trabajar como:<br \/><\/strong>\u2022 Auxiliar de peluquer\u00eda.<br \/>\u2022 Ayudante de manicura y pedicura.<br \/>\u2022 Ayudante de maquillaje.<br \/>\u2022 Auxiliar de depilaci\u00f3n.<\/p>\n<p><strong>Seguir estudiando:<\/strong><br \/>\u2022 Un ciclo formativo de grado medio (Este t\u00edtulo tendr\u00e1 preferencia para la admisi\u00f3n a todos los t\u00edtulos de grado medio de la familia profesional de Imagen Personal, Hosteler\u00eda y Turismo e Industrias Alimentarias)<\/p>\n<h3><strong>\u00bfCU\u00c1LES SON LAS SALIDAS PROFESIONALES?<\/strong><\/h3>\n<p>Este profesional ejerce generalmente su actividad por cuenta ajena en peluquer\u00edas y salones de belleza, as\u00ed como en salas de peluquer\u00eda y\/o est\u00e9tica, gimnasios o centros de belleza de hoteles, residencias de personas mayores, hospitales y balnearios, supervisado por los t\u00e9cnicos responsables. Tambi\u00e9n puede realizar de forma aut\u00f3noma servicios b\u00e1sicos de peluquer\u00eda, manicura y pedicura, depilaci\u00f3n y maquillaje.<\/p>\n<h3><strong>\u00bfCU\u00c1LES SON LAS PROFESIONES REGULADAS A LAS QUE SE ACCEDE CON ESTE T\u00cdTULO?<\/strong><\/h3>\n<p>No hay profesiones reguladas a las que se acceda directamente mediante este t\u00edtulo.<\/p>\n<h3><strong>PLAN DE FORMACI\u00d3N:<\/strong><\/h3>\n<p>Los m\u00f3dulos de este ciclo formativo son los siguientes:<br \/>\u2022 Preparaci\u00f3n del entorno profesional. (99h)<br \/>\u2022 Cuidados est\u00e9ticos b\u00e1sicos de u\u00f1as. (99h)<br \/>\u2022 Depilaci\u00f3n mec\u00e1nica y decoloraci\u00f3n del vello superfluo. (96h)<br \/>\u2022 Maquillaje. (132h)<br \/>\u2022 Lavado y cambios de forma del cabello. (165h)<br \/>\u2022 Cambio de color del cabello. (132h)<br \/>\u2022 Atenci\u00f3n al cliente.(48h)<br \/>\u2022 Ciencias aplicadas I. (165h)<br \/>\u2022 Ciencias aplicadas II. (144h)<br \/>\u2022 Comunicaci\u00f3n y sociedad I. (165h)<br \/>\u2022 Comunicaci\u00f3n y sociedad II. (168h)<br \/>\u2022 Formaci\u00f3n y orientaci\u00f3n laboral. (53h)<br \/>\u2022 Formaci\u00f3n en centros de trabajo. (260h)<br \/>\u2022 Tutor\u00eda y orientaci\u00f3n I. (33h)<br \/>\u2022 Tutor\u00eda y orientaci\u00f3n II. (25h)<\/p>\n<p>Opci\u00f3n Peluquer\u00eda:<br \/>\u2022 Iniciaci\u00f3n a los procesos de cambio de imagen. (120h)<br \/>\u2022 Corte b\u00e1sico del cabello. (96h)<\/p>\n<p>Opci\u00f3n Est\u00e9tica:<br \/>\u2022 Higiene e hidrataci\u00f3n facial y corporal b\u00e1sica. (120h)<br \/>\u2022 Maquillaje personalizado. (96h)<\/p>\n<p>[\/et_pb_text][\/et_pb_column][\/et_pb_row][\/et_pb_section]<\/p>\n","protected":false},"excerpt":{"rendered":"<p>GU\u00cdA FORMACI\u00d3N PROFESIONAL CURSO 24-25CICLOS FORMATIVOS DE ACTIVIDADES DE EST\u00c9TICA Y PELUQUER\u00cdA IES LAUDIO BHI Informaci\u00f3n sobre los ciclos formativos que ofertamos en IES Laudio BHIEST\u00c9TICACICLO GRADO MEDIO &nbsp;T\u00c9CNICO EN EST\u00c9TICA Y BELLEZA REQUISITOS DE ACCESO: El acceso a los ciclos o m\u00f3dulos de\u00a0Grado Medio\u00a0requiere el cumplimiento de\u00a0al menos una\u00a0de las siguientes condiciones:\u2022 Estar en [&hellip;]<\/p>\n","protected":false},"author":1,"featured_media":0,"parent":0,"menu_order":0,"comment_status":"closed","ping_status":"closed","template":"","meta":{"_et_pb_use_builder":"on","_et_pb_old_content":"","_et_gb_content_width":"","_mc_calendar":[],"footnotes":""},"class_list":["post-1318","page","type-page","status-publish","hentry"],"yoast_head":"<!-- This site is optimized with the Yoast SEO plugin v27.1.1 - https:\/\/yoast.com\/product\/yoast-seo-wordpress\/ -->\n<title>FORMACI\u00d3N PROFESIONAL | laudioinstitutua<\/title>\n<meta name=\"robots\" content=\"index, follow, max-snippet:-1, max-image-preview:large, max-video-preview:-1\" \/>\n<link rel=\"canonical\" href=\"https:\/\/laudiobhi.eus\/es\/formacion-profesional\/\" \/>\n<meta property=\"og:locale\" content=\"es_ES\" \/>\n<meta property=\"og:type\" content=\"article\" \/>\n<meta property=\"og:title\" content=\"FORMACI\u00d3N PROFESIONAL | laudioinstitutua\" \/>\n<meta property=\"og:description\" content=\"GU\u00cdA FORMACI\u00d3N PROFESIONAL CURSO 24-25CICLOS FORMATIVOS DE ACTIVIDADES DE EST\u00c9TICA Y PELUQUER\u00cdA IES LAUDIO BHI Informaci\u00f3n sobre los ciclos formativos que ofertamos en IES Laudio BHIEST\u00c9TICACICLO GRADO MEDIO &nbsp;T\u00c9CNICO EN EST\u00c9TICA Y BELLEZA REQUISITOS DE ACCESO: El acceso a los ciclos o m\u00f3dulos de\u00a0Grado Medio\u00a0requiere el cumplimiento de\u00a0al menos una\u00a0de las siguientes condiciones:\u2022 Estar en [&hellip;]\" \/>\n<meta property=\"og:url\" content=\"https:\/\/laudiobhi.eus\/es\/formacion-profesional\/\" \/>\n<meta property=\"og:site_name\" content=\"laudioinstitutua\" \/>\n<meta property=\"article:modified_time\" content=\"2026-03-16T10:18:02+00:00\" \/>\n<meta property=\"og:image\" content=\"https:\/\/laudiobhi.eus\/wp-content\/uploads\/2022\/06\/IleApaindegiEtaEstetika.jpg\" \/>\n<meta name=\"twitter:card\" content=\"summary_large_image\" \/>\n<meta name=\"twitter:label1\" content=\"Tiempo de lectura\" \/>\n\t<meta name=\"twitter:data1\" content=\"8 minutos\" \/>\n<script type=\"application\/ld+json\" class=\"yoast-schema-graph\">{\"@context\":\"https:\/\/schema.org\",\"@graph\":[{\"@type\":\"WebPage\",\"@id\":\"https:\/\/laudiobhi.eus\/es\/formacion-profesional\/\",\"url\":\"https:\/\/laudiobhi.eus\/es\/formacion-profesional\/\",\"name\":\"FORMACI\u00d3N PROFESIONAL | laudioinstitutua\",\"isPartOf\":{\"@id\":\"https:\/\/laudiobhi.eus\/es\/#website\"},\"primaryImageOfPage\":{\"@id\":\"https:\/\/laudiobhi.eus\/es\/formacion-profesional\/#primaryimage\"},\"image\":{\"@id\":\"https:\/\/laudiobhi.eus\/es\/formacion-profesional\/#primaryimage\"},\"thumbnailUrl\":\"https:\/\/laudiobhi.eus\/wp-content\/uploads\/2022\/06\/IleApaindegiEtaEstetika.jpg\",\"datePublished\":\"2022-06-22T11:06:39+00:00\",\"dateModified\":\"2026-03-16T10:18:02+00:00\",\"breadcrumb\":{\"@id\":\"https:\/\/laudiobhi.eus\/es\/formacion-profesional\/#breadcrumb\"},\"inLanguage\":\"es\",\"potentialAction\":[{\"@type\":\"ReadAction\",\"target\":[\"https:\/\/laudiobhi.eus\/es\/formacion-profesional\/\"]}]},{\"@type\":\"ImageObject\",\"inLanguage\":\"es\",\"@id\":\"https:\/\/laudiobhi.eus\/es\/formacion-profesional\/#primaryimage\",\"url\":\"https:\/\/laudiobhi.eus\/wp-content\/uploads\/2022\/06\/IleApaindegiEtaEstetika.jpg\",\"contentUrl\":\"https:\/\/laudiobhi.eus\/wp-content\/uploads\/2022\/06\/IleApaindegiEtaEstetika.jpg\"},{\"@type\":\"BreadcrumbList\",\"@id\":\"https:\/\/laudiobhi.eus\/es\/formacion-profesional\/#breadcrumb\",\"itemListElement\":[{\"@type\":\"ListItem\",\"position\":1,\"name\":\"Home\",\"item\":\"https:\/\/laudiobhi.eus\/es\/\"},{\"@type\":\"ListItem\",\"position\":2,\"name\":\"FORMACI\u00d3N PROFESIONAL\"}]},{\"@type\":\"WebSite\",\"@id\":\"https:\/\/laudiobhi.eus\/es\/#website\",\"url\":\"https:\/\/laudiobhi.eus\/es\/\",\"name\":\"laudioinstitutua\",\"description\":\"IES LAUDIO BHI \u00b7 Institutua\",\"potentialAction\":[{\"@type\":\"SearchAction\",\"target\":{\"@type\":\"EntryPoint\",\"urlTemplate\":\"https:\/\/laudiobhi.eus\/es\/?s={search_term_string}\"},\"query-input\":{\"@type\":\"PropertyValueSpecification\",\"valueRequired\":true,\"valueName\":\"search_term_string\"}}],\"inLanguage\":\"es\"}]}<\/script>\n<!-- \/ Yoast SEO plugin. -->","yoast_head_json":{"title":"FORMACI\u00d3N PROFESIONAL | laudioinstitutua","robots":{"index":"index","follow":"follow","max-snippet":"max-snippet:-1","max-image-preview":"max-image-preview:large","max-video-preview":"max-video-preview:-1"},"canonical":"https:\/\/laudiobhi.eus\/es\/formacion-profesional\/","og_locale":"es_ES","og_type":"article","og_title":"FORMACI\u00d3N PROFESIONAL | laudioinstitutua","og_description":"GU\u00cdA FORMACI\u00d3N PROFESIONAL CURSO 24-25CICLOS FORMATIVOS DE ACTIVIDADES DE EST\u00c9TICA Y PELUQUER\u00cdA IES LAUDIO BHI Informaci\u00f3n sobre los ciclos formativos que ofertamos en IES Laudio BHIEST\u00c9TICACICLO GRADO MEDIO &nbsp;T\u00c9CNICO EN EST\u00c9TICA Y BELLEZA REQUISITOS DE ACCESO: El acceso a los ciclos o m\u00f3dulos de\u00a0Grado Medio\u00a0requiere el cumplimiento de\u00a0al menos una\u00a0de las siguientes condiciones:\u2022 Estar en [&hellip;]","og_url":"https:\/\/laudiobhi.eus\/es\/formacion-profesional\/","og_site_name":"laudioinstitutua","article_modified_time":"2026-03-16T10:18:02+00:00","og_image":[{"url":"https:\/\/laudiobhi.eus\/wp-content\/uploads\/2022\/06\/IleApaindegiEtaEstetika.jpg","type":"","width":"","height":""}],"twitter_card":"summary_large_image","twitter_misc":{"Tiempo de lectura":"8 minutos"},"schema":{"@context":"https:\/\/schema.org","@graph":[{"@type":"WebPage","@id":"https:\/\/laudiobhi.eus\/es\/formacion-profesional\/","url":"https:\/\/laudiobhi.eus\/es\/formacion-profesional\/","name":"FORMACI\u00d3N PROFESIONAL | laudioinstitutua","isPartOf":{"@id":"https:\/\/laudiobhi.eus\/es\/#website"},"primaryImageOfPage":{"@id":"https:\/\/laudiobhi.eus\/es\/formacion-profesional\/#primaryimage"},"image":{"@id":"https:\/\/laudiobhi.eus\/es\/formacion-profesional\/#primaryimage"},"thumbnailUrl":"https:\/\/laudiobhi.eus\/wp-content\/uploads\/2022\/06\/IleApaindegiEtaEstetika.jpg","datePublished":"2022-06-22T11:06:39+00:00","dateModified":"2026-03-16T10:18:02+00:00","breadcrumb":{"@id":"https:\/\/laudiobhi.eus\/es\/formacion-profesional\/#breadcrumb"},"inLanguage":"es","potentialAction":[{"@type":"ReadAction","target":["https:\/\/laudiobhi.eus\/es\/formacion-profesional\/"]}]},{"@type":"ImageObject","inLanguage":"es","@id":"https:\/\/laudiobhi.eus\/es\/formacion-profesional\/#primaryimage","url":"https:\/\/laudiobhi.eus\/wp-content\/uploads\/2022\/06\/IleApaindegiEtaEstetika.jpg","contentUrl":"https:\/\/laudiobhi.eus\/wp-content\/uploads\/2022\/06\/IleApaindegiEtaEstetika.jpg"},{"@type":"BreadcrumbList","@id":"https:\/\/laudiobhi.eus\/es\/formacion-profesional\/#breadcrumb","itemListElement":[{"@type":"ListItem","position":1,"name":"Home","item":"https:\/\/laudiobhi.eus\/es\/"},{"@type":"ListItem","position":2,"name":"FORMACI\u00d3N PROFESIONAL"}]},{"@type":"WebSite","@id":"https:\/\/laudiobhi.eus\/es\/#website","url":"https:\/\/laudiobhi.eus\/es\/","name":"laudioinstitutua","description":"IES LAUDIO BHI \u00b7 Institutua","potentialAction":[{"@type":"SearchAction","target":{"@type":"EntryPoint","urlTemplate":"https:\/\/laudiobhi.eus\/es\/?s={search_term_string}"},"query-input":{"@type":"PropertyValueSpecification","valueRequired":true,"valueName":"search_term_string"}}],"inLanguage":"es"}]}},"_links":{"self":[{"href":"https:\/\/laudiobhi.eus\/es\/wp-json\/wp\/v2\/pages\/1318","targetHints":{"allow":["GET"]}}],"collection":[{"href":"https:\/\/laudiobhi.eus\/es\/wp-json\/wp\/v2\/pages"}],"about":[{"href":"https:\/\/laudiobhi.eus\/es\/wp-json\/wp\/v2\/types\/page"}],"author":[{"embeddable":true,"href":"https:\/\/laudiobhi.eus\/es\/wp-json\/wp\/v2\/users\/1"}],"replies":[{"embeddable":true,"href":"https:\/\/laudiobhi.eus\/es\/wp-json\/wp\/v2\/comments?post=1318"}],"version-history":[{"count":28,"href":"https:\/\/laudiobhi.eus\/es\/wp-json\/wp\/v2\/pages\/1318\/revisions"}],"predecessor-version":[{"id":10703,"href":"https:\/\/laudiobhi.eus\/es\/wp-json\/wp\/v2\/pages\/1318\/revisions\/10703"}],"wp:attachment":[{"href":"https:\/\/laudiobhi.eus\/es\/wp-json\/wp\/v2\/media?parent=1318"}],"curies":[{"name":"wp","href":"https:\/\/api.w.org\/{rel}","templated":true}]}}